{"id":13028,"date":"2022-03-30T22:52:42","date_gmt":"2022-03-30T20:52:42","guid":{"rendered":"https:\/\/meaningfultalks.eu\/dev\/?page_id=5525"},"modified":"2022-12-10T03:49:04","modified_gmt":"2022-12-10T01:49:04","slug":"blogi","status":"publish","type":"page","link":"https:\/\/meaningfultalks.eu\/en\/blogi\/","title":{"rendered":"BLOGI"},"content":{"rendered":"<div data-elementor-type=\"wp-page\" data-elementor-id=\"13028\" class=\"elementor elementor-13028\" data-elementor-settings=\"{&quot;ha_cmc_init_switcher&quot;:&quot;no&quot;}\" data-elementor-post-type=\"page\">\n\t\t\t\t\t\t<section class=\"elementor-section elementor-top-section elementor-element elementor-element-6aea35a1 elementor-section-boxed elementor-section-height-default elementor-section-height-default\" data-id=\"6aea35a1\" data-element_type=\"section\" data-settings=\"{&quot;_ha_eqh_enable&quot;:false}\">\n\t\t\t\t\t\t<div class=\"elementor-container elementor-column-gap-default\">\n\t\t\t\t\t<div class=\"elementor-column elementor-col-100 elementor-top-column elementor-element elementor-element-33bb7505\" data-id=\"33bb7505\" data-element_type=\"column\">\n\t\t\t<div class=\"elementor-widget-wrap elementor-element-populated\">\n\t\t\t\t\t\t<div class=\"elementor-element elementor-element-47ae91be elementor-widget elementor-widget-spacer\" data-id=\"47ae91be\" data-element_type=\"widget\" data-widget_type=\"spacer.default\">\n\t\t\t\t<div class=\"elementor-widget-container\">\n\t\t\t\t\t\t\t<div class=\"elementor-spacer\">\n\t\t\t<div class=\"elementor-spacer-inner\"><\/div>\n\t\t<\/div>\n\t\t\t\t\t\t<\/div>\n\t\t\t\t<\/div>\n\t\t\t\t<div class=\"elementor-element elementor-element-34025d4 elementor-widget elementor-widget-heading\" data-id=\"34025d4\" data-element_type=\"widget\" data-widget_type=\"heading.default\">\n\t\t\t\t<div class=\"elementor-widget-container\">\n\t\t\t\t\t<h2 class=\"elementor-heading-title elementor-size-default\">MEEDIAKAJASTUSED ja blogi<\/h2>\t\t\t\t<\/div>\n\t\t\t\t<\/div>\n\t\t\t\t<div class=\"elementor-element elementor-element-35dfbf1a elementor-widget elementor-widget-text-editor\" data-id=\"35dfbf1a\" data-element_type=\"widget\" data-widget_type=\"text-editor.default\">\n\t\t\t\t<div class=\"elementor-widget-container\">\n\t\t\t\t\t\t\t\t\t<p class=\"brz-fw-xs-im-700 brz-fw-sm-im-700 brz-fw-lg-400 brz-ft-upload brz-ff-nzjhvdvmgeouayrqcsqlskxnjypqwlnluave brz-ls-xs-im-m_1 brz-ls-sm-im-m_1 brz-ls-lg-m_1_5 brz-fs-xs-im-28 brz-fs-sm-im-30 brz-fs-lg-36 brz-lh-xs-im-1_3 brz-lh-sm-im-1_2 brz-lh-lg-1_3 brz-text-xs-center brz-text-sm-center\"><span class=\"brz-cp-color2\">Siit leiad p\u00f5nevad kogemuslood ja teemakohased artiklid.<\/span><\/p>\t\t\t\t\t\t\t\t<\/div>\n\t\t\t\t<\/div>\n\t\t\t\t<div class=\"elementor-element elementor-element-64488827 elementor-widget elementor-widget-spacer\" data-id=\"64488827\" data-element_type=\"widget\" data-widget_type=\"spacer.default\">\n\t\t\t\t<div class=\"elementor-widget-container\">\n\t\t\t\t\t\t\t<div class=\"elementor-spacer\">\n\t\t\t<div class=\"elementor-spacer-inner\"><\/div>\n\t\t<\/div>\n\t\t\t\t\t\t<\/div>\n\t\t\t\t<\/div>\n\t\t\t\t<div class=\"elementor-element elementor-element-454f694d elementor-grid-3 elementor-grid-tablet-2 elementor-grid-mobile-1 elementor-posts--thumbnail-top elementor-posts--show-avatar elementor-card-shadow-yes elementor-posts__hover-gradient elementor-widget elementor-widget-posts\" data-id=\"454f694d\" data-element_type=\"widget\" data-settings=\"{&quot;cards_masonry&quot;:&quot;yes&quot;,&quot;cards_columns&quot;:&quot;3&quot;,&quot;cards_columns_tablet&quot;:&quot;2&quot;,&quot;cards_columns_mobile&quot;:&quot;1&quot;,&quot;cards_row_gap&quot;:{&quot;unit&quot;:&quot;px&quot;,&quot;size&quot;:35,&quot;sizes&quot;:[]},&quot;cards_row_gap_tablet&quot;:{&quot;unit&quot;:&quot;px&quot;,&quot;size&quot;:&quot;&quot;,&quot;sizes&quot;:[]},&quot;cards_row_gap_mobile&quot;:{&quot;unit&quot;:&quot;px&quot;,&quot;size&quot;:&quot;&quot;,&quot;sizes&quot;:[]}}\" data-widget_type=\"posts.cards\">\n\t\t\t\t<div class=\"elementor-widget-container\">\n\t\t\t\t\t\t\t<div class=\"elementor-posts-container elementor-posts elementor-posts--skin-cards elementor-grid\" role=\"list\">\n\t\t\t\t<article class=\"elementor-post elementor-grid-item post-13018 post type-post status-publish format-standard has-post-thumbnail hentry category-meediakajastus\" role=\"listitem\">\n\t\t\t<div class=\"elementor-post__card\">\n\t\t\t\t<a class=\"elementor-post__thumbnail__link\" href=\"https:\/\/meaningfultalks.eu\/en\/onneliku-pereelu-nimel\/\" tabindex=\"-1\" ><div class=\"elementor-post__thumbnail\"><img decoding=\"async\" width=\"250\" height=\"181\" src=\"https:\/\/meaningfultalks.eu\/wp-content\/uploads\/brizy\/3172\/assets\/images\/463f6d0f81d8e57cebe66f357799a9d5.jpg\" class=\"attachment-medium size-medium wp-image-3556\" alt=\"\" srcset=\"https:\/\/meaningfultalks.eu\/wp-content\/uploads\/brizy\/3172\/assets\/images\/463f6d0f81d8e57cebe66f357799a9d5.jpg 250w, https:\/\/meaningfultalks.eu\/wp-content\/uploads\/brizy\/3172\/assets\/images\/463f6d0f81d8e57cebe66f357799a9d5-16x12.jpg 16w\" sizes=\"(max-width: 250px) 100vw, 250px\" \/><\/div><\/a>\n\t\t\t\t<div class=\"elementor-post__badge\">Meediakajastus<\/div>\n\t\t\t\t<div class=\"elementor-post__avatar\">\n\t\t\t<img alt='Lilian' src='https:\/\/secure.gravatar.com\/avatar\/a3807e0ad86b541c55089dccf2503faa086c7da0bdc2ddbdb828d1ff0ba4f5f0?s=128&#038;d=blank&#038;r=g' srcset='https:\/\/secure.gravatar.com\/avatar\/a3807e0ad86b541c55089dccf2503faa086c7da0bdc2ddbdb828d1ff0ba4f5f0?s=256&#038;d=blank&#038;r=g 2x' class='avatar avatar-128 photo' height='128' width='128' \/>\t\t<\/div>\n\t\t\t\t<div class=\"elementor-post__text\">\n\t\t\t\t<h3 class=\"elementor-post__title\">\n\t\t\t<a href=\"https:\/\/meaningfultalks.eu\/en\/onneliku-pereelu-nimel\/\" >\n\t\t\t\t\u00d5nneliku pereelu nimel!\t\t\t<\/a>\n\t\t<\/h3>\n\t\t\t\t<div class=\"elementor-post__excerpt\">\n\t\t\t<p>Head moodused maandamaks iseenda ja lapse pingeid ajal, kui juheon t\u00e4iesti koos \u2013 24.12.21 Naistekas\/Delfi<\/p>\n\t\t<\/div>\n\t\t\n\t\t<a class=\"elementor-post__read-more\" href=\"https:\/\/meaningfultalks.eu\/en\/onneliku-pereelu-nimel\/\" aria-label=\"Read more about \u00d5nneliku pereelu nimel!\" tabindex=\"-1\" >\n\t\t\tLoe edasi\t\t<\/a>\n\n\t\t\t\t<\/div>\n\t\t\t\t\t<\/div>\n\t\t<\/article>\n\t\t\t\t<article class=\"elementor-post elementor-grid-item post-13020 post type-post status-publish format-standard has-post-thumbnail hentry category-meediakajastus\" role=\"listitem\">\n\t\t\t<div class=\"elementor-post__card\">\n\t\t\t\t<a class=\"elementor-post__thumbnail__link\" href=\"https:\/\/meaningfultalks.eu\/en\/13-ja-14-aastased-lapsed-raagivad-mis-on-usaldus-hoolimine-ja-ausus\/\" tabindex=\"-1\" ><div class=\"elementor-post__thumbnail\"><img fetchpriority=\"high\" decoding=\"async\" width=\"300\" height=\"200\" src=\"https:\/\/meaningfultalks.eu\/wp-content\/uploads\/2021\/05\/Phone_2-300x200.jpg\" class=\"attachment-medium size-medium wp-image-6529\" alt=\"\" srcset=\"https:\/\/meaningfultalks.eu\/wp-content\/uploads\/2021\/05\/Phone_2-300x200.jpg 300w, https:\/\/meaningfultalks.eu\/wp-content\/uploads\/2021\/05\/Phone_2-600x400.jpg 600w, https:\/\/meaningfultalks.eu\/wp-content\/uploads\/2021\/05\/Phone_2-1024x683.jpg 1024w, https:\/\/meaningfultalks.eu\/wp-content\/uploads\/2021\/05\/Phone_2-768x512.jpg 768w, https:\/\/meaningfultalks.eu\/wp-content\/uploads\/2021\/05\/Phone_2-1536x1024.jpg 1536w, https:\/\/meaningfultalks.eu\/wp-content\/uploads\/2021\/05\/Phone_2-2048x1365.jpg 2048w, https:\/\/meaningfultalks.eu\/wp-content\/uploads\/2021\/05\/Phone_2-16x12.jpg 16w, https:\/\/meaningfultalks.eu\/wp-content\/uploads\/2021\/05\/Phone_2-610x407.jpg 610w\" sizes=\"(max-width: 300px) 100vw, 300px\" \/><\/div><\/a>\n\t\t\t\t<div class=\"elementor-post__badge\">Meediakajastus<\/div>\n\t\t\t\t<div class=\"elementor-post__avatar\">\n\t\t\t<img alt='Lilian' src='https:\/\/secure.gravatar.com\/avatar\/a3807e0ad86b541c55089dccf2503faa086c7da0bdc2ddbdb828d1ff0ba4f5f0?s=128&#038;d=blank&#038;r=g' srcset='https:\/\/secure.gravatar.com\/avatar\/a3807e0ad86b541c55089dccf2503faa086c7da0bdc2ddbdb828d1ff0ba4f5f0?s=256&#038;d=blank&#038;r=g 2x' class='avatar avatar-128 photo' height='128' width='128' \/>\t\t<\/div>\n\t\t\t\t<div class=\"elementor-post__text\">\n\t\t\t\t<h3 class=\"elementor-post__title\">\n\t\t\t<a href=\"https:\/\/meaningfultalks.eu\/en\/13-ja-14-aastased-lapsed-raagivad-mis-on-usaldus-hoolimine-ja-ausus\/\" >\n\t\t\t\t13- ja 14-aastased lapsed r\u00e4\u00e4givad, mis on usaldus, hoolimine ja ausus\t\t\t<\/a>\n\t\t<\/h3>\n\t\t\t\t<div class=\"elementor-post__excerpt\">\n\t\t\t<p>Meaningful Talks suhtlusp\u00e4eviku \u00abMinu lapse hingeelu\u00bb autorid Lilian Promet ja Kristi J\u00f5eorg on toredate t\u00fctarde emad ja ettev\u00f5tjad ning nende eesm\u00e4rk on \u00fcmbritseva jaoks midagi \u00e4ra teha. 22.12.21 Raamatud\/Postimees<\/p>\n\t\t<\/div>\n\t\t\n\t\t<a class=\"elementor-post__read-more\" href=\"https:\/\/meaningfultalks.eu\/en\/13-ja-14-aastased-lapsed-raagivad-mis-on-usaldus-hoolimine-ja-ausus\/\" aria-label=\"Read more about 13- ja 14-aastased lapsed r\u00e4\u00e4givad, mis on usaldus, hoolimine ja ausus\" tabindex=\"-1\" >\n\t\t\tLoe edasi\t\t<\/a>\n\n\t\t\t\t<\/div>\n\t\t\t\t\t<\/div>\n\t\t<\/article>\n\t\t\t\t<article class=\"elementor-post elementor-grid-item post-6417 post type-post status-publish format-standard has-post-thumbnail hentry category-lapse-areng\" role=\"listitem\">\n\t\t\t<div class=\"elementor-post__card\">\n\t\t\t\t<a class=\"elementor-post__thumbnail__link\" href=\"https:\/\/meaningfultalks.eu\/en\/kuidas-lastega-kodus-olles-edukalt-tood-teha\/\" tabindex=\"-1\" ><div class=\"elementor-post__thumbnail\"><img decoding=\"async\" width=\"300\" height=\"200\" src=\"https:\/\/meaningfultalks.eu\/wp-content\/uploads\/2021\/05\/Lapsehoidja-300x200.jpg\" class=\"attachment-medium size-medium wp-image-6317\" alt=\"\" srcset=\"https:\/\/meaningfultalks.eu\/wp-content\/uploads\/2021\/05\/Lapsehoidja-300x200.jpg 300w, https:\/\/meaningfultalks.eu\/wp-content\/uploads\/2021\/05\/Lapsehoidja-600x400.jpg 600w, https:\/\/meaningfultalks.eu\/wp-content\/uploads\/2021\/05\/Lapsehoidja-1024x683.jpg 1024w, https:\/\/meaningfultalks.eu\/wp-content\/uploads\/2021\/05\/Lapsehoidja-768x512.jpg 768w, https:\/\/meaningfultalks.eu\/wp-content\/uploads\/2021\/05\/Lapsehoidja-1536x1024.jpg 1536w, https:\/\/meaningfultalks.eu\/wp-content\/uploads\/2021\/05\/Lapsehoidja-2048x1365.jpg 2048w, https:\/\/meaningfultalks.eu\/wp-content\/uploads\/2021\/05\/Lapsehoidja-16x12.jpg 16w, https:\/\/meaningfultalks.eu\/wp-content\/uploads\/2021\/05\/Lapsehoidja-610x407.jpg 610w\" sizes=\"(max-width: 300px) 100vw, 300px\" \/><\/div><\/a>\n\t\t\t\t<div class=\"elementor-post__badge\">Lapse areng<\/div>\n\t\t\t\t<div class=\"elementor-post__avatar\">\n\t\t\t<img alt='Lilian' src='https:\/\/secure.gravatar.com\/avatar\/a3807e0ad86b541c55089dccf2503faa086c7da0bdc2ddbdb828d1ff0ba4f5f0?s=128&#038;d=blank&#038;r=g' srcset='https:\/\/secure.gravatar.com\/avatar\/a3807e0ad86b541c55089dccf2503faa086c7da0bdc2ddbdb828d1ff0ba4f5f0?s=256&#038;d=blank&#038;r=g 2x' class='avatar avatar-128 photo' height='128' width='128' \/>\t\t<\/div>\n\t\t\t\t<div class=\"elementor-post__text\">\n\t\t\t\t<h3 class=\"elementor-post__title\">\n\t\t\t<a href=\"https:\/\/meaningfultalks.eu\/en\/kuidas-lastega-kodus-olles-edukalt-tood-teha\/\" >\n\t\t\t\tKuidas lastega kodus olles edukalt t\u00f6\u00f6d teha?\t\t\t<\/a>\n\t\t<\/h3>\n\t\t\t\t<div class=\"elementor-post__excerpt\">\n\t\t\t<p>KUIDAS LASTEGA KODUS OLLES EDUKALT T\u00d6\u00d6D TEHA? Koroonaviiruse levik sunnib k\u00f5ikjal lapsevanemaid kodus t\u00f6\u00f6tama. Kui kodus produktiivselt t\u00f6\u00f6tamine on sulle v\u00e4ljakutse, v\u00f5ivad abiks olla need nipid kodus t\u00e4iskohaga t\u00f6\u00f6tavatelt emadelt.<\/p>\n\t\t<\/div>\n\t\t\n\t\t<a class=\"elementor-post__read-more\" href=\"https:\/\/meaningfultalks.eu\/en\/kuidas-lastega-kodus-olles-edukalt-tood-teha\/\" aria-label=\"Read more about Kuidas lastega kodus olles edukalt t\u00f6\u00f6d teha?\" tabindex=\"-1\" >\n\t\t\tLoe edasi\t\t<\/a>\n\n\t\t\t\t<\/div>\n\t\t\t\t\t<\/div>\n\t\t<\/article>\n\t\t\t\t<article class=\"elementor-post elementor-grid-item post-6316 post type-post status-publish format-standard has-post-thumbnail hentry category-lapse-areng\" role=\"listitem\">\n\t\t\t<div class=\"elementor-post__card\">\n\t\t\t\t<a class=\"elementor-post__thumbnail__link\" href=\"https:\/\/meaningfultalks.eu\/en\/17-strateegiat-kuidas-lastega-koos-kodus-olles-tood-teha\/\" tabindex=\"-1\" ><div class=\"elementor-post__thumbnail\"><img loading=\"lazy\" decoding=\"async\" width=\"300\" height=\"200\" src=\"https:\/\/meaningfultalks.eu\/wp-content\/uploads\/2021\/05\/Work-from-home-300x200.jpg\" class=\"attachment-medium size-medium wp-image-6319\" alt=\"\" srcset=\"https:\/\/meaningfultalks.eu\/wp-content\/uploads\/2021\/05\/Work-from-home-300x200.jpg 300w, https:\/\/meaningfultalks.eu\/wp-content\/uploads\/2021\/05\/Work-from-home-600x400.jpg 600w, https:\/\/meaningfultalks.eu\/wp-content\/uploads\/2021\/05\/Work-from-home-1024x683.jpg 1024w, https:\/\/meaningfultalks.eu\/wp-content\/uploads\/2021\/05\/Work-from-home-768x512.jpg 768w, https:\/\/meaningfultalks.eu\/wp-content\/uploads\/2021\/05\/Work-from-home-1536x1024.jpg 1536w, https:\/\/meaningfultalks.eu\/wp-content\/uploads\/2021\/05\/Work-from-home-2048x1365.jpg 2048w, https:\/\/meaningfultalks.eu\/wp-content\/uploads\/2021\/05\/Work-from-home-16x12.jpg 16w, https:\/\/meaningfultalks.eu\/wp-content\/uploads\/2021\/05\/Work-from-home-610x407.jpg 610w\" sizes=\"(max-width: 300px) 100vw, 300px\" \/><\/div><\/a>\n\t\t\t\t<div class=\"elementor-post__badge\">Lapse areng<\/div>\n\t\t\t\t<div class=\"elementor-post__avatar\">\n\t\t\t<img alt='Lilian' src='https:\/\/secure.gravatar.com\/avatar\/a3807e0ad86b541c55089dccf2503faa086c7da0bdc2ddbdb828d1ff0ba4f5f0?s=128&#038;d=blank&#038;r=g' srcset='https:\/\/secure.gravatar.com\/avatar\/a3807e0ad86b541c55089dccf2503faa086c7da0bdc2ddbdb828d1ff0ba4f5f0?s=256&#038;d=blank&#038;r=g 2x' class='avatar avatar-128 photo' height='128' width='128' \/>\t\t<\/div>\n\t\t\t\t<div class=\"elementor-post__text\">\n\t\t\t\t<h3 class=\"elementor-post__title\">\n\t\t\t<a href=\"https:\/\/meaningfultalks.eu\/en\/17-strateegiat-kuidas-lastega-koos-kodus-olles-tood-teha\/\" >\n\t\t\t\t17 strateegiat, kuidas lastega koos kodus olles t\u00f6\u00f6d teha\t\t\t<\/a>\n\t\t<\/h3>\n\t\t\t\t<div class=\"elementor-post__excerpt\">\n\t\t\t<p>17 STRATEEGIAT, KUIDAS LASTEGA KOOS KODUS OLLES T\u00d6\u00d6D TEHA Kui varem ehk arvasid, et v\u00e4ikeste lastega kodus olemine ja t\u00f6\u00f6tamine on parem kui iga p\u00e4ev kontorisse s\u00f5itmine, siis oled praeguseks<\/p>\n\t\t<\/div>\n\t\t\n\t\t<a class=\"elementor-post__read-more\" href=\"https:\/\/meaningfultalks.eu\/en\/17-strateegiat-kuidas-lastega-koos-kodus-olles-tood-teha\/\" aria-label=\"Read more about 17 strateegiat, kuidas lastega koos kodus olles t\u00f6\u00f6d teha\" tabindex=\"-1\" >\n\t\t\tLoe edasi\t\t<\/a>\n\n\t\t\t\t<\/div>\n\t\t\t\t\t<\/div>\n\t\t<\/article>\n\t\t\t\t<article class=\"elementor-post elementor-grid-item post-1 post type-post status-publish format-standard has-post-thumbnail hentry category-lapse-areng tag-veebikonverents\" role=\"listitem\">\n\t\t\t<div class=\"elementor-post__card\">\n\t\t\t\t<a class=\"elementor-post__thumbnail__link\" href=\"https:\/\/meaningfultalks.eu\/en\/kiindumusteooria\/\" tabindex=\"-1\" ><div class=\"elementor-post__thumbnail\"><img loading=\"lazy\" decoding=\"async\" width=\"300\" height=\"200\" src=\"https:\/\/meaningfultalks.eu\/wp-content\/uploads\/2021\/03\/DSC_3408-300x200.jpg\" class=\"attachment-medium size-medium wp-image-5560\" alt=\"\" srcset=\"https:\/\/meaningfultalks.eu\/wp-content\/uploads\/2021\/03\/DSC_3408-300x200.jpg 300w, https:\/\/meaningfultalks.eu\/wp-content\/uploads\/2021\/03\/DSC_3408-600x399.jpg 600w, https:\/\/meaningfultalks.eu\/wp-content\/uploads\/2021\/03\/DSC_3408-1024x681.jpg 1024w, https:\/\/meaningfultalks.eu\/wp-content\/uploads\/2021\/03\/DSC_3408-768x511.jpg 768w, https:\/\/meaningfultalks.eu\/wp-content\/uploads\/2021\/03\/DSC_3408-1536x1022.jpg 1536w, https:\/\/meaningfultalks.eu\/wp-content\/uploads\/2021\/03\/DSC_3408-16x12.jpg 16w, https:\/\/meaningfultalks.eu\/wp-content\/uploads\/2021\/03\/DSC_3408-610x406.jpg 610w, https:\/\/meaningfultalks.eu\/wp-content\/uploads\/2021\/03\/DSC_3408.jpg 1920w\" sizes=\"(max-width: 300px) 100vw, 300px\" \/><\/div><\/a>\n\t\t\t\t<div class=\"elementor-post__badge\">Lapse areng<\/div>\n\t\t\t\t<div class=\"elementor-post__avatar\">\n\t\t\t<img alt='Lilian' src='https:\/\/secure.gravatar.com\/avatar\/a3807e0ad86b541c55089dccf2503faa086c7da0bdc2ddbdb828d1ff0ba4f5f0?s=128&#038;d=blank&#038;r=g' srcset='https:\/\/secure.gravatar.com\/avatar\/a3807e0ad86b541c55089dccf2503faa086c7da0bdc2ddbdb828d1ff0ba4f5f0?s=256&#038;d=blank&#038;r=g 2x' class='avatar avatar-128 photo' height='128' width='128' \/>\t\t<\/div>\n\t\t\t\t<div class=\"elementor-post__text\">\n\t\t\t\t<h3 class=\"elementor-post__title\">\n\t\t\t<a href=\"https:\/\/meaningfultalks.eu\/en\/kiindumusteooria\/\" >\n\t\t\t\tKiindumusteooria\t\t\t<\/a>\n\t\t<\/h3>\n\t\t\t\t<div class=\"elementor-post__excerpt\">\n\t\t\t<p>KIINDUMUSTEOORIA Kiindumusteooria v\u00e4idab, et esimestel eluaastatel on meie arengu jaoks kriitiliselt oluline tugev emotsionaalne ja f\u00fc\u00fcsiline kontakt \u00fche esmase hooldajaga. Kui see kontakt on tugev ja meil on turvaline kiindumussuhe,<\/p>\n\t\t<\/div>\n\t\t\n\t\t<a class=\"elementor-post__read-more\" href=\"https:\/\/meaningfultalks.eu\/en\/kiindumusteooria\/\" aria-label=\"Read more about Kiindumusteooria\" tabindex=\"-1\" >\n\t\t\tLoe edasi\t\t<\/a>\n\n\t\t\t\t<\/div>\n\t\t\t\t\t<\/div>\n\t\t<\/article>\n\t\t\t\t<\/div>\n\t\t\n\t\t\t\t\t\t<\/div>\n\t\t\t\t<\/div>\n\t\t\t\t\t<\/div>\n\t\t<\/div>\n\t\t\t\t\t<\/div>\n\t\t<\/section>\n\t\t\t\t<\/div>","protected":false},"excerpt":{"rendered":"","protected":false},"author":1,"featured_media":0,"parent":0,"menu_order":0,"comment_status":"closed","ping_status":"closed","template":"","meta":{"_acf_changed":false,"content-type":"","advanced_seo_description":"","jetpack_seo_html_title":"","jetpack_seo_noindex":false,"footnotes":""},"class_list":["post-13028","page","type-page","status-publish","hentry"],"blocksy_meta":{"styles_descriptor":{"styles":{"desktop":"","tablet":"","mobile":""},"google_fonts":[],"version":6}},"acf":[],"jetpack_sharing_enabled":true,"_links":{"self":[{"href":"https:\/\/meaningfultalks.eu\/en\/wp-json\/wp\/v2\/pages\/13028","targetHints":{"allow":["GET"]}}],"collection":[{"href":"https:\/\/meaningfultalks.eu\/en\/wp-json\/wp\/v2\/pages"}],"about":[{"href":"https:\/\/meaningfultalks.eu\/en\/wp-json\/wp\/v2\/types\/page"}],"author":[{"embeddable":true,"href":"https:\/\/meaningfultalks.eu\/en\/wp-json\/wp\/v2\/users\/1"}],"replies":[{"embeddable":true,"href":"https:\/\/meaningfultalks.eu\/en\/wp-json\/wp\/v2\/comments?post=13028"}],"version-history":[{"count":1,"href":"https:\/\/meaningfultalks.eu\/en\/wp-json\/wp\/v2\/pages\/13028\/revisions"}],"predecessor-version":[{"id":17032,"href":"https:\/\/meaningfultalks.eu\/en\/wp-json\/wp\/v2\/pages\/13028\/revisions\/17032"}],"wp:attachment":[{"href":"https:\/\/meaningfultalks.eu\/en\/wp-json\/wp\/v2\/media?parent=13028"}],"curies":[{"name":"wp","href":"https:\/\/api.w.org\/{rel}","templated":true}]}}