{"id":14363,"date":"2022-11-24T02:05:05","date_gmt":"2022-11-24T00:05:05","guid":{"rendered":"https:\/\/meaningfultalks.eu\/dev\/?page_id=14363"},"modified":"2024-06-07T12:51:51","modified_gmt":"2024-06-07T10:51:51","slug":"ettevotjale","status":"publish","type":"page","link":"https:\/\/meaningfultalks.eu\/en\/ettevotjale\/","title":{"rendered":"Ettev\u00f5tjale"},"content":{"rendered":"<div data-elementor-type=\"wp-page\" data-elementor-id=\"14363\" class=\"elementor elementor-14363\" data-elementor-settings=\"{&quot;ha_cmc_init_switcher&quot;:&quot;no&quot;}\" data-elementor-post-type=\"page\">\n\t\t\t\t\t\t<section class=\"elementor-section elementor-top-section elementor-element elementor-element-ec7b22b elementor-section-boxed elementor-section-height-default elementor-section-height-default\" data-id=\"ec7b22b\" data-element_type=\"section\" data-settings=\"{&quot;_ha_eqh_enable&quot;:false}\">\n\t\t\t\t\t\t<div class=\"elementor-container elementor-column-gap-default\">\n\t\t\t\t\t<div class=\"elementor-column elementor-col-100 elementor-top-column elementor-element elementor-element-60c04f5\" data-id=\"60c04f5\" data-element_type=\"column\">\n\t\t\t<div class=\"elementor-widget-wrap elementor-element-populated\">\n\t\t\t\t\t\t<div class=\"elementor-element elementor-element-9f923e2 elementor-widget elementor-widget-heading\" data-id=\"9f923e2\" data-element_type=\"widget\" data-widget_type=\"heading.default\">\n\t\t\t\t<div class=\"elementor-widget-container\">\n\t\t\t\t\t<h1 class=\"elementor-heading-title elementor-size-default\">T\u00d6\u00d6TUBA<\/h1>\t\t\t\t<\/div>\n\t\t\t\t<\/div>\n\t\t\t\t\t<\/div>\n\t\t<\/div>\n\t\t\t\t\t<\/div>\n\t\t<\/section>\n\t\t\t\t<section class=\"elementor-section elementor-top-section elementor-element elementor-element-b4cba89 elementor-section-boxed elementor-section-height-default elementor-section-height-default\" data-id=\"b4cba89\" data-element_type=\"section\" data-settings=\"{&quot;_ha_eqh_enable&quot;:false}\">\n\t\t\t\t\t\t<div class=\"elementor-container elementor-column-gap-default\">\n\t\t\t\t\t<div class=\"elementor-column elementor-col-100 elementor-top-column elementor-element elementor-element-615527a\" data-id=\"615527a\" data-element_type=\"column\">\n\t\t\t<div class=\"elementor-widget-wrap elementor-element-populated\">\n\t\t\t\t\t\t<div class=\"elementor-element elementor-element-58f9bc8 elementor-widget elementor-widget-image\" data-id=\"58f9bc8\" data-element_type=\"widget\" data-widget_type=\"image.default\">\n\t\t\t\t<div class=\"elementor-widget-container\">\n\t\t\t\t\t\t\t\t\t\t\t\t\t\t\t<img fetchpriority=\"high\" decoding=\"async\" width=\"1024\" height=\"576\" src=\"https:\/\/meaningfultalks.eu\/wp-content\/uploads\/2024\/06\/cover-1024x576.png\" class=\"attachment-large size-large wp-image-21534\" alt=\"Koolitusprogramm\" srcset=\"https:\/\/meaningfultalks.eu\/wp-content\/uploads\/2024\/06\/cover-1024x576.png 1024w, https:\/\/meaningfultalks.eu\/wp-content\/uploads\/2024\/06\/cover-300x169.png 300w, https:\/\/meaningfultalks.eu\/wp-content\/uploads\/2024\/06\/cover-768x432.png 768w, https:\/\/meaningfultalks.eu\/wp-content\/uploads\/2024\/06\/cover-1536x864.png 1536w, https:\/\/meaningfultalks.eu\/wp-content\/uploads\/2024\/06\/cover-610x343.png 610w, https:\/\/meaningfultalks.eu\/wp-content\/uploads\/2024\/06\/cover-600x338.png 600w, https:\/\/meaningfultalks.eu\/wp-content\/uploads\/2024\/06\/cover.png 1920w\" sizes=\"(max-width: 1024px) 100vw, 1024px\" \/>\t\t\t\t\t\t\t\t\t\t\t\t\t\t\t<\/div>\n\t\t\t\t<\/div>\n\t\t\t\t\t<\/div>\n\t\t<\/div>\n\t\t\t\t\t<\/div>\n\t\t<\/section>\n\t\t\t\t<section class=\"elementor-section elementor-top-section elementor-element elementor-element-a9f7c81 elementor-section-boxed elementor-section-height-default elementor-section-height-default\" data-id=\"a9f7c81\" data-element_type=\"section\" data-settings=\"{&quot;_ha_eqh_enable&quot;:false}\">\n\t\t\t\t\t\t<div class=\"elementor-container elementor-column-gap-default\">\n\t\t\t\t\t<div class=\"elementor-column elementor-col-100 elementor-top-column elementor-element elementor-element-f3be3cc\" data-id=\"f3be3cc\" data-element_type=\"column\">\n\t\t\t<div class=\"elementor-widget-wrap elementor-element-populated\">\n\t\t\t\t\t\t<div class=\"elementor-element elementor-element-41704a1 elementor-widget elementor-widget-image\" data-id=\"41704a1\" data-element_type=\"widget\" data-widget_type=\"image.default\">\n\t\t\t\t<div class=\"elementor-widget-container\">\n\t\t\t\t\t\t\t\t\t\t\t\t\t\t\t<img decoding=\"async\" width=\"1024\" height=\"576\" src=\"https:\/\/meaningfultalks.eu\/wp-content\/uploads\/2024\/06\/parem-suhe-1024x576.png\" class=\"attachment-large size-large wp-image-21538\" alt=\"Paremad suhted\" srcset=\"https:\/\/meaningfultalks.eu\/wp-content\/uploads\/2024\/06\/parem-suhe-1024x576.png 1024w, https:\/\/meaningfultalks.eu\/wp-content\/uploads\/2024\/06\/parem-suhe-300x169.png 300w, https:\/\/meaningfultalks.eu\/wp-content\/uploads\/2024\/06\/parem-suhe-768x432.png 768w, https:\/\/meaningfultalks.eu\/wp-content\/uploads\/2024\/06\/parem-suhe-1536x864.png 1536w, https:\/\/meaningfultalks.eu\/wp-content\/uploads\/2024\/06\/parem-suhe-610x343.png 610w, https:\/\/meaningfultalks.eu\/wp-content\/uploads\/2024\/06\/parem-suhe-600x338.png 600w, https:\/\/meaningfultalks.eu\/wp-content\/uploads\/2024\/06\/parem-suhe.png 1920w\" sizes=\"(max-width: 1024px) 100vw, 1024px\" \/>\t\t\t\t\t\t\t\t\t\t\t\t\t\t\t<\/div>\n\t\t\t\t<\/div>\n\t\t\t\t\t<\/div>\n\t\t<\/div>\n\t\t\t\t\t<\/div>\n\t\t<\/section>\n\t\t\t\t<section class=\"elementor-section elementor-top-section elementor-element elementor-element-0ebaaf3 elementor-section-boxed elementor-section-height-default elementor-section-height-default\" data-id=\"0ebaaf3\" data-element_type=\"section\" data-settings=\"{&quot;_ha_eqh_enable&quot;:false}\">\n\t\t\t\t\t\t<div class=\"elementor-container elementor-column-gap-default\">\n\t\t\t\t\t<div class=\"elementor-column elementor-col-100 elementor-top-column elementor-element elementor-element-8803cd0\" data-id=\"8803cd0\" data-element_type=\"column\">\n\t\t\t<div class=\"elementor-widget-wrap elementor-element-populated\">\n\t\t\t\t\t\t<div class=\"elementor-element elementor-element-6059a80 elementor-widget elementor-widget-image\" data-id=\"6059a80\" data-element_type=\"widget\" data-widget_type=\"image.default\">\n\t\t\t\t<div class=\"elementor-widget-container\">\n\t\t\t\t\t\t\t\t\t\t\t\t\t\t\t<img decoding=\"async\" width=\"1024\" height=\"576\" src=\"https:\/\/meaningfultalks.eu\/wp-content\/uploads\/2024\/06\/Ahel-1024x576.png\" class=\"attachment-large size-large wp-image-21542\" alt=\"Koolitusprogramm\" srcset=\"https:\/\/meaningfultalks.eu\/wp-content\/uploads\/2024\/06\/Ahel-1024x576.png 1024w, https:\/\/meaningfultalks.eu\/wp-content\/uploads\/2024\/06\/Ahel-300x169.png 300w, https:\/\/meaningfultalks.eu\/wp-content\/uploads\/2024\/06\/Ahel-768x432.png 768w, https:\/\/meaningfultalks.eu\/wp-content\/uploads\/2024\/06\/Ahel-1536x864.png 1536w, https:\/\/meaningfultalks.eu\/wp-content\/uploads\/2024\/06\/Ahel-610x343.png 610w, https:\/\/meaningfultalks.eu\/wp-content\/uploads\/2024\/06\/Ahel-600x338.png 600w, https:\/\/meaningfultalks.eu\/wp-content\/uploads\/2024\/06\/Ahel.png 1920w\" sizes=\"(max-width: 1024px) 100vw, 1024px\" \/>\t\t\t\t\t\t\t\t\t\t\t\t\t\t\t<\/div>\n\t\t\t\t<\/div>\n\t\t\t\t\t<\/div>\n\t\t<\/div>\n\t\t\t\t\t<\/div>\n\t\t<\/section>\n\t\t\t\t<section class=\"elementor-section elementor-top-section elementor-element elementor-element-a1efb72 elementor-section-boxed elementor-section-height-default elementor-section-height-default\" data-id=\"a1efb72\" data-element_type=\"section\" data-settings=\"{&quot;_ha_eqh_enable&quot;:false}\">\n\t\t\t\t\t\t<div class=\"elementor-container elementor-column-gap-default\">\n\t\t\t\t\t<div class=\"elementor-column elementor-col-100 elementor-top-column elementor-element elementor-element-a8b29b3\" data-id=\"a8b29b3\" data-element_type=\"column\">\n\t\t\t<div class=\"elementor-widget-wrap elementor-element-populated\">\n\t\t\t\t\t\t<div class=\"elementor-element elementor-element-37848f1 elementor-widget elementor-widget-image\" data-id=\"37848f1\" data-element_type=\"widget\" data-widget_type=\"image.default\">\n\t\t\t\t<div class=\"elementor-widget-container\">\n\t\t\t\t\t\t\t\t\t\t\t\t\t\t\t<img loading=\"lazy\" decoding=\"async\" width=\"1024\" height=\"576\" src=\"https:\/\/meaningfultalks.eu\/wp-content\/uploads\/2024\/06\/mis-paremaks-1024x576.png\" class=\"attachment-large size-large wp-image-21546\" alt=\"Mis l\u00e4heb paremaks\" srcset=\"https:\/\/meaningfultalks.eu\/wp-content\/uploads\/2024\/06\/mis-paremaks-1024x576.png 1024w, https:\/\/meaningfultalks.eu\/wp-content\/uploads\/2024\/06\/mis-paremaks-300x169.png 300w, https:\/\/meaningfultalks.eu\/wp-content\/uploads\/2024\/06\/mis-paremaks-768x432.png 768w, https:\/\/meaningfultalks.eu\/wp-content\/uploads\/2024\/06\/mis-paremaks-1536x864.png 1536w, https:\/\/meaningfultalks.eu\/wp-content\/uploads\/2024\/06\/mis-paremaks-610x343.png 610w, https:\/\/meaningfultalks.eu\/wp-content\/uploads\/2024\/06\/mis-paremaks-600x338.png 600w, https:\/\/meaningfultalks.eu\/wp-content\/uploads\/2024\/06\/mis-paremaks.png 1920w\" sizes=\"(max-width: 1024px) 100vw, 1024px\" \/>\t\t\t\t\t\t\t\t\t\t\t\t\t\t\t<\/div>\n\t\t\t\t<\/div>\n\t\t\t\t\t<\/div>\n\t\t<\/div>\n\t\t\t\t\t<\/div>\n\t\t<\/section>\n\t\t\t\t<section class=\"elementor-section elementor-top-section elementor-element elementor-element-286acf2 elementor-section-boxed elementor-section-height-default elementor-section-height-default\" data-id=\"286acf2\" data-element_type=\"section\" data-settings=\"{&quot;_ha_eqh_enable&quot;:false}\">\n\t\t\t\t\t\t<div class=\"elementor-container elementor-column-gap-default\">\n\t\t\t\t\t<div class=\"elementor-column elementor-col-100 elementor-top-column elementor-element elementor-element-0ffb2fc\" data-id=\"0ffb2fc\" data-element_type=\"column\">\n\t\t\t<div class=\"elementor-widget-wrap elementor-element-populated\">\n\t\t\t\t\t\t<div class=\"elementor-element elementor-element-1089083 elementor-widget elementor-widget-image\" data-id=\"1089083\" data-element_type=\"widget\" data-widget_type=\"image.default\">\n\t\t\t\t<div class=\"elementor-widget-container\">\n\t\t\t\t\t\t\t\t\t\t\t\t\t\t\t<img loading=\"lazy\" decoding=\"async\" width=\"1024\" height=\"576\" src=\"https:\/\/meaningfultalks.eu\/wp-content\/uploads\/2024\/06\/tagasiside-1024x576.png\" class=\"attachment-large size-large wp-image-21551\" alt=\"tagasiside\" srcset=\"https:\/\/meaningfultalks.eu\/wp-content\/uploads\/2024\/06\/tagasiside-1024x576.png 1024w, https:\/\/meaningfultalks.eu\/wp-content\/uploads\/2024\/06\/tagasiside-300x169.png 300w, https:\/\/meaningfultalks.eu\/wp-content\/uploads\/2024\/06\/tagasiside-768x432.png 768w, https:\/\/meaningfultalks.eu\/wp-content\/uploads\/2024\/06\/tagasiside-1536x864.png 1536w, https:\/\/meaningfultalks.eu\/wp-content\/uploads\/2024\/06\/tagasiside-610x343.png 610w, https:\/\/meaningfultalks.eu\/wp-content\/uploads\/2024\/06\/tagasiside-600x338.png 600w, https:\/\/meaningfultalks.eu\/wp-content\/uploads\/2024\/06\/tagasiside.png 1920w\" sizes=\"(max-width: 1024px) 100vw, 1024px\" \/>\t\t\t\t\t\t\t\t\t\t\t\t\t\t\t<\/div>\n\t\t\t\t<\/div>\n\t\t\t\t\t<\/div>\n\t\t<\/div>\n\t\t\t\t\t<\/div>\n\t\t<\/section>\n\t\t\t\t<section class=\"elementor-section elementor-top-section elementor-element elementor-element-4b5be01 elementor-section-boxed elementor-section-height-default elementor-section-height-default\" data-id=\"4b5be01\" data-element_type=\"section\" data-settings=\"{&quot;_ha_eqh_enable&quot;:false}\">\n\t\t\t\t\t\t<div class=\"elementor-container elementor-column-gap-default\">\n\t\t\t\t\t<div class=\"elementor-column elementor-col-100 elementor-top-column elementor-element elementor-element-2f0a41d\" data-id=\"2f0a41d\" data-element_type=\"column\">\n\t\t\t<div class=\"elementor-widget-wrap elementor-element-populated\">\n\t\t\t\t\t\t<div class=\"elementor-element elementor-element-718399f elementor-widget elementor-widget-image\" data-id=\"718399f\" data-element_type=\"widget\" data-widget_type=\"image.default\">\n\t\t\t\t<div class=\"elementor-widget-container\">\n\t\t\t\t\t\t\t\t\t\t\t\t\t\t\t<img loading=\"lazy\" decoding=\"async\" width=\"1024\" height=\"576\" src=\"https:\/\/meaningfultalks.eu\/wp-content\/uploads\/2024\/06\/tagasiside1-1024x576.png\" class=\"attachment-large size-large wp-image-21555\" alt=\"tagasiside1\" srcset=\"https:\/\/meaningfultalks.eu\/wp-content\/uploads\/2024\/06\/tagasiside1-1024x576.png 1024w, https:\/\/meaningfultalks.eu\/wp-content\/uploads\/2024\/06\/tagasiside1-300x169.png 300w, https:\/\/meaningfultalks.eu\/wp-content\/uploads\/2024\/06\/tagasiside1-768x432.png 768w, https:\/\/meaningfultalks.eu\/wp-content\/uploads\/2024\/06\/tagasiside1-1536x864.png 1536w, https:\/\/meaningfultalks.eu\/wp-content\/uploads\/2024\/06\/tagasiside1-610x343.png 610w, https:\/\/meaningfultalks.eu\/wp-content\/uploads\/2024\/06\/tagasiside1-600x338.png 600w, https:\/\/meaningfultalks.eu\/wp-content\/uploads\/2024\/06\/tagasiside1.png 1920w\" sizes=\"(max-width: 1024px) 100vw, 1024px\" \/>\t\t\t\t\t\t\t\t\t\t\t\t\t\t\t<\/div>\n\t\t\t\t<\/div>\n\t\t\t\t\t<\/div>\n\t\t<\/div>\n\t\t\t\t\t<\/div>\n\t\t<\/section>\n\t\t\t\t<section class=\"elementor-section elementor-top-section elementor-element elementor-element-4f089ca elementor-section-boxed elementor-section-height-default elementor-section-height-default\" data-id=\"4f089ca\" data-element_type=\"section\" data-settings=\"{&quot;_ha_eqh_enable&quot;:false}\">\n\t\t\t\t\t\t<div class=\"elementor-container elementor-column-gap-default\">\n\t\t\t\t\t<div class=\"elementor-column elementor-col-100 elementor-top-column elementor-element elementor-element-4b16222\" data-id=\"4b16222\" data-element_type=\"column\">\n\t\t\t<div class=\"elementor-widget-wrap elementor-element-populated\">\n\t\t\t\t\t\t<div class=\"elementor-element elementor-element-1d02a13 elementor-widget elementor-widget-image\" data-id=\"1d02a13\" data-element_type=\"widget\" data-widget_type=\"image.default\">\n\t\t\t\t<div class=\"elementor-widget-container\">\n\t\t\t\t\t\t\t\t\t\t\t\t\t\t\t<img loading=\"lazy\" decoding=\"async\" width=\"1024\" height=\"576\" src=\"https:\/\/meaningfultalks.eu\/wp-content\/uploads\/2024\/06\/Lilian-1024x576.png\" class=\"attachment-large size-large wp-image-21559\" alt=\"Lilian\" srcset=\"https:\/\/meaningfultalks.eu\/wp-content\/uploads\/2024\/06\/Lilian-1024x576.png 1024w, https:\/\/meaningfultalks.eu\/wp-content\/uploads\/2024\/06\/Lilian-300x169.png 300w, https:\/\/meaningfultalks.eu\/wp-content\/uploads\/2024\/06\/Lilian-768x432.png 768w, https:\/\/meaningfultalks.eu\/wp-content\/uploads\/2024\/06\/Lilian-1536x864.png 1536w, https:\/\/meaningfultalks.eu\/wp-content\/uploads\/2024\/06\/Lilian-610x343.png 610w, https:\/\/meaningfultalks.eu\/wp-content\/uploads\/2024\/06\/Lilian-600x338.png 600w, https:\/\/meaningfultalks.eu\/wp-content\/uploads\/2024\/06\/Lilian.png 1920w\" sizes=\"(max-width: 1024px) 100vw, 1024px\" \/>\t\t\t\t\t\t\t\t\t\t\t\t\t\t\t<\/div>\n\t\t\t\t<\/div>\n\t\t\t\t\t<\/div>\n\t\t<\/div>\n\t\t\t\t\t<\/div>\n\t\t<\/section>\n\t\t\t\t<section class=\"elementor-section elementor-top-section elementor-element elementor-element-fa72174 elementor-section-boxed elementor-section-height-default elementor-section-height-default\" data-id=\"fa72174\" data-element_type=\"section\" data-settings=\"{&quot;_ha_eqh_enable&quot;:false}\">\n\t\t\t\t\t\t<div class=\"elementor-container elementor-column-gap-default\">\n\t\t\t\t\t<div class=\"elementor-column elementor-col-100 elementor-top-column elementor-element elementor-element-3cf1271\" data-id=\"3cf1271\" data-element_type=\"column\">\n\t\t\t<div class=\"elementor-widget-wrap elementor-element-populated\">\n\t\t\t\t\t\t<div class=\"elementor-element elementor-element-12c4dcb elementor-widget elementor-widget-image\" data-id=\"12c4dcb\" data-element_type=\"widget\" data-widget_type=\"image.default\">\n\t\t\t\t<div class=\"elementor-widget-container\">\n\t\t\t\t\t\t\t\t\t\t\t\t\t\t\t<img loading=\"lazy\" decoding=\"async\" width=\"1024\" height=\"576\" src=\"https:\/\/meaningfultalks.eu\/wp-content\/uploads\/2024\/06\/Tootuba-Kuidas-muuta-suhtlemine-valuutaks-1024x576.png\" class=\"attachment-large size-large wp-image-21565\" alt=\"Kristi J\u00f5eorg\" srcset=\"https:\/\/meaningfultalks.eu\/wp-content\/uploads\/2024\/06\/Tootuba-Kuidas-muuta-suhtlemine-valuutaks-1024x576.png 1024w, https:\/\/meaningfultalks.eu\/wp-content\/uploads\/2024\/06\/Tootuba-Kuidas-muuta-suhtlemine-valuutaks-300x169.png 300w, https:\/\/meaningfultalks.eu\/wp-content\/uploads\/2024\/06\/Tootuba-Kuidas-muuta-suhtlemine-valuutaks-768x432.png 768w, https:\/\/meaningfultalks.eu\/wp-content\/uploads\/2024\/06\/Tootuba-Kuidas-muuta-suhtlemine-valuutaks-1536x864.png 1536w, https:\/\/meaningfultalks.eu\/wp-content\/uploads\/2024\/06\/Tootuba-Kuidas-muuta-suhtlemine-valuutaks-610x343.png 610w, https:\/\/meaningfultalks.eu\/wp-content\/uploads\/2024\/06\/Tootuba-Kuidas-muuta-suhtlemine-valuutaks-600x338.png 600w, https:\/\/meaningfultalks.eu\/wp-content\/uploads\/2024\/06\/Tootuba-Kuidas-muuta-suhtlemine-valuutaks.png 1920w\" sizes=\"(max-width: 1024px) 100vw, 1024px\" \/>\t\t\t\t\t\t\t\t\t\t\t\t\t\t\t<\/div>\n\t\t\t\t<\/div>\n\t\t\t\t\t<\/div>\n\t\t<\/div>\n\t\t\t\t\t<\/div>\n\t\t<\/section>\n\t\t\t\t<section class=\"elementor-section elementor-top-section elementor-element elementor-element-356920b elementor-section-boxed elementor-section-height-default elementor-section-height-default\" data-id=\"356920b\" data-element_type=\"section\" data-settings=\"{&quot;_ha_eqh_enable&quot;:false}\">\n\t\t\t\t\t\t<div class=\"elementor-container elementor-column-gap-default\">\n\t\t\t\t\t<div class=\"elementor-column elementor-col-100 elementor-top-column elementor-element elementor-element-7fa0421\" data-id=\"7fa0421\" data-element_type=\"column\">\n\t\t\t<div class=\"elementor-widget-wrap elementor-element-populated\">\n\t\t\t\t\t\t<div class=\"elementor-element elementor-element-6756a22 elementor-widget elementor-widget-spacer\" data-id=\"6756a22\" data-element_type=\"widget\" data-widget_type=\"spacer.default\">\n\t\t\t\t<div class=\"elementor-widget-container\">\n\t\t\t\t\t\t\t<div class=\"elementor-spacer\">\n\t\t\t<div class=\"elementor-spacer-inner\"><\/div>\n\t\t<\/div>\n\t\t\t\t\t\t<\/div>\n\t\t\t\t<\/div>\n\t\t\t\t\t<\/div>\n\t\t<\/div>\n\t\t\t\t\t<\/div>\n\t\t<\/section>\n\t\t\t\t<section class=\"elementor-section elementor-top-section elementor-element elementor-element-ed5900c elementor-section-boxed elementor-section-height-default elementor-section-height-default\" data-id=\"ed5900c\" data-element_type=\"section\" data-settings=\"{&quot;_ha_eqh_enable&quot;:false}\">\n\t\t\t\t\t\t<div class=\"elementor-container elementor-column-gap-default\">\n\t\t\t\t\t<div class=\"elementor-column elementor-col-100 elementor-top-column elementor-element elementor-element-a68797e\" data-id=\"a68797e\" data-element_type=\"column\">\n\t\t\t<div class=\"elementor-widget-wrap elementor-element-populated\">\n\t\t\t\t\t\t<div class=\"elementor-element elementor-element-3956ee7 elementor-widget elementor-widget-heading\" data-id=\"3956ee7\" data-element_type=\"widget\" data-widget_type=\"heading.default\">\n\t\t\t\t<div class=\"elementor-widget-container\">\n\t\t\t\t\t<h3 class=\"elementor-heading-title elementor-size-default\">Tundub vajalik ja p\u00f5nev?\nK\u00dcSI HINDA:<\/h3>\t\t\t\t<\/div>\n\t\t\t\t<\/div>\n\t\t\t\t\t<\/div>\n\t\t<\/div>\n\t\t\t\t\t<\/div>\n\t\t<\/section>\n\t\t\t\t<section class=\"elementor-section elementor-top-section elementor-element elementor-element-df909fc elementor-section-boxed elementor-section-height-default elementor-section-height-default\" data-id=\"df909fc\" data-element_type=\"section\" data-settings=\"{&quot;_ha_eqh_enable&quot;:false}\">\n\t\t\t\t\t\t<div class=\"elementor-container elementor-column-gap-default\">\n\t\t\t\t\t<div class=\"elementor-column elementor-col-100 elementor-top-column elementor-element elementor-element-b0908a8\" data-id=\"b0908a8\" data-element_type=\"column\">\n\t\t\t<div class=\"elementor-widget-wrap elementor-element-populated\">\n\t\t\t\t\t\t<div class=\"elementor-element elementor-element-d8e02c3 elementor-widget elementor-widget-text-editor\" data-id=\"d8e02c3\" data-element_type=\"widget\" data-widget_type=\"text-editor.default\">\n\t\t\t\t<div class=\"elementor-widget-container\">\n\t\t\t\t\t\t\t\t\t<p><span style=\"font-weight: 400;\">Kirjuta <strong><span style=\"color: #0000ff;\">lilian<\/span><\/strong><\/span><strong><span style=\"color: #0000ff;\"><a style=\"color: #0000ff;\" href=\"mailto:kristi@meaningfultalks.eu\">@meaningfultalks.eu<\/a><\/span><\/strong><span style=\"font-weight: 400;\">\u00a0 v\u00f5i <\/span><b>broneeri 30 minutiline veebikohtumine<\/b><span style=\"font-weight: 400;\">, et koolitusprogramm oma ettev\u00f5ttesse tellida v\u00f5i programmi kohta lisak\u00fcsimusi k\u00fcsida.<\/span><\/p><p><span style=\"font-weight: 400;\">Veebikohtumise broneerimine ei kohusta ostu sooritama.<\/span><\/p>\t\t\t\t\t\t\t\t<\/div>\n\t\t\t\t<\/div>\n\t\t\t\t\t<\/div>\n\t\t<\/div>\n\t\t\t\t\t<\/div>\n\t\t<\/section>\n\t\t\t\t<section class=\"elementor-section elementor-top-section elementor-element elementor-element-f887ab8 elementor-section-boxed elementor-section-height-default elementor-section-height-default\" data-id=\"f887ab8\" data-element_type=\"section\" data-settings=\"{&quot;_ha_eqh_enable&quot;:false}\">\n\t\t\t\t\t\t<div class=\"elementor-container elementor-column-gap-default\">\n\t\t\t\t\t<div class=\"elementor-column elementor-col-100 elementor-top-column elementor-element elementor-element-aff3cc1\" data-id=\"aff3cc1\" data-element_type=\"column\">\n\t\t\t<div class=\"elementor-widget-wrap elementor-element-populated\">\n\t\t\t\t\t\t<div class=\"elementor-element elementor-element-51c23cb elementor-align-center elementor-widget elementor-widget-button\" data-id=\"51c23cb\" data-element_type=\"widget\" data-widget_type=\"button.default\">\n\t\t\t\t<div class=\"elementor-widget-container\">\n\t\t\t\t\t\t\t\t\t<div class=\"elementor-button-wrapper\">\n\t\t\t\t\t<a class=\"elementor-button elementor-button-link elementor-size-sm\" href=\"https:\/\/calendly.com\/lilianpromet\">\n\t\t\t\t\t\t<span class=\"elementor-button-content-wrapper\">\n\t\t\t\t\t\t\t\t\t<span class=\"elementor-button-text\">Broneerin 30 minutilise kohtumise<\/span>\n\t\t\t\t\t<\/span>\n\t\t\t\t\t<\/a>\n\t\t\t\t<\/div>\n\t\t\t\t\t\t\t\t<\/div>\n\t\t\t\t<\/div>\n\t\t\t\t\t<\/div>\n\t\t<\/div>\n\t\t\t\t\t<\/div>\n\t\t<\/section>\n\t\t\t\t<\/div>","protected":false},"excerpt":{"rendered":"<p>T\u00d6\u00d6TUBA Tundub vajalik ja p\u00f5nev? K\u00dcSI HINDA: Kirjuta lilian@meaningfultalks.eu\u00a0 v\u00f5i broneeri 30 minutiline veebikohtumine, et koolitusprogramm oma ettev\u00f5ttesse tellida v\u00f5i programmi kohta lisak\u00fcsimusi k\u00fcsida. Veebikohtumise broneerimine ei kohusta ostu sooritama. Broneerin 30 minutilise kohtumise<\/p>","protected":false},"author":1,"featured_media":0,"parent":0,"menu_order":0,"comment_status":"closed","ping_status":"closed","template":"","meta":{"_acf_changed":false,"content-type":"","advanced_seo_description":"","jetpack_seo_html_title":"","jetpack_seo_noindex":false,"footnotes":""},"class_list":["post-14363","page","type-page","status-publish","hentry"],"blocksy_meta":{"styles_descriptor":{"styles":{"desktop":"","tablet":"","mobile":""},"google_fonts":[],"version":6}},"acf":[],"jetpack_sharing_enabled":true,"_links":{"self":[{"href":"https:\/\/meaningfultalks.eu\/en\/wp-json\/wp\/v2\/pages\/14363","targetHints":{"allow":["GET"]}}],"collection":[{"href":"https:\/\/meaningfultalks.eu\/en\/wp-json\/wp\/v2\/pages"}],"about":[{"href":"https:\/\/meaningfultalks.eu\/en\/wp-json\/wp\/v2\/types\/page"}],"author":[{"embeddable":true,"href":"https:\/\/meaningfultalks.eu\/en\/wp-json\/wp\/v2\/users\/1"}],"replies":[{"embeddable":true,"href":"https:\/\/meaningfultalks.eu\/en\/wp-json\/wp\/v2\/comments?post=14363"}],"version-history":[{"count":535,"href":"https:\/\/meaningfultalks.eu\/en\/wp-json\/wp\/v2\/pages\/14363\/revisions"}],"predecessor-version":[{"id":21571,"href":"https:\/\/meaningfultalks.eu\/en\/wp-json\/wp\/v2\/pages\/14363\/revisions\/21571"}],"wp:attachment":[{"href":"https:\/\/meaningfultalks.eu\/en\/wp-json\/wp\/v2\/media?parent=14363"}],"curies":[{"name":"wp","href":"https:\/\/api.w.org\/{rel}","templated":true}]}}