{"id":16329,"date":"2022-12-08T16:29:02","date_gmt":"2022-12-08T14:29:02","guid":{"rendered":"https:\/\/meaningfultalks.eu\/tahelepanu-lasteaednikud-ja-teised-kes-igapaevaselt-vaikelastega-tootavad-4\/"},"modified":"2022-12-08T16:29:11","modified_gmt":"2022-12-08T14:29:11","slug":"tahelepanu-lasteaednikud-ja-teised-kes-igapaevaselt-vaikelastega-tootavad-4","status":"publish","type":"page","link":"https:\/\/meaningfultalks.eu\/en\/tahelepanu-lasteaednikud-ja-teised-kes-igapaevaselt-vaikelastega-tootavad-4\/","title":{"rendered":"<strong>T\u00e4helepanu lasteaednikud ja teised, kes igap\u00e4evaselt v\u00e4ikelastega t\u00f6\u00f6tavad ..<\/strong>"},"content":{"rendered":"","protected":false},"excerpt":{"rendered":"","protected":false},"author":1,"featured_media":0,"parent":0,"menu_order":0,"comment_status":"closed","ping_status":"closed","template":"","meta":{"_acf_changed":false,"content-type":"","advanced_seo_description":"","jetpack_seo_html_title":"","jetpack_seo_noindex":false,"footnotes":""},"class_list":["post-16329","page","type-page","status-publish","hentry"],"blocksy_meta":{"styles_descriptor":{"styles":{"desktop":"","tablet":"","mobile":""},"google_fonts":[],"version":6}},"acf":[],"jetpack_sharing_enabled":true,"_links":{"self":[{"href":"https:\/\/meaningfultalks.eu\/en\/wp-json\/wp\/v2\/pages\/16329","targetHints":{"allow":["GET"]}}],"collection":[{"href":"https:\/\/meaningfultalks.eu\/en\/wp-json\/wp\/v2\/pages"}],"about":[{"href":"https:\/\/meaningfultalks.eu\/en\/wp-json\/wp\/v2\/types\/page"}],"author":[{"embeddable":true,"href":"https:\/\/meaningfultalks.eu\/en\/wp-json\/wp\/v2\/users\/1"}],"replies":[{"embeddable":true,"href":"https:\/\/meaningfultalks.eu\/en\/wp-json\/wp\/v2\/comments?post=16329"}],"version-history":[{"count":2,"href":"https:\/\/meaningfultalks.eu\/en\/wp-json\/wp\/v2\/pages\/16329\/revisions"}],"predecessor-version":[{"id":16336,"href":"https:\/\/meaningfultalks.eu\/en\/wp-json\/wp\/v2\/pages\/16329\/revisions\/16336"}],"wp:attachment":[{"href":"https:\/\/meaningfultalks.eu\/en\/wp-json\/wp\/v2\/media?parent=16329"}],"curies":[{"name":"wp","href":"https:\/\/api.w.org\/{rel}","templated":true}]}}