{"id":16857,"date":"2022-03-24T06:17:12","date_gmt":"2022-03-24T04:17:12","guid":{"rendered":"https:\/\/meaningfultalks.eu\/dev\/?page_id=11462"},"modified":"2022-03-24T06:17:12","modified_gmt":"2022-03-24T04:17:12","slug":"meist-3","status":"publish","type":"page","link":"https:\/\/meaningfultalks.eu\/en\/meist-3\/","title":{"rendered":"22Meist"},"content":{"rendered":"<div data-elementor-type=\"wp-page\" data-elementor-id=\"16857\" class=\"elementor elementor-16857\" data-elementor-settings=\"{&quot;ha_cmc_init_switcher&quot;:&quot;no&quot;}\" data-elementor-post-type=\"page\">\n\t\t\t\t\t\t<section class=\"elementor-section elementor-top-section elementor-element elementor-element-adff3d2 elementor-section-boxed elementor-section-height-default elementor-section-height-default\" data-id=\"adff3d2\" data-element_type=\"section\" data-settings=\"{&quot;_ha_eqh_enable&quot;:false}\">\n\t\t\t\t\t\t<div class=\"elementor-container elementor-column-gap-default\">\n\t\t\t\t\t<div class=\"elementor-column elementor-col-100 elementor-top-column elementor-element elementor-element-dc55bc4\" data-id=\"dc55bc4\" data-element_type=\"column\">\n\t\t\t<div class=\"elementor-widget-wrap elementor-element-populated\">\n\t\t\t\t\t\t<div class=\"elementor-element elementor-element-f4781d0 ha-has-bg-overlay elementor-widget elementor-widget-ha-slider happy-addon ha-slider\" data-id=\"f4781d0\" data-element_type=\"widget\" data-settings=\"{&quot;animation_speed&quot;:800,&quot;autoplay_speed&quot;:5000,&quot;autoplay&quot;:&quot;yes&quot;,&quot;loop&quot;:&quot;yes&quot;,&quot;slides_transition&quot;:&quot;slide&quot;,&quot;navigation&quot;:&quot;arrow&quot;}\" data-widget_type=\"ha-slider.default\">\n\t\t\t\t<div class=\"elementor-widget-container\">\n\t\t\t\t\t\n\t\t<div class=\"hajs-slick ha-slick ha-slick--slider\">\n\n\t\t\t\n\t\t\t\t<div class=\"ha-slick-slide slick-slide\">\n\t\t\t\t\t<div class=\"ha-slick-item\">\n\t\t\t\t\t\t\t\t\t\t\t\t\t<img decoding=\"async\" class=\"ha-slick-img\" src=\"https:\/\/meaningfultalks.eu\/dev\/wp-content\/uploads\/2022\/04\/MT_cover_01.png\" alt=\"\">\n\t\t\t\t\t\t\n\t\t\t\t\t\t\t\t\t\t\t<\/div>\n\t\t\t\t<\/div>\n\n\t\t\t\n\t\t<\/div>\n\n\t\t\t\t\t<button type=\"button\" class=\"slick-prev\"><i aria-hidden=\"true\" class=\"fas fa-chevron-left\"><\/i><\/button>\n\t\t\n\t\t\t\t\t<button type=\"button\" class=\"slick-next\"><i aria-hidden=\"true\" class=\"fas fa-chevron-right\"><\/i><\/button>\n\t\t\n\t\t\t\t\t\t<\/div>\n\t\t\t\t<\/div>\n\t\t\t\t\t<\/div>\n\t\t<\/div>\n\t\t\t\t\t<\/div>\n\t\t<\/section>\n\t\t\t\t<section class=\"elementor-section elementor-top-section elementor-element elementor-element-193dee87 elementor-section-boxed elementor-section-height-default elementor-section-height-default\" data-id=\"193dee87\" data-element_type=\"section\" data-settings=\"{&quot;_ha_eqh_enable&quot;:false}\">\n\t\t\t\t\t\t<div class=\"elementor-container elementor-column-gap-default\">\n\t\t\t\t\t<div class=\"elementor-column elementor-col-50 elementor-top-column elementor-element elementor-element-15fac02b\" data-id=\"15fac02b\" data-element_type=\"column\" data-settings=\"{&quot;background_background&quot;:&quot;classic&quot;}\">\n\t\t\t<div class=\"elementor-widget-wrap elementor-element-populated\">\n\t\t\t\t\t\t<div class=\"elementor-element elementor-element-3af205d5 elementor-widget elementor-widget-heading\" data-id=\"3af205d5\" data-element_type=\"widget\" data-widget_type=\"heading.default\">\n\t\t\t\t<div class=\"elementor-widget-container\">\n\t\t\t\t\t<h2 class=\"elementor-heading-title elementor-size-default\">Lilian Promet<\/h2>\t\t\t\t<\/div>\n\t\t\t\t<\/div>\n\t\t\t\t<div class=\"elementor-element elementor-element-195a42e elementor-widget elementor-widget-accordion\" data-id=\"195a42e\" data-element_type=\"widget\" data-widget_type=\"accordion.default\">\n\t\t\t\t<div class=\"elementor-widget-container\">\n\t\t\t\t\t\t\t<div class=\"elementor-accordion\">\n\t\t\t\t\t\t\t<div class=\"elementor-accordion-item\">\n\t\t\t\t\t<div id=\"elementor-tab-title-2651\" class=\"elementor-tab-title\" data-tab=\"1\" role=\"button\" aria-controls=\"elementor-tab-content-2651\" aria-expanded=\"false\">\n\t\t\t\t\t\t\t\t\t\t\t\t\t<span class=\"elementor-accordion-icon elementor-accordion-icon-left\" aria-hidden=\"true\">\n\t\t\t\t\t\t\t\t\t\t\t\t\t\t\t<span class=\"elementor-accordion-icon-closed\"><i class=\"fas fa-plus\"><\/i><\/span>\n\t\t\t\t\t\t\t\t<span class=\"elementor-accordion-icon-opened\"><i class=\"fas fa-minus\"><\/i><\/span>\n\t\t\t\t\t\t\t\t\t\t\t\t\t\t<\/span>\n\t\t\t\t\t\t\t\t\t\t\t\t<a class=\"elementor-accordion-title\" tabindex=\"0\">Julge muutuda<\/a>\n\t\t\t\t\t<\/div>\n\t\t\t\t\t<div id=\"elementor-tab-content-2651\" class=\"elementor-tab-content elementor-clearfix\" data-tab=\"1\" role=\"region\" aria-labelledby=\"elementor-tab-title-2651\"><p>Me kardame elus liiga paljut! Pelgame eba\u00f5nnestuda, l\u00e4hedaste arvamust ja meil on pidev hirm materiaalsete asjade p\u00e4rast. Praegu ma tean, kui vajalik on teadvustada hirme ja v\u00e4ljakutseid. M\u00f5ista, et elu ongi t\u00e4is pidevaid muutuseid ja k\u00f5ige enam on meil vaja oskusi ning teadlikkust, et muutustega toime tulla.<\/p><\/div>\n\t\t\t\t<\/div>\n\t\t\t\t\t\t\t<div class=\"elementor-accordion-item\">\n\t\t\t\t\t<div id=\"elementor-tab-title-2652\" class=\"elementor-tab-title\" data-tab=\"2\" role=\"button\" aria-controls=\"elementor-tab-content-2652\" aria-expanded=\"false\">\n\t\t\t\t\t\t\t\t\t\t\t\t\t<span class=\"elementor-accordion-icon elementor-accordion-icon-left\" aria-hidden=\"true\">\n\t\t\t\t\t\t\t\t\t\t\t\t\t\t\t<span class=\"elementor-accordion-icon-closed\"><i class=\"fas fa-plus\"><\/i><\/span>\n\t\t\t\t\t\t\t\t<span class=\"elementor-accordion-icon-opened\"><i class=\"fas fa-minus\"><\/i><\/span>\n\t\t\t\t\t\t\t\t\t\t\t\t\t\t<\/span>\n\t\t\t\t\t\t\t\t\t\t\t\t<a class=\"elementor-accordion-title\" tabindex=\"0\">Vaimse tervise spetsialist<\/a>\n\t\t\t\t\t<\/div>\n\t\t\t\t\t<div id=\"elementor-tab-content-2652\" class=\"elementor-tab-content elementor-clearfix\" data-tab=\"2\" role=\"region\" aria-labelledby=\"elementor-tab-title-2652\"><p>Aastal 2015 l\u00e4bisin laste jooga \u00f5petaja kursused ja peale seda t\u00e4iskasvanutele m\u00f5eldud Kundalini jooga \u00f5petaja kursuse. Alates sellest ajast olen t\u00e4iendanud end nii t\u00e4iskasvanute kui laste vaimse tervise teemadel. Olen aru saanud, kui palju vajavad lapsed t\u00e4helepanu, hinnangutevaba kuulamist ja kvaliteetaega ning just sellep\u00e4rast otsustasime koos Kristiga luua ettev\u00f5tte Meaningful Talks.<\/p><\/div>\n\t\t\t\t<\/div>\n\t\t\t\t\t\t\t<div class=\"elementor-accordion-item\">\n\t\t\t\t\t<div id=\"elementor-tab-title-2653\" class=\"elementor-tab-title\" data-tab=\"3\" role=\"button\" aria-controls=\"elementor-tab-content-2653\" aria-expanded=\"false\">\n\t\t\t\t\t\t\t\t\t\t\t\t\t<span class=\"elementor-accordion-icon elementor-accordion-icon-left\" aria-hidden=\"true\">\n\t\t\t\t\t\t\t\t\t\t\t\t\t\t\t<span class=\"elementor-accordion-icon-closed\"><i class=\"fas fa-plus\"><\/i><\/span>\n\t\t\t\t\t\t\t\t<span class=\"elementor-accordion-icon-opened\"><i class=\"fas fa-minus\"><\/i><\/span>\n\t\t\t\t\t\t\t\t\t\t\t\t\t\t<\/span>\n\t\t\t\t\t\t\t\t\t\t\t\t<a class=\"elementor-accordion-title\" tabindex=\"0\">Minu \u00f5pingud ja praktikad<\/a>\n\t\t\t\t\t<\/div>\n\t\t\t\t\t<div id=\"elementor-tab-content-2653\" class=\"elementor-tab-content elementor-clearfix\" data-tab=\"3\" role=\"region\" aria-labelledby=\"elementor-tab-title-2653\"><ul><li>L\u00f5petanud Tallinna Tehnika\u00fclikooli Majandusteaduskonna bakalaureuse\u00f5ppe<\/li><li>L\u00e4binud European Innovation Academy programmi (<a href=\"https:\/\/www.inacademy.eu\/\">https:\/\/www.inacademy.eu\/<\/a>)<\/li><li>Olnud EENA (Eesti Ettev\u00f5tlike Naiste Assotsiatsiooni) noortejuht 2018 &#8211; 2020<\/li><li>2015 aastal l\u00e4binud laste jooga \u00f5petaja kursuse<\/li><li>2018 aastal l\u00e4binud Kundalini jooga \u00f5petaja kursuse<\/li><li>Korraldanud laste ja noorte suvelaagreid<\/li><li>Elanud 13 kuud Uus-Meremaal ja seal l\u00e4bi viinud laste jooga tunde<\/li><li>K\u00fclastanud rohkem kui 52 Eesti kooli ja r\u00e4\u00e4kinud enam kui 600le \u00f5pilasele teemal \u201cEnesev\u00e4\u00e4rtustamine on Sinu esimene t\u00f6\u00f6\u201d<\/li><li>Viinud l\u00e4bi noortele suunatud, vaimse tervise toetamise t\u00f6\u00f6tubasid<br \/>korraldanud rahvusvahelist noorte ideetuba<\/li><\/ul><\/div>\n\t\t\t\t<\/div>\n\t\t\t\t\t\t\t\t<\/div>\n\t\t\t\t\t\t<\/div>\n\t\t\t\t<\/div>\n\t\t\t\t\t<\/div>\n\t\t<\/div>\n\t\t\t\t<div class=\"elementor-column elementor-col-50 elementor-top-column elementor-element elementor-element-3860880\" data-id=\"3860880\" data-element_type=\"column\" data-settings=\"{&quot;background_background&quot;:&quot;classic&quot;}\">\n\t\t\t<div class=\"elementor-widget-wrap elementor-element-populated\">\n\t\t\t\t\t\t<div class=\"elementor-element elementor-element-9ed01d7 elementor-widget elementor-widget-heading\" data-id=\"9ed01d7\" data-element_type=\"widget\" data-widget_type=\"heading.default\">\n\t\t\t\t<div class=\"elementor-widget-container\">\n\t\t\t\t\t<h2 class=\"elementor-heading-title elementor-size-default\">Kristi j\u00f5eorg<\/h2>\t\t\t\t<\/div>\n\t\t\t\t<\/div>\n\t\t\t\t<div class=\"elementor-element elementor-element-886ede1 elementor-widget elementor-widget-accordion\" data-id=\"886ede1\" data-element_type=\"widget\" data-widget_type=\"accordion.default\">\n\t\t\t\t<div class=\"elementor-widget-container\">\n\t\t\t\t\t\t\t<div class=\"elementor-accordion\">\n\t\t\t\t\t\t\t<div class=\"elementor-accordion-item\">\n\t\t\t\t\t<div id=\"elementor-tab-title-1431\" class=\"elementor-tab-title\" data-tab=\"1\" role=\"button\" aria-controls=\"elementor-tab-content-1431\" aria-expanded=\"false\">\n\t\t\t\t\t\t\t\t\t\t\t\t\t<span class=\"elementor-accordion-icon elementor-accordion-icon-left\" aria-hidden=\"true\">\n\t\t\t\t\t\t\t\t\t\t\t\t\t\t\t<span class=\"elementor-accordion-icon-closed\"><i class=\"fas fa-plus\"><\/i><\/span>\n\t\t\t\t\t\t\t\t<span class=\"elementor-accordion-icon-opened\"><i class=\"fas fa-minus\"><\/i><\/span>\n\t\t\t\t\t\t\t\t\t\t\t\t\t\t<\/span>\n\t\t\t\t\t\t\t\t\t\t\t\t<a class=\"elementor-accordion-title\" tabindex=\"0\">Kuula s\u00fcdamega<\/a>\n\t\t\t\t\t<\/div>\n\t\t\t\t\t<div id=\"elementor-tab-content-1431\" class=\"elementor-tab-content elementor-clearfix\" data-tab=\"1\" role=\"region\" aria-labelledby=\"elementor-tab-title-1431\"><p>Olen kahe armsa t\u00fcdruku ema ja elukaaslane enda kaaslasele. Meie perekonna teekond on olnud t\u00e4is v\u00e4\u00e4rtuslikke \u00f5ppetunde ja kooskasvamist. Mina usun sellesse, et me k\u00f5ik oleme unikaalsed, erakordsed ja kordumatud. Me v\u00e4\u00e4rime s\u00fcdamega kuulamist ja s\u00fcgavamat hinnangute vaba m\u00f5istmist.<\/p><\/div>\n\t\t\t\t<\/div>\n\t\t\t\t\t\t\t<div class=\"elementor-accordion-item\">\n\t\t\t\t\t<div id=\"elementor-tab-title-1432\" class=\"elementor-tab-title\" data-tab=\"2\" role=\"button\" aria-controls=\"elementor-tab-content-1432\" aria-expanded=\"false\">\n\t\t\t\t\t\t\t\t\t\t\t\t\t<span class=\"elementor-accordion-icon elementor-accordion-icon-left\" aria-hidden=\"true\">\n\t\t\t\t\t\t\t\t\t\t\t\t\t\t\t<span class=\"elementor-accordion-icon-closed\"><i class=\"fas fa-plus\"><\/i><\/span>\n\t\t\t\t\t\t\t\t<span class=\"elementor-accordion-icon-opened\"><i class=\"fas fa-minus\"><\/i><\/span>\n\t\t\t\t\t\t\t\t\t\t\t\t\t\t<\/span>\n\t\t\t\t\t\t\t\t\t\t\t\t<a class=\"elementor-accordion-title\" tabindex=\"0\">Kuidas m\u00f5ista tervikut?<\/a>\n\t\t\t\t\t<\/div>\n\t\t\t\t\t<div id=\"elementor-tab-content-1432\" class=\"elementor-tab-content elementor-clearfix\" data-tab=\"2\" role=\"region\" aria-labelledby=\"elementor-tab-title-1432\"><p>Aastaid tagasi tekkis minus s\u00fcgav soov aru saada, miks inimene m\u00f5tleb, \u00fctleb, tegutseb ja v\u00f5tab vastu otsuseid viisil, nagu ta seda teeb. Arvestades just seda, et igal inimesel on oma lugu. Nii l\u00e4ksin \u00f5ppima transpersonaalset ps\u00fchholoogiat ja h\u00fcpnoteraapiat. Transpersonaalne n\u00f5ustamine ja h\u00fcpnoteraapia v\u00f5imaldab juurdep\u00e4\u00e4su inimm\u00f5istuse haardeulatusest v\u00e4lja j\u00e4\u00e4vatele aladele ja annab meile vahendid ja tehnikad, mille abil on v\u00f5imalik avastada ning kasutada k\u00f5igis inimestes peituvat avastamata potentsiaali, sisemist tarkust ning transtsendentaalsel teadlikkusel p\u00f5hinevaid ressursse. \u00dchendades endas ps\u00fchholoogia teaduse, filosoofia kunsti ning h\u00fcpnoosi efektiivsuse, on see innovaatiline t\u00f5hus terapeutiline l\u00e4henemine, mille abil on kliendil v\u00f5imalik vaadata oma hetke probleemidest s\u00fcgavamale ja m\u00f5ista oma terviklikku identiteeti.<\/p><p>Olen tegutsenud 15 aastat ettev\u00f5tluses. K\u00f5ikide nende aastate jooksul olen koolitanud tuhandeid t\u00f6\u00f6tajaid erinevatest ettev\u00f5tetest. See, mida ma n\u00e4gin ja kuulsin k\u00e4ivitas minus midagi, millele ei olnud v\u00f5imalik vastu astuda. N\u00e4gin, et inimesed soovivad leida suuremat rahulolu enda t\u00f6\u00f6koha, suhte ja pereeluga. L\u00f5ime Lilianiga ettev\u00f5tte Meaningful Talks, et anda \u00f5petajatele ja lapsevanematele paremat sisendit laste ja enda kui lapsevanemate arendamisse. Oluline fakt on ju ka see, et lapsevanem k\u00e4ib t\u00f6\u00f6l ning vanemlusega kaasask\u00e4ivad r\u00f5\u00f5mu- ja mure m\u00f5tted liiguvad temaga tihtipeale t\u00f6\u00f6le kaasa. Laps veedab suurema osa p\u00e4evast ka sotsiaalses keskkonnas, lasteaias ja koolis, ja need keskkonnad on lisaks lapsevanema tegevusele olulised lapse arengu m\u00f5jutajad.<\/p><\/div>\n\t\t\t\t<\/div>\n\t\t\t\t\t\t\t<div class=\"elementor-accordion-item\">\n\t\t\t\t\t<div id=\"elementor-tab-title-1433\" class=\"elementor-tab-title\" data-tab=\"3\" role=\"button\" aria-controls=\"elementor-tab-content-1433\" aria-expanded=\"false\">\n\t\t\t\t\t\t\t\t\t\t\t\t\t<span class=\"elementor-accordion-icon elementor-accordion-icon-left\" aria-hidden=\"true\">\n\t\t\t\t\t\t\t\t\t\t\t\t\t\t\t<span class=\"elementor-accordion-icon-closed\"><i class=\"fas fa-plus\"><\/i><\/span>\n\t\t\t\t\t\t\t\t<span class=\"elementor-accordion-icon-opened\"><i class=\"fas fa-minus\"><\/i><\/span>\n\t\t\t\t\t\t\t\t\t\t\t\t\t\t<\/span>\n\t\t\t\t\t\t\t\t\t\t\t\t<a class=\"elementor-accordion-title\" tabindex=\"0\">Minu \u00f5pingud ja praktikad<\/a>\n\t\t\t\t\t<\/div>\n\t\t\t\t\t<div id=\"elementor-tab-content-1433\" class=\"elementor-tab-content elementor-clearfix\" data-tab=\"3\" role=\"region\" aria-labelledby=\"elementor-tab-title-1433\"><ul><li>L\u00f5petanud Tartu Tervishoiu K\u00f5rgkooli tervisekaitse spetsialisti eriala;<\/li><li>L\u00f5petanud Tallinna Tehnika\u00fclikoolis magistratuuri t\u00f6\u00f6h\u00fcgieenis;<\/li><li>Olnud alates 2008 t\u00f6\u00f6ohutusalane koolitaja ja seel\u00e4bi kohtunud tuhandete t\u00f6\u00f6tajate ja juhtidega \u00fcle Eesti, v\u00e4ga erinevatest valdkondadest;<\/li><li>L\u00e4binud MT\u00dc Mahena koolitused: \u201cTraumaps\u00fchholoogia alused ja taktikalised l\u00e4bir\u00e4\u00e4kimised\u201d, \u201cStressiga seotud ps\u00fc\u00fchikah\u00e4ired\u201d, \u201cN\u00f5ustamisp\u00e4devused: n\u00f5ustamise alused, kriisin\u00f5ustamise erip\u00e4ra\u201d;<\/li><li>L\u00e4binud MT\u00dc Peaasjad koolituse \u201cVaimse tervise esmaabi\u201d;<\/li><li>L\u00e4binud Empaat O\u00dc-s Kadri Riisik juhendamisel Konstellatsiooni l\u00fchikursuse;<\/li><li>L\u00e4binud Innermind O\u00dc-s Robert Randma juhendamisel kehaps\u00fchhoteraapia seminari \u201cKehat\u00f6\u00f6 ja emotsioonid\u201d;<\/li><li>L\u00e4binud Empaat.ee \u201cKasvatus perekonnas ja koolis\u201d (Lektor &#8211; rahvusvaheliselt tuntud s\u00fcsteemsete lahenduste terapeut Marianne Franke-Gricksch) T\u00f6\u00f6tuba k\u00e4sitles uudseid l\u00e4henemisviise kodu ja kooli \u00fchendamiseks ning lastevanemate, \u014dpetajate ja \u014dpilaste suhete parandamiseks;<\/li><li>\u00d5pin Kiire Muutuse Teraapiat ps\u00fchhoterapeut Marisa Peer (Inglismaa) koolis RAPID TRANSFORMATIONAL THERAPY (RTT). See on uuenduslik, kiireid, efektiivseid ning p\u00fcsivaid tulemusi andev teraapia, mis p\u00f5hineb neuroteadusel;<\/li><li>\u00d5pin Imago paarisuhte terapeudiks.<\/li><\/ul><\/div>\n\t\t\t\t<\/div>\n\t\t\t\t\t\t\t\t<\/div>\n\t\t\t\t\t\t<\/div>\n\t\t\t\t<\/div>\n\t\t\t\t\t<\/div>\n\t\t<\/div>\n\t\t\t\t\t<\/div>\n\t\t<\/section>\n\t\t\t\t<section class=\"elementor-section elementor-top-section elementor-element elementor-element-3342529 elementor-section-boxed elementor-section-height-default elementor-section-height-default\" data-id=\"3342529\" data-element_type=\"section\" data-settings=\"{&quot;_ha_eqh_enable&quot;:false}\">\n\t\t\t\t\t\t<div class=\"elementor-container elementor-column-gap-default\">\n\t\t\t\t\t<div class=\"elementor-column elementor-col-100 elementor-top-column elementor-element elementor-element-a2415b9\" data-id=\"a2415b9\" data-element_type=\"column\">\n\t\t\t<div class=\"elementor-widget-wrap elementor-element-populated\">\n\t\t\t\t\t\t<div class=\"elementor-element elementor-element-e7a0e36 elementor-widget elementor-widget-heading\" data-id=\"e7a0e36\" data-element_type=\"widget\" data-widget_type=\"heading.default\">\n\t\t\t\t<div class=\"elementor-widget-container\">\n\t\t\t\t\t<h2 class=\"elementor-heading-title elementor-size-default\">HOIAME ELUR\u00d5\u00d5MU KOOS ELUS!<\/h2>\t\t\t\t<\/div>\n\t\t\t\t<\/div>\n\t\t\t\t\t<\/div>\n\t\t<\/div>\n\t\t\t\t\t<\/div>\n\t\t<\/section>\n\t\t\t\t<section class=\"elementor-section elementor-top-section elementor-element elementor-element-342296e elementor-section-boxed elementor-section-height-default elementor-section-height-default\" data-id=\"342296e\" data-element_type=\"section\" data-settings=\"{&quot;_ha_eqh_enable&quot;:false}\">\n\t\t\t\t\t\t<div class=\"elementor-container elementor-column-gap-default\">\n\t\t\t\t\t<div class=\"elementor-column elementor-col-25 elementor-top-column elementor-element elementor-element-a1a2702\" data-id=\"a1a2702\" data-element_type=\"column\">\n\t\t\t<div class=\"elementor-widget-wrap elementor-element-populated\">\n\t\t\t\t\t\t<div class=\"elementor-element elementor-element-62367514 ha-has-bg-overlay elementor-widget elementor-widget-ha-member happy-addon ha-member\" data-id=\"62367514\" data-element_type=\"widget\" data-widget_type=\"ha-member.default\">\n\t\t\t\t<div class=\"elementor-widget-container\">\n\t\t\t\t\t\n\t\t\t\t\t<figure class=\"ha-member-figure\">\n\t\t\t\t<img decoding=\"async\" src=\"https:\/\/meaningfultalks.eu\/dev\/wp-content\/uploads\/2022\/04\/DSC_6868-By-Karen-Harms-edited.jpg\" title=\"\" alt=\"\" class=\"elementor-animation-disable-animation\" loading=\"lazy\" \/>\t\t\t<\/figure>\n\t\t\n\t\t<div class=\"ha-member-body\">\n\t\t\t<h2 class=\"ha-member-name\">Kristi J\u00f5eorg<\/h2>\n\t\t\t\n\t\t\t\t\t\t\t<div class=\"ha-member-bio\">\n\t\t\t\t\t<p><a href=\"mailto:kristi@meaningfultalks.eu\"><b>kristi@meaningfultalks.eu<\/b><\/a><\/p>\n\t\t\t\t<\/div>\n\t\t\t\n\t\t\t\n\t\t\t\n\t\t\t\t\t<\/div>\n\t\t\t\t\t\t<\/div>\n\t\t\t\t<\/div>\n\t\t\t\t<div class=\"elementor-element elementor-element-24d1e579 ha-has-bg-overlay elementor-widget elementor-widget-ha-member happy-addon ha-member\" data-id=\"24d1e579\" data-element_type=\"widget\" data-widget_type=\"ha-member.default\">\n\t\t\t\t<div class=\"elementor-widget-container\">\n\t\t\t\t\t\n\t\t\t\t\t<figure class=\"ha-member-figure\">\n\t\t\t\t<img decoding=\"async\" src=\"https:\/\/meaningfultalks.eu\/dev\/wp-content\/uploads\/2022\/04\/tax-and-accounting-business-concept-2021-08-26-22-28-00-utc-scaled.jpg\" title=\"\" alt=\"\" class=\"elementor-animation-disable-animation\" loading=\"lazy\" \/>\t\t\t<\/figure>\n\t\t\n\t\t<div class=\"ha-member-body\">\n\t\t\t<h2 class=\"ha-member-name\">\u00dclle Promet (arved)<\/h2>\n\t\t\t\n\t\t\t\t\t\t\t<div class=\"ha-member-bio\">\n\t\t\t\t\t<p><a href=\"mailto:ylle@meaningfultalks.eu\"><b>ylle@meaningfultalks.eu<\/b><\/a><\/p>\n\t\t\t\t<\/div>\n\t\t\t\n\t\t\t\n\t\t\t\n\t\t\t\t\t<\/div>\n\t\t\t\t\t\t<\/div>\n\t\t\t\t<\/div>\n\t\t\t\t\t<\/div>\n\t\t<\/div>\n\t\t\t\t<div class=\"elementor-column elementor-col-25 elementor-top-column elementor-element elementor-element-1b8f0f1\" data-id=\"1b8f0f1\" data-element_type=\"column\">\n\t\t\t<div class=\"elementor-widget-wrap elementor-element-populated\">\n\t\t\t\t\t\t<div class=\"elementor-element elementor-element-fcd498a ha-has-bg-overlay elementor-widget elementor-widget-ha-member happy-addon ha-member\" data-id=\"fcd498a\" data-element_type=\"widget\" data-widget_type=\"ha-member.default\">\n\t\t\t\t<div class=\"elementor-widget-container\">\n\t\t\t\t\t\n\t\t\t\t\t<figure class=\"ha-member-figure\">\n\t\t\t\t<img decoding=\"async\" src=\"https:\/\/meaningfultalks.eu\/dev\/wp-content\/uploads\/2022\/04\/1623420801417.jpeg\" title=\"\" alt=\"\" class=\"elementor-animation-disable-animation\" loading=\"lazy\" \/>\t\t\t<\/figure>\n\t\t\n\t\t<div class=\"ha-member-body\">\n\t\t\t<h2 class=\"ha-member-name\">Lilian Promet<\/h2>\n\t\t\t\n\t\t\t\t\t\t\t<div class=\"ha-member-bio\">\n\t\t\t\t\t<p><a href=\"mailto:lilian@meaningfultalks.eu\"><b>lilian@meaningfultalks.eu<\/b><\/a><\/p>\n\t\t\t\t<\/div>\n\t\t\t\n\t\t\t\n\t\t\t\n\t\t\t\t\t<\/div>\n\t\t\t\t\t\t<\/div>\n\t\t\t\t<\/div>\n\t\t\t\t<div class=\"elementor-element elementor-element-47be2777 ha-has-bg-overlay elementor-widget elementor-widget-ha-member happy-addon ha-member\" data-id=\"47be2777\" data-element_type=\"widget\" data-widget_type=\"ha-member.default\">\n\t\t\t\t<div class=\"elementor-widget-container\">\n\t\t\t\t\t\n\t\t\t\t\t<figure class=\"ha-member-figure\">\n\t\t\t\t<img decoding=\"async\" src=\"https:\/\/meaningfultalks.eu\/dev\/wp-content\/uploads\/2022\/04\/many-question-marks-on-white-papers-doodle-drawn-2021-09-30-03-43-46-utc-scaled.jpg\" title=\"\" alt=\"\" class=\"elementor-animation-disable-animation\" loading=\"lazy\" \/>\t\t\t<\/figure>\n\t\t\n\t\t<div class=\"ha-member-body\">\n\t\t\t<h2 class=\"ha-member-name\">K\u00fcsimused, p\u00e4ringud<\/h2>\n\t\t\t\n\t\t\t\t\t\t\t<div class=\"ha-member-bio\">\n\t\t\t\t\t<p><a href=\"mailto:info@meaningfultalks.eu\"><b>info@meaningfultalks.eu<\/b><\/a><\/p>\n\t\t\t\t<\/div>\n\t\t\t\n\t\t\t\n\t\t\t\n\t\t\t\t\t<\/div>\n\t\t\t\t\t\t<\/div>\n\t\t\t\t<\/div>\n\t\t\t\t\t<\/div>\n\t\t<\/div>\n\t\t\t\t<div class=\"elementor-column elementor-col-50 elementor-top-column elementor-element elementor-element-613155b\" data-id=\"613155b\" data-element_type=\"column\" data-settings=\"{&quot;background_background&quot;:&quot;classic&quot;}\">\n\t\t\t<div class=\"elementor-widget-wrap elementor-element-populated\">\n\t\t\t\t\t\t<div class=\"elementor-element elementor-element-5b9ac95 elementor-widget elementor-widget-heading\" data-id=\"5b9ac95\" data-element_type=\"widget\" data-widget_type=\"heading.default\">\n\t\t\t\t<div class=\"elementor-widget-container\">\n\t\t\t\t\t<h1 class=\"elementor-heading-title elementor-size-default\">V\u00f5i t\u00e4ida kontaktvorm<\/h1>\t\t\t\t<\/div>\n\t\t\t\t<\/div>\n\t\t\t\t<div class=\"elementor-element elementor-element-18e9db3 elementor-widget elementor-widget-ha-cf7 happy-addon ha-cf7\" data-id=\"18e9db3\" data-element_type=\"widget\" data-widget_type=\"ha-cf7.default\">\n\t\t\t\t<div class=\"elementor-widget-container\">\n\t\t\t\t\t\n<div class=\"wpcf7 no-js\" id=\"wpcf7-f3171-o1\" lang=\"en-GB\" dir=\"ltr\" data-wpcf7-id=\"3171\">\n<div class=\"screen-reader-response\"><p role=\"status\" aria-live=\"polite\" aria-atomic=\"true\"><\/p> <ul><\/ul><\/div>\n<form action=\"\/en\/wp-json\/wp\/v2\/pages\/16857#wpcf7-f3171-o1\" method=\"post\" class=\"wpcf7-form init ha-cf7-form\" aria-label=\"Contact form\" novalidate=\"novalidate\" data-status=\"init\" data-trp-original-action=\"\/en\/wp-json\/wp\/v2\/pages\/16857#wpcf7-f3171-o1\">\n<fieldset class=\"hidden-fields-container\"><input type=\"hidden\" name=\"_wpcf7\" value=\"3171\" \/><input type=\"hidden\" name=\"_wpcf7_version\" value=\"6.1.5\" \/><input type=\"hidden\" name=\"_wpcf7_locale\" value=\"en_GB\" \/><input type=\"hidden\" name=\"_wpcf7_unit_tag\" value=\"wpcf7-f3171-o1\" \/><input type=\"hidden\" name=\"_wpcf7_container_post\" value=\"0\" \/><input type=\"hidden\" name=\"_wpcf7_posted_data_hash\" value=\"\" \/>\n<\/fieldset>\n<p><label> Nimi<br \/>\n<span class=\"wpcf7-form-control-wrap\" data-name=\"your-name\"><input size=\"40\" maxlength=\"400\" class=\"wpcf7-form-control wpcf7-text wpcf7-validates-as-required\" aria-required=\"true\" aria-invalid=\"false\" value=\"\" type=\"text\" name=\"your-name\" \/><\/span> <\/label>\n<\/p>\n<p><label> E-post<br \/>\n<span class=\"wpcf7-form-control-wrap\" data-name=\"your-email\"><input size=\"40\" maxlength=\"400\" class=\"wpcf7-form-control wpcf7-email wpcf7-validates-as-required wpcf7-text wpcf7-validates-as-email\" aria-required=\"true\" aria-invalid=\"false\" value=\"\" type=\"email\" name=\"your-email\" \/><\/span> <\/label>\n<\/p>\n<p><label> Teema<br \/>\n<span class=\"wpcf7-form-control-wrap\" data-name=\"your-subject\"><input size=\"40\" maxlength=\"400\" class=\"wpcf7-form-control wpcf7-text wpcf7-validates-as-required\" aria-required=\"true\" aria-invalid=\"false\" value=\"\" type=\"text\" name=\"your-subject\" \/><\/span> <\/label>\n<\/p>\n<p><label> S\u00f5num<br \/>\n<span class=\"wpcf7-form-control-wrap\" data-name=\"your-message\"><textarea cols=\"40\" rows=\"10\" maxlength=\"2000\" class=\"wpcf7-form-control wpcf7-textarea\" aria-invalid=\"false\" name=\"your-message\"><\/textarea><\/span> <\/label>\n<\/p>\n<p><input class=\"wpcf7-form-control wpcf7-submit has-spinner\" type=\"submit\" value=\"Saada\" \/>\n<\/p><input type='hidden' class='wpcf7-pum' value='{\"closepopup\":false,\"closedelay\":0,\"openpopup\":false,\"openpopup_id\":0}' \/><div class=\"wpcf7-response-output\" aria-hidden=\"true\"><\/div>\n<input type=\"hidden\" name=\"trp-form-language\" value=\"en\"\/><\/form>\n<\/div>\n\t\t\t\t<\/div>\n\t\t\t\t<\/div>\n\t\t\t\t\t<\/div>\n\t\t<\/div>\n\t\t\t\t\t<\/div>\n\t\t<\/section>\n\t\t\t\t<\/div>","protected":false},"excerpt":{"rendered":"<p>Lilian Promet Julge muutuda Me kardame elus liiga paljut! Pelgame eba\u00f5nnestuda, l\u00e4hedaste arvamust ja meil on pidev hirm materiaalsete asjade p\u00e4rast. Praegu ma tean, kui vajalik on teadvustada hirme ja v\u00e4ljakutseid. M\u00f5ista, et elu ongi t\u00e4is pidevaid muutuseid ja k\u00f5ige enam on meil vaja oskusi ning teadlikkust, et muutustega toime tulla. Vaimse tervise spetsialist Aastal [&hellip;]<\/p>","protected":false},"author":452,"featured_media":0,"parent":0,"menu_order":0,"comment_status":"closed","ping_status":"closed","template":"","meta":{"_acf_changed":false,"content-type":"","advanced_seo_description":"","jetpack_seo_html_title":"","jetpack_seo_noindex":false,"footnotes":""},"class_list":["post-16857","page","type-page","status-publish","hentry"],"blocksy_meta":{"styles_descriptor":{"styles":{"desktop":"","tablet":"","mobile":""},"google_fonts":[],"version":6}},"acf":[],"jetpack_sharing_enabled":true,"_links":{"self":[{"href":"https:\/\/meaningfultalks.eu\/en\/wp-json\/wp\/v2\/pages\/16857","targetHints":{"allow":["GET"]}}],"collection":[{"href":"https:\/\/meaningfultalks.eu\/en\/wp-json\/wp\/v2\/pages"}],"about":[{"href":"https:\/\/meaningfultalks.eu\/en\/wp-json\/wp\/v2\/types\/page"}],"author":[{"embeddable":true,"href":"https:\/\/meaningfultalks.eu\/en\/wp-json\/wp\/v2\/users\/452"}],"replies":[{"embeddable":true,"href":"https:\/\/meaningfultalks.eu\/en\/wp-json\/wp\/v2\/comments?post=16857"}],"version-history":[{"count":0,"href":"https:\/\/meaningfultalks.eu\/en\/wp-json\/wp\/v2\/pages\/16857\/revisions"}],"wp:attachment":[{"href":"https:\/\/meaningfultalks.eu\/en\/wp-json\/wp\/v2\/media?parent=16857"}],"curies":[{"name":"wp","href":"https:\/\/api.w.org\/{rel}","templated":true}]}}