{"id":20837,"date":"2024-01-08T18:30:11","date_gmt":"2024-01-08T16:30:11","guid":{"rendered":"https:\/\/meaningfultalks.eu\/?page_id=20837"},"modified":"2025-05-12T23:07:26","modified_gmt":"2025-05-12T21:07:26","slug":"kogukond_","status":"publish","type":"page","link":"https:\/\/meaningfultalks.eu\/en\/avaleht\/kogukond_\/","title":{"rendered":"Kogukond"},"content":{"rendered":"<div data-elementor-type=\"wp-page\" data-elementor-id=\"20837\" class=\"elementor elementor-20837\" data-elementor-settings=\"{&quot;ha_cmc_init_switcher&quot;:&quot;no&quot;}\" data-elementor-post-type=\"page\">\n\t\t\t\t\t\t<section class=\"elementor-section elementor-top-section elementor-element elementor-element-043f1d4 elementor-section-boxed elementor-section-height-default elementor-section-height-default\" data-id=\"043f1d4\" data-element_type=\"section\" data-settings=\"{&quot;_ha_eqh_enable&quot;:false}\">\n\t\t\t\t\t\t<div class=\"elementor-container elementor-column-gap-default\">\n\t\t\t\t\t<div class=\"elementor-column elementor-col-100 elementor-top-column elementor-element elementor-element-d453813\" data-id=\"d453813\" data-element_type=\"column\">\n\t\t\t<div class=\"elementor-widget-wrap elementor-element-populated\">\n\t\t\t\t\t\t<div class=\"elementor-element elementor-element-7751100 elementor-widget elementor-widget-image\" data-id=\"7751100\" data-element_type=\"widget\" data-widget_type=\"image.default\">\n\t\t\t\t<div class=\"elementor-widget-container\">\n\t\t\t\t\t\t\t\t\t\t\t\t\t\t\t<img fetchpriority=\"high\" decoding=\"async\" width=\"1024\" height=\"267\" src=\"https:\/\/meaningfultalks.eu\/wp-content\/uploads\/2024\/01\/MT_cover_koolitusplatvorm-1024x267.jpg\" class=\"attachment-large size-large wp-image-20839\" alt=\"Koolitusplatvorm\" srcset=\"https:\/\/meaningfultalks.eu\/wp-content\/uploads\/2024\/01\/MT_cover_koolitusplatvorm-1024x267.jpg 1024w, https:\/\/meaningfultalks.eu\/wp-content\/uploads\/2024\/01\/MT_cover_koolitusplatvorm-300x78.jpg 300w, https:\/\/meaningfultalks.eu\/wp-content\/uploads\/2024\/01\/MT_cover_koolitusplatvorm-768x200.jpg 768w, https:\/\/meaningfultalks.eu\/wp-content\/uploads\/2024\/01\/MT_cover_koolitusplatvorm-1536x400.jpg 1536w, https:\/\/meaningfultalks.eu\/wp-content\/uploads\/2024\/01\/MT_cover_koolitusplatvorm-610x159.jpg 610w, https:\/\/meaningfultalks.eu\/wp-content\/uploads\/2024\/01\/MT_cover_koolitusplatvorm-600x156.jpg 600w, https:\/\/meaningfultalks.eu\/wp-content\/uploads\/2024\/01\/MT_cover_koolitusplatvorm.jpg 1920w\" sizes=\"(max-width: 1024px) 100vw, 1024px\" \/>\t\t\t\t\t\t\t\t\t\t\t\t\t\t\t<\/div>\n\t\t\t\t<\/div>\n\t\t\t\t\t<\/div>\n\t\t<\/div>\n\t\t\t\t\t<\/div>\n\t\t<\/section>\n\t\t\t\t<section class=\"elementor-section elementor-top-section elementor-element elementor-element-4e91140 elementor-section-boxed elementor-section-height-default elementor-section-height-default\" data-id=\"4e91140\" data-element_type=\"section\" data-settings=\"{&quot;_ha_eqh_enable&quot;:false}\">\n\t\t\t\t\t\t<div class=\"elementor-container elementor-column-gap-default\">\n\t\t\t\t\t<div class=\"elementor-column elementor-col-100 elementor-top-column elementor-element elementor-element-8e0be13\" data-id=\"8e0be13\" data-element_type=\"column\">\n\t\t\t<div class=\"elementor-widget-wrap elementor-element-populated\">\n\t\t\t\t\t\t<div class=\"elementor-element elementor-element-3129538 elementor-widget elementor-widget-spacer\" data-id=\"3129538\" data-element_type=\"widget\" data-widget_type=\"spacer.default\">\n\t\t\t\t<div class=\"elementor-widget-container\">\n\t\t\t\t\t\t\t<div class=\"elementor-spacer\">\n\t\t\t<div class=\"elementor-spacer-inner\"><\/div>\n\t\t<\/div>\n\t\t\t\t\t\t<\/div>\n\t\t\t\t<\/div>\n\t\t\t\t\t<\/div>\n\t\t<\/div>\n\t\t\t\t\t<\/div>\n\t\t<\/section>\n\t\t\t\t<section class=\"elementor-section elementor-top-section elementor-element elementor-element-ea6c810 elementor-section-boxed elementor-section-height-default elementor-section-height-default\" data-id=\"ea6c810\" data-element_type=\"section\" data-settings=\"{&quot;_ha_eqh_enable&quot;:false}\">\n\t\t\t\t\t\t<div class=\"elementor-container elementor-column-gap-default\">\n\t\t\t\t\t<div class=\"elementor-column elementor-col-100 elementor-top-column elementor-element elementor-element-e849caf\" data-id=\"e849caf\" data-element_type=\"column\">\n\t\t\t<div class=\"elementor-widget-wrap elementor-element-populated\">\n\t\t\t\t\t\t<div class=\"elementor-element elementor-element-a32d8b9 elementor-widget elementor-widget-heading\" data-id=\"a32d8b9\" data-element_type=\"widget\" data-widget_type=\"heading.default\">\n\t\t\t\t<div class=\"elementor-widget-container\">\n\t\t\t\t\t<h3 class=\"elementor-heading-title elementor-size-default\">TARGALT \u00d5PPIMISE KOGUKOND<\/h3>\t\t\t\t<\/div>\n\t\t\t\t<\/div>\n\t\t\t\t\t<\/div>\n\t\t<\/div>\n\t\t\t\t\t<\/div>\n\t\t<\/section>\n\t\t\t\t<section class=\"elementor-section elementor-top-section elementor-element elementor-element-977151e elementor-section-boxed elementor-section-height-default elementor-section-height-default\" data-id=\"977151e\" data-element_type=\"section\" data-settings=\"{&quot;_ha_eqh_enable&quot;:false}\">\n\t\t\t\t\t\t<div class=\"elementor-container elementor-column-gap-default\">\n\t\t\t\t\t<div class=\"elementor-column elementor-col-100 elementor-top-column elementor-element elementor-element-2cc6f19\" data-id=\"2cc6f19\" data-element_type=\"column\">\n\t\t\t<div class=\"elementor-widget-wrap elementor-element-populated\">\n\t\t\t\t\t\t<div class=\"elementor-element elementor-element-eafb025 elementor-widget elementor-widget-spacer\" data-id=\"eafb025\" data-element_type=\"widget\" data-widget_type=\"spacer.default\">\n\t\t\t\t<div class=\"elementor-widget-container\">\n\t\t\t\t\t\t\t<div class=\"elementor-spacer\">\n\t\t\t<div class=\"elementor-spacer-inner\"><\/div>\n\t\t<\/div>\n\t\t\t\t\t\t<\/div>\n\t\t\t\t<\/div>\n\t\t\t\t\t<\/div>\n\t\t<\/div>\n\t\t\t\t\t<\/div>\n\t\t<\/section>\n\t\t\t\t<section class=\"elementor-section elementor-top-section elementor-element elementor-element-d809b74 elementor-section-boxed elementor-section-height-default elementor-section-height-default\" data-id=\"d809b74\" data-element_type=\"section\" data-settings=\"{&quot;_ha_eqh_enable&quot;:false}\">\n\t\t\t\t\t\t<div class=\"elementor-container elementor-column-gap-default\">\n\t\t\t\t\t<div class=\"elementor-column elementor-col-100 elementor-top-column elementor-element elementor-element-ef05ea1\" data-id=\"ef05ea1\" data-element_type=\"column\">\n\t\t\t<div class=\"elementor-widget-wrap elementor-element-populated\">\n\t\t\t\t\t\t<div class=\"elementor-element elementor-element-2daf763 elementor-widget elementor-widget-text-editor\" data-id=\"2daf763\" data-element_type=\"widget\" data-widget_type=\"text-editor.default\">\n\t\t\t\t<div class=\"elementor-widget-container\">\n\t\t\t\t\t\t\t\t\t<p>Targalt \u00f5ppimise kogukond on virtuaalne keskkond, kuhu kutsume nii \u00f5petajaid, lapsevanemaid kui ka haridusentusiaste nutikama \u00f5ppimise ja toetavama hariduse osas inspiratsiooni ja teadmisi koguma. V\u00f5iks arvata, et meil on erinevad vajadused ja ootused, kuid meid k\u00f5iki seob siiski \u00fchine eesm\u00e4rk \u2013 laste toetamine \u00f5ppimises, arengus ja heaolus, et neist kasvaksid s\u00e4rasilmsed, ennastjuhtivad ja ettev\u00f5tlikud tulevikut\u00e4iskasvanud.<\/p><p><b>\u201cSelleks, et kasvatada last, on tarvis tervet k\u00fcla\u201d\u00a0<span style=\"font-size: inherit; text-align: inherit;\">Aafrika vanas\u00f5na<\/span><\/b><\/p>\t\t\t\t\t\t\t\t<\/div>\n\t\t\t\t<\/div>\n\t\t\t\t\t<\/div>\n\t\t<\/div>\n\t\t\t\t\t<\/div>\n\t\t<\/section>\n\t\t\t\t<section class=\"elementor-section elementor-top-section elementor-element elementor-element-8c6e2a9 elementor-section-boxed elementor-section-height-default elementor-section-height-default\" data-id=\"8c6e2a9\" data-element_type=\"section\" data-settings=\"{&quot;_ha_eqh_enable&quot;:false}\">\n\t\t\t\t\t\t<div class=\"elementor-container elementor-column-gap-default\">\n\t\t\t\t\t<div class=\"elementor-column elementor-col-100 elementor-top-column elementor-element elementor-element-5fcd211\" data-id=\"5fcd211\" data-element_type=\"column\">\n\t\t\t<div class=\"elementor-widget-wrap elementor-element-populated\">\n\t\t\t\t\t\t<div class=\"elementor-element elementor-element-4cb5fd2 elementor-widget-divider--view-line_icon elementor-view-default elementor-widget-divider--element-align-center elementor-widget elementor-widget-divider\" data-id=\"4cb5fd2\" data-element_type=\"widget\" data-widget_type=\"divider.default\">\n\t\t\t\t<div class=\"elementor-widget-container\">\n\t\t\t\t\t\t\t<div class=\"elementor-divider\">\n\t\t\t<span class=\"elementor-divider-separator\">\n\t\t\t\t\t\t\t<div class=\"elementor-icon elementor-divider__element\">\n\t\t\t\t\t<i aria-hidden=\"true\" class=\"fas fa-street-view\"><\/i><\/div>\n\t\t\t\t\t\t<\/span>\n\t\t<\/div>\n\t\t\t\t\t\t<\/div>\n\t\t\t\t<\/div>\n\t\t\t\t\t<\/div>\n\t\t<\/div>\n\t\t\t\t\t<\/div>\n\t\t<\/section>\n\t\t\t\t<section class=\"elementor-section elementor-top-section elementor-element elementor-element-7d22110 elementor-section-boxed elementor-section-height-default elementor-section-height-default\" data-id=\"7d22110\" data-element_type=\"section\" data-settings=\"{&quot;_ha_eqh_enable&quot;:false}\">\n\t\t\t\t\t\t<div class=\"elementor-container elementor-column-gap-default\">\n\t\t\t\t\t<div class=\"elementor-column elementor-col-100 elementor-top-column elementor-element elementor-element-d684627\" data-id=\"d684627\" data-element_type=\"column\">\n\t\t\t<div class=\"elementor-widget-wrap elementor-element-populated\">\n\t\t\t\t\t\t<div class=\"elementor-element elementor-element-583ae93 elementor-widget elementor-widget-text-editor\" data-id=\"583ae93\" data-element_type=\"widget\" data-widget_type=\"text-editor.default\">\n\t\t\t\t<div class=\"elementor-widget-container\">\n\t\t\t\t\t\t\t\t\t<p>Targalt \u00f5ppimise kogukond on suunatud:<\/p><p>\ud83c\udfaf \u00f5petajale, kes vajab inspiratsiooni ja metoodilist tuge erinevate \u00f5ppemeetodite, digilahenduste ja interaktiivsete materjalide n\u00e4ol ning hoogu professionaalsele arengule.<\/p><p>\ud83c\udfaf lapsevanemale, kes soovib oma last kasvamisel ja \u00f5ppimisel toetada ning avastada uusi vaatenurki ja lahendusi suhete, vaimse tervise ja muude aktuaalsete teemade osas nagu nutiseadmed, motivatsioon, \u00f5piraskused, riskik\u00e4itumine (e-sigaretid) jpm.<\/p>\t\t\t\t\t\t\t\t<\/div>\n\t\t\t\t<\/div>\n\t\t\t\t\t<\/div>\n\t\t<\/div>\n\t\t\t\t\t<\/div>\n\t\t<\/section>\n\t\t\t\t<section class=\"elementor-section elementor-top-section elementor-element elementor-element-4912914 elementor-section-boxed elementor-section-height-default elementor-section-height-default\" data-id=\"4912914\" data-element_type=\"section\" data-settings=\"{&quot;_ha_eqh_enable&quot;:false}\">\n\t\t\t\t\t\t<div class=\"elementor-container elementor-column-gap-default\">\n\t\t\t\t\t<div class=\"elementor-column elementor-col-100 elementor-top-column elementor-element elementor-element-1e3dd21\" data-id=\"1e3dd21\" data-element_type=\"column\">\n\t\t\t<div class=\"elementor-widget-wrap elementor-element-populated\">\n\t\t\t\t\t\t<div class=\"elementor-element elementor-element-88bbe95 elementor-widget elementor-widget-heading\" data-id=\"88bbe95\" data-element_type=\"widget\" data-widget_type=\"heading.default\">\n\t\t\t\t<div class=\"elementor-widget-container\">\n\t\t\t\t\t<h3 class=\"elementor-heading-title elementor-size-default\">Kogukonnaliikmeid ootavad nii kokkusaamised p\u00e4riselus kui ka virtuaalsed s\u00fcndmused, kus oma ala spetsialistid jagavad kasulikke taipamisi ja kogemusi erinevatel \u00f5ppimise, enesehoiu ja suhetega seotud teemadel. Muuhulgas \u00f5pime koos:\n<\/h3>\t\t\t\t<\/div>\n\t\t\t\t<\/div>\n\t\t\t\t\t<\/div>\n\t\t<\/div>\n\t\t\t\t\t<\/div>\n\t\t<\/section>\n\t\t\t\t<section class=\"elementor-section elementor-top-section elementor-element elementor-element-ed5e4e8 elementor-section-boxed elementor-section-height-default elementor-section-height-default\" data-id=\"ed5e4e8\" data-element_type=\"section\" data-settings=\"{&quot;_ha_eqh_enable&quot;:false}\">\n\t\t\t\t\t\t<div class=\"elementor-container elementor-column-gap-default\">\n\t\t\t\t\t<div class=\"elementor-column elementor-col-100 elementor-top-column elementor-element elementor-element-6ac41df\" data-id=\"6ac41df\" data-element_type=\"column\">\n\t\t\t<div class=\"elementor-widget-wrap elementor-element-populated\">\n\t\t\t\t\t\t<div class=\"elementor-element elementor-element-8be21a5 elementor-widget elementor-widget-text-editor\" data-id=\"8be21a5\" data-element_type=\"widget\" data-widget_type=\"text-editor.default\">\n\t\t\t\t<div class=\"elementor-widget-container\">\n\t\t\t\t\t\t\t\t\t<p>\ud83d\udc49 mida teha siis, kui laps ei taha \u00f5ppida \u2013 motivatsioon, vastupanu ja koost\u00f6\u00f6;<\/p><p>\ud83d\udc49 kuidas arendada lapse enesejuhtimise v\u00f5imeid, sotsiaalseid oskusi ja empaatiav\u00f5imet;<\/p><p>\ud83d\udc49 millist toetust vajavad erilised ja andekad lapsed kodus ja koolis;<\/p><p>\ud83d\udc49 kuidas tulla toime nutiseadmete ja digimaailma dilemmadega ning kuidas ekraane targalt \u00e4ra kasutada;<\/p><p>\ud83d\udc49 milline on turvaline \u00f5ppimist ja arengut toetav \u00f5hkkond ning kuidas seda saavutada;<\/p><p>\ud83d\udc49 kuidas paremini oma aega planeerida ning kust leida v\u00e4rskeid ideid loomingulise kriisi korral;<\/p><p>\ud83d\udc49 miks on piiride seadmine oluline nii suhetes lapsevanema, \u00f5petaja kui lapsega ja kuidas seda teha;<\/p><p>\ud83d\udc49 kuidas ennetada l\u00e4bip\u00f5lemist ja taastada emotsionaalne tasakaal.<\/p>\t\t\t\t\t\t\t\t<\/div>\n\t\t\t\t<\/div>\n\t\t\t\t\t<\/div>\n\t\t<\/div>\n\t\t\t\t\t<\/div>\n\t\t<\/section>\n\t\t\t\t<section class=\"elementor-section elementor-top-section elementor-element elementor-element-ce50ad9 elementor-section-boxed elementor-section-height-default elementor-section-height-default\" data-id=\"ce50ad9\" data-element_type=\"section\" data-settings=\"{&quot;_ha_eqh_enable&quot;:false}\">\n\t\t\t\t\t\t<div class=\"elementor-container elementor-column-gap-default\">\n\t\t\t\t\t<div class=\"elementor-column elementor-col-100 elementor-top-column elementor-element elementor-element-9deb715\" data-id=\"9deb715\" data-element_type=\"column\">\n\t\t\t<div class=\"elementor-widget-wrap elementor-element-populated\">\n\t\t\t\t\t\t<div class=\"elementor-element elementor-element-fd438b2 elementor-widget elementor-widget-heading\" data-id=\"fd438b2\" data-element_type=\"widget\" data-widget_type=\"heading.default\">\n\t\t\t\t<div class=\"elementor-widget-container\">\n\t\t\t\t\t<h3 class=\"elementor-heading-title elementor-size-default\">Miks meid valida?\n<\/h3>\t\t\t\t<\/div>\n\t\t\t\t<\/div>\n\t\t\t\t\t<\/div>\n\t\t<\/div>\n\t\t\t\t\t<\/div>\n\t\t<\/section>\n\t\t\t\t<section class=\"elementor-section elementor-top-section elementor-element elementor-element-c140ba7 elementor-section-boxed elementor-section-height-default elementor-section-height-default\" data-id=\"c140ba7\" data-element_type=\"section\" data-settings=\"{&quot;_ha_eqh_enable&quot;:false}\">\n\t\t\t\t\t\t<div class=\"elementor-container elementor-column-gap-default\">\n\t\t\t\t\t<div class=\"elementor-column elementor-col-100 elementor-top-column elementor-element elementor-element-93f5a36\" data-id=\"93f5a36\" data-element_type=\"column\">\n\t\t\t<div class=\"elementor-widget-wrap elementor-element-populated\">\n\t\t\t\t\t\t<div class=\"elementor-element elementor-element-e12af0c elementor-widget elementor-widget-text-editor\" data-id=\"e12af0c\" data-element_type=\"widget\" data-widget_type=\"text-editor.default\">\n\t\t\t\t<div class=\"elementor-widget-container\">\n\t\t\t\t\t\t\t\t\t<p><b>8 p\u00f5hjust miks targalt \u00f5ppimise kogukonnaga liitumine on v\u00e4\u00e4rt investeering:<\/b><\/p><p><b>\ud83c\udf31 Iga kuu ootab Sind 1\u20132 inspireerivat ja harivat veebiseminari oma ala ekspertidega;<\/b><\/p><p><b>\ud83c\udf31Iga kuu saad tasuta ligip\u00e4\u00e4su \u00fchele hariduse- ja \u00f5ppimiseteemalisele e-raamatule;<\/b><\/p><p><b>\ud83c\udf31 Oled kursis haridusmaastiku uusimate suundade ja avastustega \u2013 mitte ainult pealtvaataja, vaid ka aktiivse kaasam\u00f5tlejana.<\/b><\/p><p><b>\ud83c\udf31 Jagame Sinuga praktilisi, kasulikke ja p\u00f5nevaid \u00f5ppimist toetavaid materjale, mida saab kasutada nii kodus kui ka klassiruumis.<\/b><\/p><p><b>\ud83c\udf31 Oled osa \u00fchiste huvide ja eesm\u00e4rkidega inimeste ja ekspertide kogukonnast ning Sul on v\u00f5imalus kohtuda nendega nii p\u00e4riselus kui veebis\u00fcndmustel. S\u00fcndmustest saad alati esimesena teada.<\/b><\/p><p><b>\ud83c\udf31 Sind toetab targalt \u00f5ppimise facebooki-kogukond, kus jagada m\u00f5tteid ja ideid, saada enda k\u00fcsimustele vastuseid ning osaleda temaatilistes aruteludes.<\/b><\/p><p><b>\ud83c\udf31 Sind ootavad soodustused mitmetele p\u00f5nevatele raamatutele, digitaalsele \u00f5ppematerjalidele ja s\u00fcndmuste piletitele.<\/b><\/p><p><b>\ud83c\udf31 Jagame Sinuga toetavaid ja t\u00f5eliselt l\u00f5busaid nippe, kuidas kodus ja klassis iseenda ja lapse meelerahu ja r\u00f5\u00f5mu s\u00e4ilitada.<\/b><\/p>\t\t\t\t\t\t\t\t<\/div>\n\t\t\t\t<\/div>\n\t\t\t\t\t<\/div>\n\t\t<\/div>\n\t\t\t\t\t<\/div>\n\t\t<\/section>\n\t\t\t\t<section class=\"elementor-section elementor-top-section elementor-element elementor-element-4bf03c0 elementor-section-boxed elementor-section-height-default elementor-section-height-default\" data-id=\"4bf03c0\" data-element_type=\"section\" data-settings=\"{&quot;_ha_eqh_enable&quot;:false}\">\n\t\t\t\t\t\t<div class=\"elementor-container elementor-column-gap-default\">\n\t\t\t\t\t<div class=\"elementor-column elementor-col-100 elementor-top-column elementor-element elementor-element-f484f5c\" data-id=\"f484f5c\" data-element_type=\"column\">\n\t\t\t<div class=\"elementor-widget-wrap elementor-element-populated\">\n\t\t\t\t\t\t<div class=\"elementor-element elementor-element-21550b2 elementor-widget elementor-widget-spacer\" data-id=\"21550b2\" data-element_type=\"widget\" data-widget_type=\"spacer.default\">\n\t\t\t\t<div class=\"elementor-widget-container\">\n\t\t\t\t\t\t\t<div class=\"elementor-spacer\">\n\t\t\t<div class=\"elementor-spacer-inner\"><\/div>\n\t\t<\/div>\n\t\t\t\t\t\t<\/div>\n\t\t\t\t<\/div>\n\t\t\t\t\t<\/div>\n\t\t<\/div>\n\t\t\t\t\t<\/div>\n\t\t<\/section>\n\t\t\t\t<section class=\"elementor-section elementor-top-section elementor-element elementor-element-dd635db elementor-section-boxed elementor-section-height-default elementor-section-height-default\" data-id=\"dd635db\" data-element_type=\"section\" data-settings=\"{&quot;_ha_eqh_enable&quot;:false}\">\n\t\t\t\t\t\t<div class=\"elementor-container elementor-column-gap-default\">\n\t\t\t\t\t<div class=\"elementor-column elementor-col-100 elementor-top-column elementor-element elementor-element-82f85c5\" data-id=\"82f85c5\" data-element_type=\"column\">\n\t\t\t<div class=\"elementor-widget-wrap elementor-element-populated\">\n\t\t\t\t\t\t<div class=\"elementor-element elementor-element-c16dd16 elementor-widget elementor-widget-heading\" data-id=\"c16dd16\" data-element_type=\"widget\" data-widget_type=\"heading.default\">\n\t\t\t\t<div class=\"elementor-widget-container\">\n\t\t\t\t\t<h3 class=\"elementor-heading-title elementor-size-default\">Kogukonna uksed on selleks korraks kinni!<\/h3>\t\t\t\t<\/div>\n\t\t\t\t<\/div>\n\t\t\t\t\t<\/div>\n\t\t<\/div>\n\t\t\t\t\t<\/div>\n\t\t<\/section>\n\t\t\t\t<section class=\"elementor-section elementor-top-section elementor-element elementor-element-8e6a659 elementor-section-boxed elementor-section-height-default elementor-section-height-default\" data-id=\"8e6a659\" data-element_type=\"section\" data-settings=\"{&quot;_ha_eqh_enable&quot;:false}\">\n\t\t\t\t\t\t<div class=\"elementor-container elementor-column-gap-default\">\n\t\t\t\t\t<div class=\"elementor-column elementor-col-100 elementor-top-column elementor-element elementor-element-f231d46\" data-id=\"f231d46\" data-element_type=\"column\">\n\t\t\t<div class=\"elementor-widget-wrap elementor-element-populated\">\n\t\t\t\t\t\t<div class=\"elementor-element elementor-element-9dc0ecd elementor-widget elementor-widget-text-editor\" data-id=\"9dc0ecd\" data-element_type=\"widget\" data-widget_type=\"text-editor.default\">\n\t\t\t\t<div class=\"elementor-widget-container\">\n\t\t\t\t\t\t\t\t\t<p><span style=\"font-size: inherit; text-align: inherit;\">\u00dcKS KUU KOGUKONNAS<\/span><\/p><p>17,90 \u20ac \/ kuus<\/p><p>\ud83c\udfaf\u00a0 Palju v\u00e4\u00e4rtusliku videomaterjali.<\/p><p>Iga kuu v\u00e4hemalt \u00fcks veebiseminar uuel ja vajalikul teemal<\/p><p>\ud83c\udfaf Iga kuu \u00fcks TASUTA e-raamat<\/p><p>\ud83c\udfaf K\u00f5ikide uute virtuaalkonverentside piiramatu tasuta vaatamise v\u00f5imalus<\/p><p>\ud83c\udfaf P\u00f5nevad \u00fchised v\u00e4ljakutsed<\/p><p>\ud83c\udfaf Toetav suhtluskeskkond, kus jagada oma r\u00f5\u00f5me ja muresid<\/p><p>\ud83c\udfaf Ligip\u00e4\u00e4s privaatsesse vestlusgruppi<\/p><p>\ud83c\udfaf Soodustused Meaningful Talks&#8217;i toodetele, teenustele ja s\u00fcndmustele<\/p>\t\t\t\t\t\t\t\t<\/div>\n\t\t\t\t<\/div>\n\t\t\t\t\t<\/div>\n\t\t<\/div>\n\t\t\t\t\t<\/div>\n\t\t<\/section>\n\t\t\t\t<\/div>","protected":false},"excerpt":{"rendered":"<p>TARGALT \u00d5PPIMISE KOGUKOND Targalt \u00f5ppimise kogukond on virtuaalne keskkond, kuhu kutsume nii \u00f5petajaid, lapsevanemaid kui ka haridusentusiaste nutikama \u00f5ppimise ja toetavama hariduse osas inspiratsiooni ja teadmisi koguma. V\u00f5iks arvata, et meil on erinevad vajadused ja ootused, kuid meid k\u00f5iki seob siiski \u00fchine eesm\u00e4rk \u2013 laste toetamine \u00f5ppimises, arengus ja heaolus, et neist kasvaksid s\u00e4rasilmsed, ennastjuhtivad [&hellip;]<\/p>","protected":false},"author":1,"featured_media":0,"parent":3182,"menu_order":0,"comment_status":"closed","ping_status":"closed","template":"","meta":{"_acf_changed":false,"content-type":"","advanced_seo_description":"","jetpack_seo_html_title":"","jetpack_seo_noindex":false,"footnotes":""},"class_list":["post-20837","page","type-page","status-publish","hentry"],"blocksy_meta":[],"acf":[],"jetpack_sharing_enabled":true,"_links":{"self":[{"href":"https:\/\/meaningfultalks.eu\/en\/wp-json\/wp\/v2\/pages\/20837","targetHints":{"allow":["GET"]}}],"collection":[{"href":"https:\/\/meaningfultalks.eu\/en\/wp-json\/wp\/v2\/pages"}],"about":[{"href":"https:\/\/meaningfultalks.eu\/en\/wp-json\/wp\/v2\/types\/page"}],"author":[{"embeddable":true,"href":"https:\/\/meaningfultalks.eu\/en\/wp-json\/wp\/v2\/users\/1"}],"replies":[{"embeddable":true,"href":"https:\/\/meaningfultalks.eu\/en\/wp-json\/wp\/v2\/comments?post=20837"}],"version-history":[{"count":122,"href":"https:\/\/meaningfultalks.eu\/en\/wp-json\/wp\/v2\/pages\/20837\/revisions"}],"predecessor-version":[{"id":22515,"href":"https:\/\/meaningfultalks.eu\/en\/wp-json\/wp\/v2\/pages\/20837\/revisions\/22515"}],"up":[{"embeddable":true,"href":"https:\/\/meaningfultalks.eu\/en\/wp-json\/wp\/v2\/pages\/3182"}],"wp:attachment":[{"href":"https:\/\/meaningfultalks.eu\/en\/wp-json\/wp\/v2\/media?parent=20837"}],"curies":[{"name":"wp","href":"https:\/\/api.w.org\/{rel}","templated":true}]}}