{"id":16746,"date":"2022-12-09T23:30:13","date_gmt":"2022-12-09T21:30:13","guid":{"rendered":"https:\/\/meaningfultalks.eu\/?post_type=product&#038;p=16746"},"modified":"2025-06-10T12:37:08","modified_gmt":"2025-06-10T10:37:08","slug":"tohusad-sotsiaalsed-ja-enesekohased-oskused","status":"publish","type":"product","link":"https:\/\/meaningfultalks.eu\/en\/shop\/kool-ja-lasteaed-e-kursused\/opetajale-kool-ja-lasteaed-e-kursused\/tohusad-sotsiaalsed-ja-enesekohased-oskused\/","title":{"rendered":"T\u00f5husad sotsiaalsed ja enesekohased oskused"},"content":{"rendered":"<p><b>Koolitus\u00a0sobib suurep\u00e4raselt inimestele, kelle t\u00f6\u00f6 \u00fcheks osaks on tegelemine lastega. Interaktiivne \u00f5ppeprogramm kohandub kasutaja vajadustega, olenemata tasemest.<\/b><\/p>\n<p><span style=\"font-weight: 400;\">T\u00f5husate enesekohaste ja sotsiaalsete oskuste \u00f5petamine on v\u00f5ti, et t\u00e4nap\u00e4eva muutuvas maailmas edukalt toime tulla. \u00d5petajat\u00f6\u00f6s kohtume sageli mitmesuguste v\u00e4ljakutsetega ja probleemk\u00e4itumisega, mis tuleneb hoopis vajalike oskuste puudumisest. \u00d5nneks on ka k\u00e4itumisoskuseid v\u00f5imalik \u00f5ppida ning mitmesugused teadusp\u00f5hised metoodikad annavad siin hea v\u00f5imaluse.<\/span><span style=\"font-weight: 400;\">\u00a0<\/span><\/p>\n<p><b>Kursus lisab enesekindlust ja annab teadlikke reageerimise meetodeid.<\/b><\/p>\n<p><i><span style=\"font-weight: 400;\">Miks see teema k\u00e4sitlus on oluline?<\/span><\/i><\/p>\n<p><span style=\"font-weight: 400;\">T\u00f5husad enesekohased ja sotsiaalsed oskused on olulised, et juhtida enda k\u00e4itumist, efektiivselt suhelda erinevates olukordades ja saavutada enda seatud eesm\u00e4rke. Need oskused aitavad meil paindlikult toime tulla uute v\u00e4ljakutsetega pidevalt muutuvas, kohanemist vajavas maailmas ning luua h\u00e4id suhteid nii enda kui teistega.<\/span><\/p>\n<p><i><span style=\"font-weight: 400;\">Mis juhtub, kui probleem j\u00e4\u00e4b lahendamata?\u00a0<\/span><\/i><\/p>\n<p><span style=\"font-weight: 400;\">Puuduj\u00e4\u00e4gid enesekohastes ja sotsiaalsetes oskustes toovad kaasa mitmesuguseid probleeme \u2013 endasset\u00f5mbumine, heade sotsiaalsete suhete puudumine, puuduj\u00e4\u00e4gid enesekehtestamises, agressiivne k\u00e4itumine, vaimse tervise probleemid jne. Seega on t\u00f5husate oskuste puudumine suur risk inimese toimetulekule.<\/span><\/p>\n<p><i><span style=\"font-weight: 400;\">Mis juhtub, kui probleem lahendatakse?<\/span><\/i><\/p>\n<p><span style=\"font-weight: 400;\">Kui k\u00f5ikidel lastel oleks turvaline ja \u00f5petlik keskkond, mis v\u00f5imaldaks\u00a0 \u00f5ppida enda k\u00e4itumist reguleerima ning teistega t\u00f5husalt suhtlema, v\u00e4heneks mitmesugune probleem- ja riskik\u00e4itumine. Lapseeas \u00f5pitud oskused annavad v\u00e4\u00e4rtusliku pagasi kogu eluks, et meil oleks tulevikus endaga h\u00e4sti toimetulevad, rahulolevad ja muutuvas maailmas kohanevad t\u00e4iskasvanud.\u00a0<\/span><\/p>\n<p><b>E-kursusel k\u00e4sitletavad teemad:<\/b><\/p>\n<ul>\n<li><span style=\"font-weight: 400;\">1.osa- \u201cT\u00f5husad enesekohased ja sotsiaalsed oskused \u201d- Kuidas enesekohased ja sotsiaalsed oskused m\u00f5jutab koolikeskkonnas olemist. ( Video kestus 82 min)<\/span><\/li>\n<li>2.osa- \u201cZUGA liikumispaus\u201d- F\u00fc\u00fcsiliste vajaduste t\u00e4itmine. (Video helifail 6:50 min)<\/li>\n<li>3.osa- \u201cSuhtlemine \u00f5petajana\u201d- Loome suhteid millel on t\u00e4hendus. ( Video kestus 87 min)<\/li>\n<\/ul>\n<p><b>Teadmiste kinnitamine:\u00a0<\/b><\/p>\n<p><span style=\"font-weight: 400;\">E-kursusel on kaheksa k\u00fcsimust \u00f5pitu kinnistamiseks<\/span><\/p>\n<p><b>E-kursuse tulemusena osaleja:<\/b><\/p>\n<ul>\n<li><span style=\"font-weight: 400;\">Oskab ennast ettevalmistada ja h\u00e4\u00e4lestada laste emotsionaalsete k\u00e4itumisviiside puhul.<\/span><\/li>\n<li><span style=\"font-weight: 400;\">M\u00f5istab eduka situatsiooni lahendamise protsesse.<\/span><\/li>\n<li><span style=\"font-weight: 400;\">Teab kuidas rakendada teadlikke l\u00e4henemisviise.<\/span><\/li>\n<li><span style=\"font-weight: 400;\">Saab kasutada 5-10 minutilisi helifaile \u201c Liikumispausid\u201d turgutavaks vahepalaks.<\/span><\/li>\n<\/ul>\n<p><b>Vaata kursuse demovideot: LINK<\/b><\/p>\n<p><span style=\"font-weight: 400;\">Kui soovite pakkumist enam kui \u00fchele kasutajale, siis v\u00f5tke \u00fchendust e-kirja teel: <\/span><a href=\"mailto:koolitus@meaningfultalks.eu\"><span style=\"font-weight: 400;\">koolitus@meaningfultalks.eu<\/span><\/a><\/p>\n<p><span style=\"font-weight: 400;\">E-kursust saavad osta nii individuaalsed \u00f5ppijad kui ka t\u00f6\u00f6andjad oma t\u00f6\u00f6tajatele. Mitme kasutaja korral saab juht koond\u00fclevaate k\u00f5ikide koolitusele registreeritud t\u00f6\u00f6tajate \u00f5piprotsessidest ja tulemustest. E-kursuse suurim pluss on, et see\u00a0aitab praktilistel teadmistel j\u00f5uda k\u00f5igi\u00a0t\u00f6\u00f6tajateni ning neile \u00f5ppimiseks sobival ajal.<\/span><\/p>\n<p><b>E-kursuse lektor:<\/b><\/p>\n<p><span style=\"font-weight: 400;\">E-kursuse lektor <\/span><span style=\"font-weight: 400;\">Minni Aia-Utsal<\/span><span style=\"font-weight: 400;\"> \u00f5pib Tartu \u00dclikoolis doktoratuuris ja \u00f5petab T\u00dc haridusteaduste instituudis tulavasi \u00f5petajaid ja sotsiaalpedagooge. Koolitab koost\u00f6\u00f6s Viking Securityga haridusasutuste t\u00f6\u00f6tajaid. T\u00f6\u00f6tab V\u00f5ru Kesklinna Koolis sotsiaalpedagoogina juba aastast 2016. Samuti on ta Tervise Arengu Instituut, VEPA K\u00e4itumisoskuste M\u00e4ngu koolitaja (0,10). Aastast 2021 Teadusorganisatsiooniline ja -administratiivne tegevustena toimetab ta Eesti Sotsiaalpedagoogide \u00dchendus, juhatuse esimehena ja osaleb Jean Monnet projektis &#8220;Kodanikuharidus Euroopa v\u00e4\u00e4rtuste kontekstis\u201d.<\/span><\/p>","protected":false},"excerpt":{"rendered":"<h3><strong>25+ kasutajat- k\u00fcsi pakkumist<\/strong><\/h3>\n<p><span style=\"font-weight: 400;\">Peale ostu sooritamist saate\u00a0<\/span><b>\u00fche t\u00f6\u00f6p\u00e4eva jooksul<\/b><span style=\"font-weight: 400;\"> info e-kursusele ligip\u00e4\u00e4su kohta.<\/span><\/p>\n<p><span style=\"font-weight: 400;\">Kursuse l\u00e4bimiseks kulub umbes\u00a0<\/span><b>176 minutit.<\/b><span style=\"font-weight: 400;\">\u00a0E-kursuse kasutamis\u00f5igus kehtib kuus kuud.<\/span><\/p>\n<p><b>Koolitus\u00a0sobib suurep\u00e4raselt inimestele, kelle t\u00f6\u00f6 \u00fcheks osaks on tegelemine lastega. Interaktiivne \u00f5ppeprogramm kohandub kasutaja vajadustega, olenemata tasemest.<\/b><\/p>","protected":false},"featured_media":16761,"comment_status":"closed","ping_status":"closed","template":"","meta":{"_acf_changed":false,"content-type":"","advanced_seo_description":"","jetpack_seo_html_title":"","jetpack_seo_noindex":false},"product_brand":[],"product_cat":[85,84],"product_tag":[],"class_list":{"0":"post-16746","1":"product","2":"type-product","3":"status-publish","4":"has-post-thumbnail","6":"product_cat-lasteaednikule-kool-ja-lasteaed-e-kursused","7":"product_cat-opetajale-kool-ja-lasteaed-e-kursused","9":"first","10":"instock","11":"virtual","12":"taxable","13":"purchasable","14":"product-type-simple"},"acf":[],"jetpack_sharing_enabled":true,"_links":{"self":[{"href":"https:\/\/meaningfultalks.eu\/en\/wp-json\/wp\/v2\/product\/16746","targetHints":{"allow":["GET"]}}],"collection":[{"href":"https:\/\/meaningfultalks.eu\/en\/wp-json\/wp\/v2\/product"}],"about":[{"href":"https:\/\/meaningfultalks.eu\/en\/wp-json\/wp\/v2\/types\/product"}],"replies":[{"embeddable":true,"href":"https:\/\/meaningfultalks.eu\/en\/wp-json\/wp\/v2\/comments?post=16746"}],"wp:featuredmedia":[{"embeddable":true,"href":"https:\/\/meaningfultalks.eu\/en\/wp-json\/wp\/v2\/media\/16761"}],"wp:attachment":[{"href":"https:\/\/meaningfultalks.eu\/en\/wp-json\/wp\/v2\/media?parent=16746"}],"wp:term":[{"taxonomy":"product_brand","embeddable":true,"href":"https:\/\/meaningfultalks.eu\/en\/wp-json\/wp\/v2\/product_brand?post=16746"},{"taxonomy":"product_cat","embeddable":true,"href":"https:\/\/meaningfultalks.eu\/en\/wp-json\/wp\/v2\/product_cat?post=16746"},{"taxonomy":"product_tag","embeddable":true,"href":"https:\/\/meaningfultalks.eu\/en\/wp-json\/wp\/v2\/product_tag?post=16746"}],"curies":[{"name":"wp","href":"https:\/\/api.w.org\/{rel}","templated":true}]}}