{"id":16748,"date":"2022-12-09T23:30:13","date_gmt":"2022-12-09T21:30:13","guid":{"rendered":"https:\/\/meaningfultalks.eu\/?post_type=product&#038;p=16748"},"modified":"2025-06-10T12:50:50","modified_gmt":"2025-06-10T10:50:50","slug":"opioskuste-omandamine-ning-reaal-ja-loodusained","status":"publish","type":"product","link":"https:\/\/meaningfultalks.eu\/en\/shop\/kool-ja-lasteaed-e-kursused\/opetajale-kool-ja-lasteaed-e-kursused\/opioskuste-omandamine-ning-reaal-ja-loodusained\/","title":{"rendered":"\u00d5pioskuste omandamine ning reaal- ja loodusained"},"content":{"rendered":"<p><b>Koolitus\u00a0sobib suurep\u00e4raselt inimestele, kelle t\u00f6\u00f6 \u00fcheks osaks on tegelemine lastega. Interaktiivne \u00f5ppeprogramm kohandub kasutaja vajadustega, olenemata tasemest.<\/b><\/p>\n<p><span style=\"font-weight: 400;\">Mured meie igap\u00e4evases toimetamises ja see (halb) stress tuleb asjaolust, et me ei sea asju t\u00e4htsuse j\u00e4rjekorda. Ei erista, mis on paratamatus ja mis on kokkulepe, mis on tarvilik ja mis piisav, mis vajadus ja mis toredus.\u00a0<\/span><\/p>\n<p><span style=\"font-weight: 400;\">Nii ka \u00f5ppimises ja \u00f5petamises on keelelised ehk jadamisi oskused, milles l\u00fcnki ei tohi tekkida ning on sisulised ehk oskused r\u00f6\u00f6psed oskused, milles v\u00f5ime muuta j\u00e4rjekorda ja vahel midagi \u00fcldse \u00e4ra j\u00e4tta.<\/span><\/p>\n<p><b>Kursus lisab enesekindlust ja annab teadlikke reageerimise meetodeid.<\/b><\/p>\n<p><i><span style=\"font-weight: 400;\">Miks see teema k\u00e4sitlus on oluline?<\/span><\/i><\/p>\n<p><span style=\"font-weight: 400;\">Kui ei ole arusaama miks me \u00f5pime siis on \u00f5ppimine kannatus ja segadus. M\u00f5te muudab kannatuse pingutuseks.\u00a0 M\u00f5te loob segadusest selguse.\u00a0 Jadamisi ja r\u00f6\u00f6psete teadmiste ning oskuste eristamine annab \u00f5ppijale selguse ja vastutuse oma \u00f5pingutes ning annab talle vabaduse teha valikuid ja nii oma \u00f5pikoormust jagada. Vabadus teha valikuid suurendab \u00f5ppija kontorlli oma \u00f5piprotsessi \u00fcle ja see suurendab motiveeritust ja \u00f5nnetunnet.<\/span><\/p>\n<p><i><span style=\"font-weight: 400;\">Mis juhtub, kui probleem j\u00e4\u00e4b lahendamata?\u00a0<\/span><\/i><\/p>\n<p><span style=\"font-weight: 400;\">J\u00e4tkub ja s\u00fcveneb t\u00e4nane olukord, kus \u00f5pilastel on k\u00fcll faktiteadmised, aga nende kasutamine on keeruline. S\u00fcveneb ka \u00f5petajate koormus \u00f5ppija toetamisel, sest selgusetus ei v\u00f5imalda ise \u00f5ppimist.<\/span><\/p>\n<p><i><span style=\"font-weight: 400;\">Mis juhtub, kui probleem lahendatakse?<\/span><\/i><\/p>\n<p><span style=\"font-weight: 400;\">Kasvab \u00f5ppija v\u00f5ime iseseisvalt \u00f5ppida, sest on selgem arusaam, mis on vaja kindlasti selgeks saada. Kasvab \u00f5ppija oskus \u00f5pitut rakendada.\u00a0 Selle tulemusena v\u00e4heneb ka \u00f5petaja koormus \u00f5ppija toetamisel.<\/span><\/p>\n<p><b>E-kursusel k\u00e4sitletavad teemad:<\/b><\/p>\n<ul>\n<li><span style=\"font-weight: 400;\">1.osa- \u201cHariduse suur pilt \u201d- V\u00e4\u00e4rtused.( Video kestus 32 min)<\/span><\/li>\n<li>2.osa- \u201cL\u00f5putu ressurss\u201d- Suhtumine. (Video keskus 26 min)<\/li>\n<li>3.osa- \u201c\u00d5pioskused\u201d- Oskused, et midagi \u00f5ppida (Video kestus 19 min)<\/li>\n<li>4.osa- \u201cHindamine vs m\u00f5\u00f5tmine\u201d- Neid kahte ei tasu segi ajada. (Video kestus 10 min).<\/li>\n<li>5.osa- \u201cJoonistamine\u201d- T\u00e4htis komponent, et materjal kinnistuks ( Video kestus 26 min)<\/li>\n<li>6.osa- \u201c\u00dclelaskmine\u201d- Kuidas seada prioriteete? (Video kestus 11 min)<\/li>\n<li>7.osa- \u201cLTT (Loodus, teadus ja tehnoloogia)- Puhas kunst.(Video kestus 17 min)<\/li>\n<\/ul>\n<p><b>Teadmiste kinnitamine:\u00a0<\/b><\/p>\n<p><span style=\"font-weight: 400;\">E-kursusel on seitse k\u00fcsimust \u00f5pitu kinnistamiseks.<\/span><\/p>\n<p><b>E-kursuse tulemusena osaleja:<\/b><\/p>\n<ul>\n<li aria-level=\"1\"><span style=\"font-weight: 400;\">Oskab endale ja lastele prioriteete seada.<\/span><\/li>\n<li aria-level=\"1\"><span style=\"font-weight: 400;\">M\u00f5istab eduka situatsiooni lahendamise protsesse.<\/span><\/li>\n<li aria-level=\"1\"><span style=\"font-weight: 400;\">Teab kuidas kasvatada \u00f5ppija oskus \u00f5pitut rakendada.\u00a0<\/span><\/li>\n<\/ul>\n<p><b>Vaata kursuse demovideot: LINK<\/b><\/p>\n<p><span style=\"font-weight: 400;\">Kui soovite pakkumist enam kui \u00fchele kasutajale, siis v\u00f5tke \u00fchendust e-kirja teel: <\/span><a href=\"mailto:koolitus@meaningfultalks.eu\"><span style=\"font-weight: 400;\">koolitus@meaningfultalks.eu<\/span><\/a><\/p>\n<p><span style=\"font-weight: 400;\">E-kursust saavad osta nii individuaalsed \u00f5ppijad kui ka t\u00f6\u00f6andjad oma t\u00f6\u00f6tajatele. Mitme kasutaja korral saab juht koond\u00fclevaate k\u00f5ikide koolitusele registreeritud t\u00f6\u00f6tajate \u00f5piprotsessidest ja tulemustest. E-kursuse suurim pluss on, et see\u00a0aitab praktilistel teadmistel j\u00f5uda k\u00f5igi\u00a0t\u00f6\u00f6tajateni ning neile \u00f5ppimiseks sobival ajal.<\/span><\/p>\n<p><b>E-kursuse lektorid:<\/b><\/p>\n<p><span style=\"font-weight: 400;\">E-kursuse lektor <\/span><span style=\"font-weight: 400;\">Aigar Vaigu<\/span><span style=\"font-weight: 400;\"> on eesti f\u00fc\u00fcsik. Ta on teaduse populariseerija ning 2012.aastal Euroopa Ringh\u00e4\u00e4lingute Liidu poolt maailma parimaks haridussaateks valitud \u201cRakett 69\u201d pikaaegne saatejuht, kohtunik ning \u00fclesannete koostaja.<\/span><\/p>\n<p><span style=\"font-weight: 400;\">\u201cRakett\u201d on olnud algusest peale \u00fcllatavalt populaarne. V\u00f5ib-olla on populaarsuse taga t\u00f5siasi, et see on t\u00f5esti kogupere saade. Tagasisidet tuleb v\u00e4ga palju, inimestel pole \u00fcksk\u00f5ik, mis me ekraanil teeme. Mul on tunne, et t\u00e4nu sellele saatele huvi teaduse vastu aina suureneb.\u00a0<\/span><\/p>\n<p><span style=\"font-weight: 400;\">Me igatseme lihtsaid lahenduse. Elu on sageli keerulisem kui \u00f5petus elust. Maailma kirjeldamisel peame m\u00f5tlema t\u00f5en\u00e4osustest.<\/span><\/p>\n<p><span style=\"font-weight: 400;\">Andres Juur<\/span><span style=\"font-weight: 400;\"> on teaduse populariseerija.\u00a0 Ta on ka noorte teadussaate \u201cRakett 69\u201d teadustoimetaja ning Raadio2 teadusminutite toimetaja. On olnud tegev Teadusteatris ja osalenud T\u00e4he perep\u00e4evade korraldamisel. 2005 aastast l\u00f6\u00f6b ta kaasa Eesti F\u00fc\u00fcsika Seltsi Teadusbussi projektis.<\/span><\/p>\n<p><span style=\"font-weight: 400;\">Andres on \u00f5petanud informaatikat ja f\u00fc\u00fcsikat Puurmani G\u00fcmnaasiumis. Ta on valmistanud AHHAA keskusesse mitu eksponaati.<\/span><\/p>\n<ol start=\"2011\">\n<li><span style=\"font-weight: 400;\"> aasta Eesti teaduse populariseerimise auhindamisel tunnustati teda ergutusauhinnaga valdkonnas \u201cParim teadust ja tehnoloogiast populariseeriv teadlane, ajakirjanik ning \u00f5petaja.\u201d<\/span><\/li>\n<\/ol>","protected":false},"excerpt":{"rendered":"<h3><strong>25+ kasutajat- k\u00fcsi pakkumist<\/strong><\/h3>\n<p><span style=\"font-weight: 400;\">Peale ostu sooritamist saate\u00a0<\/span><b>\u00fche t\u00f6\u00f6p\u00e4eva jooksul<\/b><span style=\"font-weight: 400;\"> info e-kursusele ligip\u00e4\u00e4su kohta.<\/span><\/p>\n<p><span style=\"font-weight: 400;\">Kursuse l\u00e4bimiseks kulub umbes\u00a0<\/span><b>141 minutit.<\/b><span style=\"font-weight: 400;\">\u00a0E-kursuse kasutamis\u00f5igus kehtib kuus kuud.<\/span><\/p>\n<p><b>Koolitus\u00a0sobib suurep\u00e4raselt inimestele, kelle t\u00f6\u00f6 \u00fcheks osaks on tegelemine lastega. Interaktiivne \u00f5ppeprogramm kohandub kasutaja vajadustega, olenemata tasemest.<\/b><\/p>","protected":false},"featured_media":16763,"comment_status":"closed","ping_status":"closed","template":"","meta":{"_acf_changed":false,"content-type":"","advanced_seo_description":"","jetpack_seo_html_title":"","jetpack_seo_noindex":false},"product_brand":[],"product_cat":[85,84],"product_tag":[],"class_list":{"0":"post-16748","1":"product","2":"type-product","3":"status-publish","4":"has-post-thumbnail","6":"product_cat-lasteaednikule-kool-ja-lasteaed-e-kursused","7":"product_cat-opetajale-kool-ja-lasteaed-e-kursused","9":"first","10":"instock","11":"virtual","12":"taxable","13":"purchasable","14":"product-type-simple"},"acf":[],"jetpack_sharing_enabled":true,"_links":{"self":[{"href":"https:\/\/meaningfultalks.eu\/en\/wp-json\/wp\/v2\/product\/16748","targetHints":{"allow":["GET"]}}],"collection":[{"href":"https:\/\/meaningfultalks.eu\/en\/wp-json\/wp\/v2\/product"}],"about":[{"href":"https:\/\/meaningfultalks.eu\/en\/wp-json\/wp\/v2\/types\/product"}],"replies":[{"embeddable":true,"href":"https:\/\/meaningfultalks.eu\/en\/wp-json\/wp\/v2\/comments?post=16748"}],"wp:featuredmedia":[{"embeddable":true,"href":"https:\/\/meaningfultalks.eu\/en\/wp-json\/wp\/v2\/media\/16763"}],"wp:attachment":[{"href":"https:\/\/meaningfultalks.eu\/en\/wp-json\/wp\/v2\/media?parent=16748"}],"wp:term":[{"taxonomy":"product_brand","embeddable":true,"href":"https:\/\/meaningfultalks.eu\/en\/wp-json\/wp\/v2\/product_brand?post=16748"},{"taxonomy":"product_cat","embeddable":true,"href":"https:\/\/meaningfultalks.eu\/en\/wp-json\/wp\/v2\/product_cat?post=16748"},{"taxonomy":"product_tag","embeddable":true,"href":"https:\/\/meaningfultalks.eu\/en\/wp-json\/wp\/v2\/product_tag?post=16748"}],"curies":[{"name":"wp","href":"https:\/\/api.w.org\/{rel}","templated":true}]}}