{"id":16749,"date":"2022-12-09T23:30:13","date_gmt":"2022-12-09T21:30:13","guid":{"rendered":"https:\/\/meaningfultalks.eu\/?post_type=product&#038;p=16749"},"modified":"2025-06-10T12:29:18","modified_gmt":"2025-06-10T10:29:18","slug":"opetaja-positiivne-enesekehtestamine-lapsevanemaga","status":"publish","type":"product","link":"https:\/\/meaningfultalks.eu\/en\/shop\/kool-ja-lasteaed-e-kursused\/opetajale-kool-ja-lasteaed-e-kursused\/opetaja-positiivne-enesekehtestamine-lapsevanemaga\/","title":{"rendered":"\u00d5petaja positiivne enesekehtestamine lapsevanemaga"},"content":{"rendered":"<p><b>Koolitus\u00a0sobib suurep\u00e4raselt inimestele, kelle t\u00f6\u00f6 \u00fcheks osaks on tegelemine lastega. Interaktiivne \u00f5ppeprogramm kohandub kasutaja vajadustega, olenemata tasemest.<\/b><\/p>\n<p><i><span style=\"font-weight: 400;\">K\u00fcmme k\u00fcsimust, millele kursuselt vastuse leiad:<\/span><\/i><\/p>\n<ul>\n<li style=\"font-weight: 400;\" aria-level=\"1\"><span style=\"font-weight: 400;\">\u00a0Mida \u00fcldse kujutab endast t\u00e4nap\u00e4eva pereelu?<\/span><\/li>\n<li style=\"font-weight: 400;\" aria-level=\"1\"><span style=\"font-weight: 400;\">\u00a0Millised on vanematepoolsed levinumad\u00a0 kasvatus-arengustiilid?<\/span><\/li>\n<li style=\"font-weight: 400;\" aria-level=\"1\"><span style=\"font-weight: 400;\">\u00a0Teismeline laps peres.<\/span><\/li>\n<li style=\"font-weight: 400;\" aria-level=\"1\"><span style=\"font-weight: 400;\">\u00a0Millised on vanemate ootused koolile ja \u00f5petajale?<\/span><\/li>\n<li style=\"font-weight: 400;\" aria-level=\"1\"><span style=\"font-weight: 400;\">\u00a0Laps ja vanemate lahutus ning sellest tulenevad probleemid?\u00a0\u00a0<\/span><\/li>\n<li style=\"font-weight: 400;\" aria-level=\"1\"><span style=\"font-weight: 400;\">\u00a0Mida \u00fcldse kujutab endast positiivne enesekehtestamine?<\/span><\/li>\n<li style=\"font-weight: 400;\" aria-level=\"1\"><span style=\"font-weight: 400;\">\u00a0Millised on lihtsamad ja kergemini omandatavad enesekehtestamise\u00a0 tehnikad?<\/span><\/li>\n<li style=\"font-weight: 400;\" aria-level=\"1\"><span style=\"font-weight: 400;\">\u00a0Kuidas tulla toime ja aidata agressiivset ning s\u00fc\u00fcdistavat lapsevanemat?<\/span><\/li>\n<li style=\"font-weight: 400;\" aria-level=\"1\"><span style=\"font-weight: 400;\">\u00a0Millised on koolilaste peamised mured?<\/span><\/li>\n<li style=\"font-weight: 400;\" aria-level=\"1\"><span style=\"font-weight: 400;\">\u00a0Kuidas last (\u00f5pilast) koos aidata-n\u00f5ustada?\u00a0<\/span><\/li>\n<\/ul>\n<p><b>Kursus lisab enesekindlust ja annab teadlikke reageerimise meetodeid.<\/b><\/p>\n<p><i><span style=\"font-weight: 400;\">Miks see teema k\u00e4sitlus on oluline?<\/span><\/i><\/p>\n<p><span style=\"font-weight: 400;\">Noorukite uuringud n\u00e4itavad, et k\u00e4itumish\u00e4ired on k\u00f5ige ulatuslikumad ps\u00fchhiaatriliste h\u00e4irete grupp mida alaealised p\u00f5evad. Alates tihti enne teismeiga, ilmnevad need h\u00e4ired 9% poistest ja 2% t\u00fcdrukutest kes on alla 18 eluaastat. Kuna s\u00fcmptomid on tihedalt seotud sotsiaalselt taunitava, v\u00e4givaldse v\u00f5i kriminaalse k\u00e4itumisega, seonduvad paljud inimesed neid h\u00e4ireid kas alaealiste kuritegevuse v\u00f5i teismeea m\u00e4ssumeelsusega. Vestlustest \u00f5petajatega ja lektori oma kogemustest l\u00e4htudes v\u00f5ib v\u00e4ita, et pea igal kolmandal teismelisel on probleeme normatiivse euroopalikule ja kristlikule kultuurile omase k\u00e4itumisega.\u00a0<\/span><\/p>\n<p><i><span style=\"font-weight: 400;\">Mis juhtub, kui probleem j\u00e4\u00e4b lahendamata?\u00a0<\/span><\/i><\/p>\n<p><span style=\"font-weight: 400;\">J\u00e4tkub ja s\u00fcveneb t\u00e4nane olukord, kus \u00f5pilastel on k\u00fcll faktiteadmised, aga nende kasutamine on keeruline m\u00e4ssumeelsuse ja sotsiaalsete oskuste vajaka j\u00e4\u00e4mise t\u00f5ttu. S\u00fcveneb ka \u00f5petajate koormus \u00f5ppija toetamisel, sest selgusetus ei v\u00f5imalda ise \u00f5ppimist ja selgeks \u00f5pitu kasutamist.<\/span><\/p>\n<p><i><span style=\"font-weight: 400;\">Mis juhtub, kui probleem lahendatakse?<\/span><\/i><\/p>\n<p><span style=\"font-weight: 400;\">Kasvab \u00f5pilase sotsiaalse intelligentsuse tunnusete pagas. Nagu n\u00e4iteks: kuidas k\u00e4ituda, kuidas suhelda, oma imago kujundamine, enesekehtestamine, teiste m\u00f5jutamine, teistega arvestamine. Sellelt tasandilt saab arendada juba sujuvamat koost\u00f6\u00f6d ja \u00f5pilane suudab tulevikus oma faktiteadmisi paremini ellu rakendada ja neid esitleda.<\/span><\/p>\n<p><b>E-kursusel k\u00e4sitletavad teemad:<\/b><\/p>\n<ul>\n<li><span style=\"font-weight: 400;\">1.osa- \u201cAreng ja s\u00fcnenergia \u201d- Kolme m\u00f5\u00f5tmeline s\u00fcneergeetika ( Suhted, keha ja m\u00f5tted).( Video kestus 73 min)<\/span><\/li>\n<li>2.osa- \u201cZUGA liikumispaus\u201d- Turgutavaks vahepalaks. (Videofaili kestus 7:47 min)<\/li>\n<li>3.osa- \u201cNooruki negatiivsed ja positiivsed minakaitsemehhanismid\u201d- Kust ammutab MINA j\u00f5udu? (Video kestus 58 min)<\/li>\n<li>4.osa- \u201cEnesekehtestamine\u201d- Austa ennast, siis austatakse sind. (Video kestus 39 min)<\/li>\n<\/ul>\n<p><b>Teadmiste kinnitamine:\u00a0<\/b><\/p>\n<p><span style=\"font-weight: 400;\">E-kursusel on seitse k\u00fcsimust \u00f5pitu kinnistamiseks.<\/span><\/p>\n<p><b>E-kursuse tulemusena osaleja:<\/b><\/p>\n<ul>\n<li><span style=\"font-weight: 400;\">Oskab endale ja lastele prioriteete seada.<\/span><\/li>\n<li><span style=\"font-weight: 400;\">M\u00f5istab eduka situatsiooni lahendamise protsesse.<\/span><\/li>\n<li><span style=\"font-weight: 400;\">Omandab praktilisi enesekehtestamise tehnikaid.<\/span><\/li>\n<\/ul>\n<p><b>Vaata kursuse demovideot: LINK<\/b><\/p>\n<p><span style=\"font-weight: 400;\">Kui soovite pakkumist enam kui \u00fchele kasutajale, siis v\u00f5tke \u00fchendust e-kirja teel: <\/span><a href=\"mailto:koolitus@meaningfultalks.eu\"><span style=\"font-weight: 400;\">koolitus@meaningfultalks.eu<\/span><\/a><\/p>\n<p><span style=\"font-weight: 400;\">E-kursust saavad osta nii individuaalsed \u00f5ppijad kui ka t\u00f6\u00f6andjad oma t\u00f6\u00f6tajatele. Mitme kasutaja korral saab juht koond\u00fclevaate k\u00f5ikide koolitusele registreeritud t\u00f6\u00f6tajate \u00f5piprotsessidest ja tulemustest. E-kursuse suurim pluss on, et see\u00a0aitab praktilistel teadmistel j\u00f5uda k\u00f5igi\u00a0t\u00f6\u00f6tajateni ning neile \u00f5ppimiseks sobival ajal.<\/span><\/p>\n<p><b>E-kursuse lektor:<\/b><\/p>\n<p><span style=\"font-weight: 400;\">E-kursuse lektor <\/span><span style=\"font-weight: 400;\">Toivo Niiberg<\/span><span style=\"font-weight: 400;\"> on t\u00f6\u00f6tanud \u00f5petaja ja \u00f5ppej\u00f5una erinevates koolides ja k\u00f5rgkoolides 43 aastat. Praegu pension\u00e4rina t\u00f6\u00f6tab poole koormusega Maarja k\u00fcla\u00f5petaja-n\u00f5ustajana. Oma elus on k\u00f5ige rohkem \u00f5ppinud ja t\u00e4iendanud ennast pr\u00fchholoogias ning seda kokku 13 aastat. On l\u00f5petanud 6 k\u00f5rgkooli. Omantanud teadus magistrikraade ps\u00fchholoogias, loodusteadustes ja aianduses. Tema sulest on ilmunud 98 tr\u00fckist, millest 6 on luulekogud. On Eesti Ajakirjanike Liidu, Eesti Humoristide Liidu ja Eesti Koolips\u00fcholoogide Seltsi liige.\u00a0<\/span><\/p>\n<p><span style=\"font-weight: 400;\">T\u00e4htsamad autasud: Eesti Luuleliidu Luulekevade laureaat, 1987; Eesti luuleliidu KuldseKaselehe laureaat, 1992; Maalehe parim aasta kaast\u00f6\u00f6taja, Maalehe Oskarilaureaa, 1998; Tallinna \u00dclikooi Avatud \u00dclikooli aasta\u00f5ppej\u00f5ud, 2008; R\u00e4pina Aianduskooli aum\u00e4rk, kauaaegse tulemusliki t\u00f6\u00f6 eest, 2009; P\u00f5lvamaa Aastakoolitaja, 2013.<\/span><\/p>","protected":false},"excerpt":{"rendered":"<h3><strong>25+ kasutajat- k\u00fcsi pakkumist<\/strong><\/h3>\n<p><span style=\"font-weight: 400;\">Peale ostu sooritamist saate\u00a0<\/span><b>\u00fche t\u00f6\u00f6p\u00e4eva jooksul<\/b><span style=\"font-weight: 400;\"> info e-kursusele ligip\u00e4\u00e4su kohta.<\/span><\/p>\n<p><span style=\"font-weight: 400;\">Kursuse l\u00e4bimiseks kulub umbes\u00a0<\/span><b>178 minutit.<\/b><span style=\"font-weight: 400;\">\u00a0E-kursuse kasutamis\u00f5igus kehtib kuus kuud.<\/span><\/p>\n<p><b>Koolitus\u00a0sobib suurep\u00e4raselt inimestele, kelle t\u00f6\u00f6 \u00fcheks osaks on tegelemine lastega. Interaktiivne \u00f5ppeprogramm kohandub kasutaja vajadustega, olenemata tasemest.<\/b><\/p>","protected":false},"featured_media":16764,"comment_status":"closed","ping_status":"closed","template":"","meta":{"_acf_changed":false,"content-type":"","advanced_seo_description":"","jetpack_seo_html_title":"","jetpack_seo_noindex":false},"product_brand":[],"product_cat":[85,84],"product_tag":[],"class_list":{"0":"post-16749","1":"product","2":"type-product","3":"status-publish","4":"has-post-thumbnail","6":"product_cat-lasteaednikule-kool-ja-lasteaed-e-kursused","7":"product_cat-opetajale-kool-ja-lasteaed-e-kursused","9":"first","10":"instock","11":"virtual","12":"taxable","13":"purchasable","14":"product-type-simple"},"acf":[],"jetpack_sharing_enabled":true,"_links":{"self":[{"href":"https:\/\/meaningfultalks.eu\/en\/wp-json\/wp\/v2\/product\/16749","targetHints":{"allow":["GET"]}}],"collection":[{"href":"https:\/\/meaningfultalks.eu\/en\/wp-json\/wp\/v2\/product"}],"about":[{"href":"https:\/\/meaningfultalks.eu\/en\/wp-json\/wp\/v2\/types\/product"}],"replies":[{"embeddable":true,"href":"https:\/\/meaningfultalks.eu\/en\/wp-json\/wp\/v2\/comments?post=16749"}],"wp:featuredmedia":[{"embeddable":true,"href":"https:\/\/meaningfultalks.eu\/en\/wp-json\/wp\/v2\/media\/16764"}],"wp:attachment":[{"href":"https:\/\/meaningfultalks.eu\/en\/wp-json\/wp\/v2\/media?parent=16749"}],"wp:term":[{"taxonomy":"product_brand","embeddable":true,"href":"https:\/\/meaningfultalks.eu\/en\/wp-json\/wp\/v2\/product_brand?post=16749"},{"taxonomy":"product_cat","embeddable":true,"href":"https:\/\/meaningfultalks.eu\/en\/wp-json\/wp\/v2\/product_cat?post=16749"},{"taxonomy":"product_tag","embeddable":true,"href":"https:\/\/meaningfultalks.eu\/en\/wp-json\/wp\/v2\/product_tag?post=16749"}],"curies":[{"name":"wp","href":"https:\/\/api.w.org\/{rel}","templated":true}]}}