{"id":21994,"date":"2024-11-20T14:14:10","date_gmt":"2024-11-20T12:14:10","guid":{"rendered":"https:\/\/meaningfultalks.eu\/?post_type=product&#038;p=21994"},"modified":"2025-07-25T13:38:46","modified_gmt":"2025-07-25T11:38:46","slug":"14-08-2025-haridustreff","status":"publish","type":"product","link":"https:\/\/meaningfultalks.eu\/en\/shop\/konverentsid\/14-08-2025-haridustreff\/","title":{"rendered":"14.08.2025 HARIDUSTREFF"},"content":{"rendered":"<div class=\"bgColor-0-157233\" style=\"text-align: left;\">\n<p><b>EHLi liikmed saavad piletilt 10 v\u00f5i 15 \u20ac soodustust<\/b><span style=\"font-weight: 400;\"> ja nii maksad terve p\u00e4eva eest k\u00f5igest 39 v\u00f5i 34 \u20ac.*<\/span><\/p>\n<p><span style=\"font-weight: 400;\">EHL soodustuse saamiseks lisa pilet ostukorvi, tee vastav linnuke (olen EHL liige) ja sisesta enda isikukood ning seej\u00e4rel rakendub soodustus automaatselt.\u00a0<\/span><\/p>\n<p>&nbsp;<\/p>\n<p><b>ELAL (Eesti Lasteaednike Liidu) liikmed saavad soodustust 10 \u20ac.<\/b><\/p>\n<p><span style=\"font-weight: 400;\">ELAL liikmed saavad sooduskoodi k\u00fcsida liidu kontaktisikult.<\/span><\/p>\n<p>&nbsp;<\/p>\n<p><span style=\"font-weight: 400;\">Kui soovid teha <\/span><b>grupitellimust <\/b><span style=\"font-weight: 400;\">v\u00f5i arvet koolile, edasta palun oma soov e-posti teel aadressil: <\/span><span style=\"font-weight: 400;\">Ylle@meaningfultalks.eu<\/span><\/p>\n<p><b>K\u00fcsimuste korral<\/b><span style=\"font-weight: 400;\"> helista kindlasti \u00dclle Prometile, telefonil: 510 2133.<\/span><\/p>\n<\/div>","protected":false},"excerpt":{"rendered":"<div class=\"cvt-editor-text undefined py-0 px-0 my-0 mx-0\">\n<div class=\"draft-editor\">\n<div class=\"fr-wrapper\">\n<div class=\"fr-element fr-view\">\n<div class=\"froala-editor\">\n<p><span style=\"font-weight: 400;\">Tere tulemast 2025. aasta Haridustrefile, mille teemaks on \u201c<strong>\u00d5ppimine. Tulemused. Kogemuslikkus<\/strong>\u201d!\u00a0<\/span><\/p>\n<p><span style=\"font-weight: 400;\">Kas m\u00f5testamata \u00f5ppimine saab \u00fcldse olla t\u00f5eliselt tulemuslik? Sel aastal keskendume sellele, kuidas kaasata erinevat t\u00fc\u00fcpi \u00f5ppijaid ning muuta \u00f5ppimine kogemuslikuks, t\u00e4henduslikuks ja rakendatavaks. Uurime, mis m\u00f5jutab \u00f5ppimist \u2013 alates sotsiaalsetest ja emotsionaalsetest teguritest kuni tehnoloogiliste arenguteni.<\/span><\/p>\n<p><span style=\"font-weight: 400;\">Sind ootavad inspireerivad esinejad, praktilised t\u00f6\u00f6toad ning messi- ja toiduala.<\/span><\/p>\n<p><span style=\"font-weight: 400;\">Piletisoodustuste kohta loe l\u00e4hemalt allpool.<\/span><\/p>\n<\/div>\n<\/div>\n<\/div>\n<\/div>\n<\/div>","protected":false},"featured_media":22031,"comment_status":"closed","ping_status":"closed","template":"","meta":{"_acf_changed":false,"content-type":"","advanced_seo_description":"","jetpack_seo_html_title":"","jetpack_seo_noindex":false},"product_brand":[],"product_cat":[33],"product_tag":[26],"class_list":{"0":"post-21994","1":"product","2":"type-product","3":"status-publish","4":"has-post-thumbnail","6":"product_cat-konverentsid","7":"product_tag-konverentsid","9":"first","10":"instock","11":"virtual","12":"sold-individually","13":"taxable","14":"purchasable","15":"product-type-simple"},"acf":[],"jetpack_sharing_enabled":true,"_links":{"self":[{"href":"https:\/\/meaningfultalks.eu\/en\/wp-json\/wp\/v2\/product\/21994","targetHints":{"allow":["GET"]}}],"collection":[{"href":"https:\/\/meaningfultalks.eu\/en\/wp-json\/wp\/v2\/product"}],"about":[{"href":"https:\/\/meaningfultalks.eu\/en\/wp-json\/wp\/v2\/types\/product"}],"replies":[{"embeddable":true,"href":"https:\/\/meaningfultalks.eu\/en\/wp-json\/wp\/v2\/comments?post=21994"}],"wp:featuredmedia":[{"embeddable":true,"href":"https:\/\/meaningfultalks.eu\/en\/wp-json\/wp\/v2\/media\/22031"}],"wp:attachment":[{"href":"https:\/\/meaningfultalks.eu\/en\/wp-json\/wp\/v2\/media?parent=21994"}],"wp:term":[{"taxonomy":"product_brand","embeddable":true,"href":"https:\/\/meaningfultalks.eu\/en\/wp-json\/wp\/v2\/product_brand?post=21994"},{"taxonomy":"product_cat","embeddable":true,"href":"https:\/\/meaningfultalks.eu\/en\/wp-json\/wp\/v2\/product_cat?post=21994"},{"taxonomy":"product_tag","embeddable":true,"href":"https:\/\/meaningfultalks.eu\/en\/wp-json\/wp\/v2\/product_tag?post=21994"}],"curies":[{"name":"wp","href":"https:\/\/api.w.org\/{rel}","templated":true}]}}