{"id":22163,"date":"2025-02-20T11:32:01","date_gmt":"2025-02-20T09:32:01","guid":{"rendered":"https:\/\/meaningfultalks.eu\/?post_type=product&#038;p=22163"},"modified":"2025-04-01T07:45:59","modified_gmt":"2025-04-01T05:45:59","slug":"06-03-2025-idaviru-opetaja-enesehoid-muutusi-tais-ajal-copy-2","status":"publish","type":"product","link":"https:\/\/meaningfultalks.eu\/en\/shop\/kool-ja-lasteaed-e-kursused\/opetajale-kool-ja-lasteaed-e-kursused\/06-03-2025-idaviru-opetaja-enesehoid-muutusi-tais-ajal-copy-2\/","title":{"rendered":"12.03.2025 IDA-VIRUMAAL \u201c\u00d5petaja enesehoid muutusi t\u00e4is ajal\u201d"},"content":{"rendered":"<p><span style=\"font-weight: 400;\">Kutsume Sind p\u00f5nevale minitrefile, kust saad kaasa p\u00f5nevaid taipamisi ja teiste \u00f5petajate kogemusi.<\/span><\/p>\n<p><span style=\"font-weight: 400;\">Minitreffe viib l\u00e4bi MT\u00dc Haridusmentorid.<\/span><\/p>\n<p><b>MT\u00dc Haridusmentorid <\/b><span style=\"font-weight: 400;\">on loodud tegev\u00f5petajate professionaalse arengu partneriks 21. sajandi muutusi t\u00e4is ajal. Meie meeskonnas on nii mentoreid kui ka koolitajaid, kellel k\u00f5igil on pikaajaline kogemus \u00f5petajana. Tunneme selle ameti erip\u00e4ra ja v\u00e4ljakutseid ning r\u00e4\u00e4gime \u00f5petajatega samas keeles. Meie peamisteks klientideks on \u00f5petajad, kes tunnevad ise huvi ja vajadust enda arengus edasi liikuda ning otsivad personaalset l\u00e4henemist enda toetamiseks, v\u00f5i koolid, kes soovivad toetada enda \u00f5petajate t\u00f6\u00f6alast arengut kaasaegsel viisil.<\/span><\/p>\n<p><b>KAIDI KOLSAR<\/b><span style=\"font-weight: 400;\"> on endine eesti keele ja kirjanduse \u00f5petaja, kes t\u00e4na toetab karj\u00e4\u00e4rij\u00f5ustajana enda kolleegide ja haridusmentorina teiste koolide \u00f5petajate professionaalset arengut ja t\u00f6\u00f6alast enesehoidu. Kaidil on vanem\u00f5petaja kutse \u00f5petajate juhendamise ja koolitamise kompetentsiga, ta on end t\u00e4iendanud praktilise grupijuhtimise alal ning l\u00f5petanud superviisori ja <\/span><i><span style=\"font-weight: 400;\">coach<\/span><\/i><span style=\"font-weight: 400;\">\u2019i v\u00e4lja\u00f5ppe<\/span> <span style=\"font-weight: 400;\">ps\u00fchhodraama rakendajana.<\/span><\/p>\n<p>*S\u00fcndmus toimub vaid juhul kui registreerub 25 huvilist<\/p>","protected":false},"excerpt":{"rendered":"<p><span style=\"font-weight: 400;\">Peatselt stardivad p\u00f5nevad minitrefid, mis saavad \u00fcheks osaks suurest Haridustrefist.<\/span><\/p>\n<p><span style=\"font-weight: 400;\">Viimastel aastatel on \u00f5petajad pidanud toime tulema j\u00e4rjest suurema t\u00f6\u00f6koormuse ja pidevate v\u00e4ljakutsetega. Lisaks igap\u00e4evasele ajapuudusele ja emotsionaalsele koormusele v\u00f5ib pinge viia kurnatuse ja l\u00e4bip\u00f5lemiseni. \u00d5petaja vaimse tervise hoidmine pole pelgalt isiklik teema, vaid oluline osa kogu hariduss\u00fcsteemi j\u00e4tkusuutlikkusest.<\/span><\/p>\n<p><b>Miks tasub osaleda:<\/b><\/p>\n<ul>\n<li style=\"font-weight: 400;\" aria-level=\"1\"><span style=\"font-weight: 400;\">kohtumise tulemusena on suurenenud osaleja rolliteadlikkus iseendast kui \u00f5petajast;<\/span><\/li>\n<li style=\"font-weight: 400;\" aria-level=\"1\"><span style=\"font-weight: 400;\">osaleja teab, kuidas toetada oma vaimset tervist ja heaolu;<\/span><\/li>\n<li style=\"font-weight: 400;\" aria-level=\"1\"><span style=\"font-weight: 400;\">osaleja on tutvunud erinevate igap\u00e4evaste enesehoiuv\u00f5tetega ning m\u00f5nda neist proovinud;<\/span><\/li>\n<li style=\"font-weight: 400;\" aria-level=\"1\"><span style=\"font-weight: 400;\">osaleja on hinnanud oma t\u00f6\u00f6- ja eraelu tasakaalu ning igap\u00e4evaseid harjumusi.<\/span><\/li>\n<\/ul>\n<p><strong>Toimumiskoht: Kohtla-J\u00e4rve J\u00e4rve kool<\/strong><\/p>","protected":false},"featured_media":22178,"comment_status":"closed","ping_status":"closed","template":"","meta":{"_acf_changed":false,"content-type":"","advanced_seo_description":"","jetpack_seo_html_title":"","jetpack_seo_noindex":false},"product_brand":[],"product_cat":[84],"product_tag":[],"class_list":{"0":"post-22163","1":"product","2":"type-product","3":"status-publish","4":"has-post-thumbnail","6":"product_cat-opetajale-kool-ja-lasteaed-e-kursused","8":"first","9":"outofstock","10":"virtual","11":"taxable","12":"purchasable","13":"product-type-simple"},"acf":[],"jetpack_sharing_enabled":true,"_links":{"self":[{"href":"https:\/\/meaningfultalks.eu\/en\/wp-json\/wp\/v2\/product\/22163","targetHints":{"allow":["GET"]}}],"collection":[{"href":"https:\/\/meaningfultalks.eu\/en\/wp-json\/wp\/v2\/product"}],"about":[{"href":"https:\/\/meaningfultalks.eu\/en\/wp-json\/wp\/v2\/types\/product"}],"replies":[{"embeddable":true,"href":"https:\/\/meaningfultalks.eu\/en\/wp-json\/wp\/v2\/comments?post=22163"}],"wp:featuredmedia":[{"embeddable":true,"href":"https:\/\/meaningfultalks.eu\/en\/wp-json\/wp\/v2\/media\/22178"}],"wp:attachment":[{"href":"https:\/\/meaningfultalks.eu\/en\/wp-json\/wp\/v2\/media?parent=22163"}],"wp:term":[{"taxonomy":"product_brand","embeddable":true,"href":"https:\/\/meaningfultalks.eu\/en\/wp-json\/wp\/v2\/product_brand?post=22163"},{"taxonomy":"product_cat","embeddable":true,"href":"https:\/\/meaningfultalks.eu\/en\/wp-json\/wp\/v2\/product_cat?post=22163"},{"taxonomy":"product_tag","embeddable":true,"href":"https:\/\/meaningfultalks.eu\/en\/wp-json\/wp\/v2\/product_tag?post=22163"}],"curies":[{"name":"wp","href":"https:\/\/api.w.org\/{rel}","templated":true}]}}