{"id":22204,"date":"2025-04-01T06:55:32","date_gmt":"2025-04-01T04:55:32","guid":{"rendered":"https:\/\/meaningfultalks.eu\/?post_type=product&#038;p=22204"},"modified":"2025-04-14T09:35:20","modified_gmt":"2025-04-14T07:35:20","slug":"persoonibrand","status":"publish","type":"product","link":"https:\/\/meaningfultalks.eu\/en\/shop\/veebiseminarid\/persoonibrand\/","title":{"rendered":"15.04.2025 TARTUS \u201c\u00d5petaja persoonibr\u00e4nd\u201d"},"content":{"rendered":"<p><span style=\"font-weight: 400;\">Kutsume Sind p\u00f5nevale minitrefile, kust saad kaasa p\u00f5nevaid taipamisi ja teiste \u00f5petajate kogemusi.<\/span><\/p>\n<p><span style=\"font-weight: 400;\">Minitreffe viib l\u00e4bi MT\u00dc Haridusmentorid.<\/span><\/p>\n<p><b>MT\u00dc Haridusmentorid <\/b><span style=\"font-weight: 400;\">on loodud tegev\u00f5petajate professionaalse arengu partneriks 21. sajandi muutusi t\u00e4is ajal. Meie meeskonnas on nii mentoreid kui ka koolitajaid, kellel k\u00f5igil on pikaajaline kogemus \u00f5petajana. Tunneme selle ameti erip\u00e4ra ja v\u00e4ljakutseid ning r\u00e4\u00e4gime \u00f5petajatega samas keeles. Meie peamisteks klientideks on \u00f5petajad, kes tunnevad ise huvi ja vajadust enda arengus edasi liikuda ning otsivad personaalset l\u00e4henemist enda toetamiseks, v\u00f5i koolid, kes soovivad toetada enda \u00f5petajate t\u00f6\u00f6alast arengut kaasaegsel viisil.<\/span><\/p>\n<p><b>VIIVIKA KESKK\u00dcLA<\/b><span style=\"font-weight: 400;\"> on karj\u00e4\u00e4rip\u00f6\u00f6rajast \u00f5petaja, kes lisab enda ametile kihte juurde ja juurde. Lisaks \u00f5petajaametile on Viivika ka haridusmentor, Tartu \u00dclikooli \u00f5petajakoolituse ja SA Kiusamisvaba Kool koolitaja ning \u00f5ppiv coach, superviisor, ps\u00fchhodraama rakendaja ja NLP praktik. Saadud uusi teadmisi p\u00f5imib ta huviga nii \u00f5petaja, klassijuhataja, mentori kui koolitaja t\u00f6\u00f6sse. Viivikal on meister\u00f5petaja kutse \u00f5petajate juhendamise ja koolitamise lisakompetentsiga. Viivika kireteema haridusmaastikul on vaimse tervise hoidmine, klassijuhataja t\u00f6\u00f6 ning \u00f5petajaameti erilisuse lahtim\u00f5testamine.\u00a0<\/span><\/p>","protected":false},"excerpt":{"rendered":"<p><span style=\"font-weight: 400;\">Peatselt stardivad p\u00f5nevad minitrefid, mis saavad \u00fcheks osaks suurest Haridustrefist.<\/span><\/p>\n<p>ASUKOHT, \u00dcLIKOOLI TN 2A, TARTU<\/p>\n<p>T\u00e4nap\u00e4eva haridusmaailmas ei ole \u00f5petaja pelgalt teadmiste edasiandja \u2013 \u00f5petaja on ka eeskuju, suunaja ja usaldusv\u00e4\u00e4rne partner \u00f5ppija teekonnal. H\u00e4sti kujundatud persoonibr\u00e4nd aitab Sul esile tuua oma tugevused, luua usaldust ning muuta oma s\u00f5num m\u00f5jusamaks ja n\u00e4htavamaks.<\/p>\n<p>Selle koolituse l\u00e4bides saavad \u00f5petajad:<\/p>\n<p>\u2022\u00a0 \u00a0 \u00a0 \u00a0\u00dclevaate persoonibr\u00e4ndingu olulisematest alustest ja komponentidest, et m\u00f5ista, millest t\u00e4pselt koosneb \u00f5petaja persoonibr\u00e4nd.<br \/>\n\u2022\u00a0 \u00a0 \u00a0 \u00a0Selge arusaama oma tugevustest ja v\u00e4\u00e4rtuspakkumisest, mis toetavad teadlikku persoonibr\u00e4ndi loomist.<br \/>\n\u2022\u00a0 \u00a0 \u00a0 \u00a0Praktilise tegevusplaani, mida rakendada igap\u00e4evases t\u00f6\u00f6s oma persoonibr\u00e4ndi teadlikuks arendamiseks ja hoidmiseks.<\/p>","protected":false},"featured_media":22205,"comment_status":"closed","ping_status":"closed","template":"","meta":{"_acf_changed":false,"content-type":"","advanced_seo_description":"","jetpack_seo_html_title":"","jetpack_seo_noindex":false},"product_brand":[],"product_cat":[15],"product_tag":[],"class_list":{"0":"post-22204","1":"product","2":"type-product","3":"status-publish","4":"has-post-thumbnail","6":"product_cat-veebiseminarid","8":"first","9":"outofstock","10":"virtual","11":"taxable","12":"purchasable","13":"product-type-simple"},"acf":[],"jetpack_sharing_enabled":true,"_links":{"self":[{"href":"https:\/\/meaningfultalks.eu\/en\/wp-json\/wp\/v2\/product\/22204","targetHints":{"allow":["GET"]}}],"collection":[{"href":"https:\/\/meaningfultalks.eu\/en\/wp-json\/wp\/v2\/product"}],"about":[{"href":"https:\/\/meaningfultalks.eu\/en\/wp-json\/wp\/v2\/types\/product"}],"replies":[{"embeddable":true,"href":"https:\/\/meaningfultalks.eu\/en\/wp-json\/wp\/v2\/comments?post=22204"}],"wp:featuredmedia":[{"embeddable":true,"href":"https:\/\/meaningfultalks.eu\/en\/wp-json\/wp\/v2\/media\/22205"}],"wp:attachment":[{"href":"https:\/\/meaningfultalks.eu\/en\/wp-json\/wp\/v2\/media?parent=22204"}],"wp:term":[{"taxonomy":"product_brand","embeddable":true,"href":"https:\/\/meaningfultalks.eu\/en\/wp-json\/wp\/v2\/product_brand?post=22204"},{"taxonomy":"product_cat","embeddable":true,"href":"https:\/\/meaningfultalks.eu\/en\/wp-json\/wp\/v2\/product_cat?post=22204"},{"taxonomy":"product_tag","embeddable":true,"href":"https:\/\/meaningfultalks.eu\/en\/wp-json\/wp\/v2\/product_tag?post=22204"}],"curies":[{"name":"wp","href":"https:\/\/api.w.org\/{rel}","templated":true}]}}