{"id":22674,"date":"2025-06-13T11:39:23","date_gmt":"2025-06-13T09:39:23","guid":{"rendered":"https:\/\/meaningfultalks.eu\/?post_type=product&#038;p=22674"},"modified":"2025-07-07T09:10:12","modified_gmt":"2025-07-07T07:10:12","slug":"08-07-kuidas-lastega-targalt-rahast-raakida-taskurahast-vastutusest-ja-iseseisvusest","status":"publish","type":"product","link":"https:\/\/meaningfultalks.eu\/en\/shop\/veebiseminarid\/08-07-kuidas-lastega-targalt-rahast-raakida-taskurahast-vastutusest-ja-iseseisvusest\/","title":{"rendered":"08.07 Kuidas lastega targalt rahast r\u00e4\u00e4kida? Taskurahast, vastutusest ja iseseisvusest"},"content":{"rendered":"<p dir=\"ltr\">Raha ei kasva puu otsas, aga rahateemade oskuslik k\u00e4sitlemine aitab kaasa, et lastest kasvaksid targad ja teadlikud rahakasutajad. Ja rahatarkuse arendamisega ei ole kunagi liiga hilja alustada ka t\u00e4iskasvanuna!<\/p>\n<p dir=\"ltr\">Kutsume sind osalema veebiloengul, kus\u00a0<strong>rahandusministeeriumi rahatarkuse koordinaator Marge Aasalaid<\/strong>\u00a0jagab, kuidas rahatarkust nii lapse kui t\u00e4iskasvanuna igap\u00e4evaelus teadlikult rakendada ning kuidas lastega rahast arukalt ja eakohaselt r\u00e4\u00e4kida.<\/p>\n<p dir=\"ltr\">Loengus r\u00e4\u00e4gime:<\/p>\n<p dir=\"ltr\">\u2013 Millal ja kuidas lapsega rahast r\u00e4\u00e4kida? Kuidas ja millest rahateemade tutvustamisel alustada ning millele r\u00f5hku panna. Lapsega rahast r\u00e4\u00e4kimine julgustab ka t\u00e4iskasvanuid omavahel avatumalt rahateemadel r\u00e4\u00e4kima.<\/p>\n<p dir=\"ltr\"><strong id=\"m_386969520036014148docs-internal-guid-4addafa9-7fff-4c9b-31bb-eaf749b6668b\"><\/strong>\u2013 Miks ei ole taskuraha lihtsalt raha, vaid oluline kasvatuslik t\u00f6\u00f6riist? Kuidas kasvatada vastutustunnet, iseseisvust ja kujundada v\u00e4\u00e4rtusi. Mis on taskuraha andmise eesm\u00e4rk?<\/p>\n<p dir=\"ltr\">\u2013 Millised on levinuimad rahaga seotud vead, mida kipume tegema ja mida nende asemel teha? Levinuimad on n\u00e4iteks rahast r\u00e4\u00e4kimise v\u00e4ltimine, vastuoluliste s\u00f5numitega toimetulek, kinnituste otsimine, et mitte harjumusp\u00e4rast k\u00e4itumist muuta, j\u00e4rjekindluse puudumine v\u00f5i ka liiga kergek\u00e4eline taskuraha andmine.<\/p>\n<p dir=\"ltr\">\u2013 Kuidas rahatarkust igap\u00e4evaelus rakendada \u2013 nii lapse kui t\u00e4iskasvanuna? Praktilised sammud ja ideed, mis aitavad kujundada teadlikke raha kasutusviise, arendada s\u00e4\u00e4stmise ja planeerimise oskusi ning \u00f5ppida rahaga targalt majandama.<\/p>\n<p dir=\"ltr\">Veebieminar on j\u00e4relvaadatav 14 p\u00e4eva.<\/p>","protected":false},"excerpt":{"rendered":"<p>Kutsume sind osalema veebiloengul, kus\u00a0<strong>rahandusministeeriumi rahatarkuse koordinaator Marge Aasalaid<\/strong>\u00a0jagab, kuidas rahatarkust nii lapse kui t\u00e4iskasvanuna igap\u00e4evaelus teadlikult rakendada ning kuidas lastega rahast arukalt ja eakohaselt r\u00e4\u00e4kida.<\/p>","protected":false},"featured_media":22675,"comment_status":"closed","ping_status":"closed","template":"","meta":{"_acf_changed":false,"content-type":"","advanced_seo_description":"","jetpack_seo_html_title":"","jetpack_seo_noindex":false},"product_brand":[],"product_cat":[15],"product_tag":[],"class_list":{"0":"post-22674","1":"product","2":"type-product","3":"status-publish","4":"has-post-thumbnail","6":"product_cat-veebiseminarid","8":"first","9":"instock","10":"virtual","11":"sold-individually","12":"taxable","13":"purchasable","14":"product-type-simple"},"acf":[],"jetpack_sharing_enabled":true,"_links":{"self":[{"href":"https:\/\/meaningfultalks.eu\/en\/wp-json\/wp\/v2\/product\/22674","targetHints":{"allow":["GET"]}}],"collection":[{"href":"https:\/\/meaningfultalks.eu\/en\/wp-json\/wp\/v2\/product"}],"about":[{"href":"https:\/\/meaningfultalks.eu\/en\/wp-json\/wp\/v2\/types\/product"}],"replies":[{"embeddable":true,"href":"https:\/\/meaningfultalks.eu\/en\/wp-json\/wp\/v2\/comments?post=22674"}],"wp:featuredmedia":[{"embeddable":true,"href":"https:\/\/meaningfultalks.eu\/en\/wp-json\/wp\/v2\/media\/22675"}],"wp:attachment":[{"href":"https:\/\/meaningfultalks.eu\/en\/wp-json\/wp\/v2\/media?parent=22674"}],"wp:term":[{"taxonomy":"product_brand","embeddable":true,"href":"https:\/\/meaningfultalks.eu\/en\/wp-json\/wp\/v2\/product_brand?post=22674"},{"taxonomy":"product_cat","embeddable":true,"href":"https:\/\/meaningfultalks.eu\/en\/wp-json\/wp\/v2\/product_cat?post=22674"},{"taxonomy":"product_tag","embeddable":true,"href":"https:\/\/meaningfultalks.eu\/en\/wp-json\/wp\/v2\/product_tag?post=22674"}],"curies":[{"name":"wp","href":"https:\/\/api.w.org\/{rel}","templated":true}]}}