{"id":22915,"date":"2026-02-28T21:02:39","date_gmt":"2026-02-28T19:02:39","guid":{"rendered":"https:\/\/meaningfultalks.eu\/?post_type=product&#038;p=22915"},"modified":"2026-03-02T14:38:22","modified_gmt":"2026-03-02T12:38:22","slug":"18-08-2026-haridustreff","status":"publish","type":"product","link":"https:\/\/meaningfultalks.eu\/en\/shop\/konverentsid\/18-08-2026-haridustreff\/","title":{"rendered":"18.08.2026 Haridustreff Tartus (ERMis)"},"content":{"rendered":"<div dir=\"auto\">Haridustrefil ootavad meid ees:<\/div>\n<div dir=\"auto\"><span class=\"html-span xexx8yu xyri2b x18d9i69 x1c1uobl x1hl2dhg x16tdsg8 x1vvkbs x3nfvp2 x1j61x8r x1fcty0u xdj266r xat24cr xm2jcoa x1mpyi22 xxymvpz xlup9mm x1kky2od\"><img decoding=\"async\" class=\"xz74otr x15mokao x1ga7v0g x16uus16 xbiv7yw\" src=\"https:\/\/static.xx.fbcdn.net\/images\/emoji.php\/v9\/t51\/1\/16\/1f449.png\" alt=\"\ud83d\udc49\" width=\"16\" height=\"16\" \/><\/span>\u00a0inspireerivad esinejad nii kodu- kui v\u00e4lismaalt;<\/div>\n<div dir=\"auto\"><span class=\"html-span xexx8yu xyri2b x18d9i69 x1c1uobl x1hl2dhg x16tdsg8 x1vvkbs x3nfvp2 x1j61x8r x1fcty0u xdj266r xat24cr xm2jcoa x1mpyi22 xxymvpz xlup9mm x1kky2od\"><img decoding=\"async\" class=\"xz74otr x15mokao x1ga7v0g x16uus16 xbiv7yw\" src=\"https:\/\/static.xx.fbcdn.net\/images\/emoji.php\/v9\/t51\/1\/16\/1f449.png\" alt=\"\ud83d\udc49\" width=\"16\" height=\"16\" \/><\/span>\u00a0praktilised teemapesad ehk t\u00f6\u00f6toad;<\/div>\n<div dir=\"auto\"><span class=\"html-span xexx8yu xyri2b x18d9i69 x1c1uobl x1hl2dhg x16tdsg8 x1vvkbs x3nfvp2 x1j61x8r x1fcty0u xdj266r xat24cr xm2jcoa x1mpyi22 xxymvpz xlup9mm x1kky2od\"><img decoding=\"async\" class=\"xz74otr x15mokao x1ga7v0g x16uus16 xbiv7yw\" src=\"https:\/\/static.xx.fbcdn.net\/images\/emoji.php\/v9\/t51\/1\/16\/1f449.png\" alt=\"\ud83d\udc49\" width=\"16\" height=\"16\" \/><\/span>\u00a0haridusteemaline messiala ning t\u00e4navatoidupakkujad;<\/div>\n<div dir=\"auto\"><span class=\"html-span xexx8yu xyri2b x18d9i69 x1c1uobl x1hl2dhg x16tdsg8 x1vvkbs x3nfvp2 x1j61x8r x1fcty0u xdj266r xat24cr xm2jcoa x1mpyi22 xxymvpz xlup9mm x1kky2od\"><img decoding=\"async\" class=\"xz74otr x15mokao x1ga7v0g x16uus16 xbiv7yw\" src=\"https:\/\/static.xx.fbcdn.net\/images\/emoji.php\/v9\/t51\/1\/16\/1f449.png\" alt=\"\ud83d\udc49\" width=\"16\" height=\"16\" \/><\/span>\u00a0teised haridust\u00f6\u00f6tajad, kellega m\u00f5tteid jagada ja ka uusi kontakte luua.<\/div>\n<div dir=\"auto\"><\/div>\n<div dir=\"auto\"><span class=\"html-span xexx8yu xyri2b x18d9i69 x1c1uobl x1hl2dhg x16tdsg8 x1vvkbs x3nfvp2 x1j61x8r x1fcty0u xdj266r xat24cr xm2jcoa x1mpyi22 xxymvpz xlup9mm x1kky2od\"><img decoding=\"async\" class=\"xz74otr x15mokao x1ga7v0g x16uus16 xbiv7yw\" src=\"https:\/\/static.xx.fbcdn.net\/images\/emoji.php\/v9\/tfd\/1\/16\/1f64c.png\" alt=\"\ud83d\ude4c\" width=\"16\" height=\"16\" \/><\/span>\u00a0Tuleme kokku Eesti suurimal hariduss\u00fcndmusel ning n\u00e4itame \u00fcheskoos, et Eestis on t\u00f5eliselt p\u00fchendunud, uudishimulikud ja kirglikud haridust\u00f6\u00f6tajad, kes soovivad olla osa muutusest ning panustada iseendasse, meie lastesse ja Eesti hariduse tulevikku!<\/div>","protected":false},"excerpt":{"rendered":"<p>Haridust\u00f6\u00f6tajate tipps\u00fcndmus Haridustreff toimub\u00a0 juba viiendat korda ning sedakorda 18. augustil 2026 taas! Haridustrefi peateemaks on <strong>&#8220;Tugev haridus&#8221;<\/strong>.<\/p>\n<p>Tugev haridus arendab \u00f5ppijate v\u00f5imekust, eneseregulatsiooni ja loovust ning valmistab neid ette toimetulekuks kiiresti muutuvas \u00fchiskonnas.<\/p>\n<p>* Tartu linna haridust\u00f6\u00f6taja soodustuse saamiseks sisesta\u00a0<strong>kood: TartuHT26<\/strong><\/p>\n<p>Kontrollime k\u00f5ikide koodi sisestanud osalejate andmeid (st. kas tegu on Tartu linna haridust\u00f6\u00f6tajaga)<\/p>\n<p><em>*EHL soodustuse rakendamiseks lisa Haridustreff ostukorvi ja seej\u00e4rel sisesta enda isikukood. S\u00fcsteem kontrollib automaatselt liikmelisuse ja rakendab soodustuse .<\/em><\/p>\n<p>PS! Topeltsoodustus ei kehti (ei saa kasutada korraga EHLi ja Tartu linna soodustust)<\/p>","protected":false},"featured_media":23816,"comment_status":"closed","ping_status":"closed","template":"","meta":{"_acf_changed":false,"content-type":"","advanced_seo_description":"","jetpack_seo_html_title":"","jetpack_seo_noindex":false},"product_brand":[],"product_cat":[33],"product_tag":[],"class_list":{"0":"post-22915","1":"product","2":"type-product","3":"status-publish","4":"has-post-thumbnail","6":"product_cat-konverentsid","8":"first","9":"instock","10":"featured","11":"virtual","12":"taxable","13":"purchasable","14":"product-type-simple"},"acf":[],"jetpack_sharing_enabled":true,"_links":{"self":[{"href":"https:\/\/meaningfultalks.eu\/en\/wp-json\/wp\/v2\/product\/22915","targetHints":{"allow":["GET"]}}],"collection":[{"href":"https:\/\/meaningfultalks.eu\/en\/wp-json\/wp\/v2\/product"}],"about":[{"href":"https:\/\/meaningfultalks.eu\/en\/wp-json\/wp\/v2\/types\/product"}],"replies":[{"embeddable":true,"href":"https:\/\/meaningfultalks.eu\/en\/wp-json\/wp\/v2\/comments?post=22915"}],"wp:featuredmedia":[{"embeddable":true,"href":"https:\/\/meaningfultalks.eu\/en\/wp-json\/wp\/v2\/media\/23816"}],"wp:attachment":[{"href":"https:\/\/meaningfultalks.eu\/en\/wp-json\/wp\/v2\/media?parent=22915"}],"wp:term":[{"taxonomy":"product_brand","embeddable":true,"href":"https:\/\/meaningfultalks.eu\/en\/wp-json\/wp\/v2\/product_brand?post=22915"},{"taxonomy":"product_cat","embeddable":true,"href":"https:\/\/meaningfultalks.eu\/en\/wp-json\/wp\/v2\/product_cat?post=22915"},{"taxonomy":"product_tag","embeddable":true,"href":"https:\/\/meaningfultalks.eu\/en\/wp-json\/wp\/v2\/product_tag?post=22915"}],"curies":[{"name":"wp","href":"https:\/\/api.w.org\/{rel}","templated":true}]}}