{"id":23321,"date":"2025-10-04T18:11:14","date_gmt":"2025-10-04T16:11:14","guid":{"rendered":"https:\/\/meaningfultalks.eu\/?post_type=product&#038;p=23321"},"modified":"2025-10-04T18:11:14","modified_gmt":"2025-10-04T16:11:14","slug":"andekus-ei-tunne-piire-loome-opikeskkonna-mis-laseb-laste-annetel-valja-tulla-ja-kasvada","status":"publish","type":"product","link":"https:\/\/meaningfultalks.eu\/en\/shop\/veebiseminarid\/andekus-ei-tunne-piire-loome-opikeskkonna-mis-laseb-laste-annetel-valja-tulla-ja-kasvada\/","title":{"rendered":"Andekus ei tunne piire. Loome \u00f5pikeskkonna, mis laseb laste annetel v\u00e4lja tulla ja kasvada"},"content":{"rendered":"<p><span style=\"font-weight: 400;\">Uuringud n\u00e4itavad, et paljude laste anded v\u00f5ivad koolis j\u00e4\u00e4da m\u00e4rkamata v\u00f5i arendamata.\u00a0<\/span><\/p>\n<p><span style=\"font-weight: 400;\">Kui keskendume andeka lapse otsimise asemel erinevate annete v\u00e4\u00e4rtustamisele ja toetamisele, anname igale lapsele v\u00f5imaluse olla andekas. Oluline on luua \u00f5pikeskkond, kus iga laps saab tunda ennast edukana, kuid mis v\u00f5imaldab igal lapsel omandada ka oskuse \u00f5ppida ning tulla toime keerukate olukordadega.<\/span><\/p>\n<p><span style=\"font-weight: 400;\">Tegelikult on ju iga laps on andekas &#8212; m\u00f5ni on erakordselt loov, m\u00f5ni suurep\u00e4rane suhtleja, silmapaistva tehnilise taibu v\u00f5i juhiomadustega. K\u00f5iki tugevusi on v\u00f5imalik arendada. Ent arenguv\u00f5imalus peab olema ka nendel \u00f5pilastel, kelle jaoks kooli \u00f5ppeained on liiga lihtsad ning kes vajavad \u00f5pioskuste omandamiseks keerukamat \u00f5ppesisu.<\/span><\/p>\n<p><span style=\"font-weight: 400;\">K\u00fcsimus on, kuidas erinevaid andeid avastada ja neid nii \u00f5petajatena kui ka lapsevanematena toetada?<\/span><\/p>\n<p><b>Miks see teema on oluline?<\/b><\/p>\n<p><b>\u00a0<\/b><span style=\"font-weight: 400;\">Uuringud toovad v\u00e4lja:<\/span><\/p>\n<ol>\n<li style=\"list-style-type: none;\">\n<ol>\n<li style=\"font-weight: 400;\" aria-level=\"1\"><span style=\"font-weight: 400;\">M\u00e4rkimisv\u00e4\u00e4rne osa \u00f5pilaste annetest v\u00f5ivad koolides j\u00e4\u00e4da m\u00e4rkamata v\u00f5i arendamata;<\/span><span style=\"font-weight: 400;\"><br \/>\n<\/span><\/li>\n<li style=\"font-weight: 400;\" aria-level=\"1\"><span style=\"font-weight: 400;\">\u00d5petajad ei diferentseeri \u00f5pet piisavalt, mist\u00f5ttu k\u00f5rgema v\u00f5imekusega \u00f5ppijatel ei teki koolis v\u00f5imalust \u00f5pioskuste omandamiseks;<\/span><span style=\"font-weight: 400;\"><br \/>\n<\/span><\/li>\n<li style=\"font-weight: 400;\" aria-level=\"1\"><span style=\"font-weight: 400;\">Paindlikum \u00f5ppekorraldus v\u00f5imaldaks toetada erineva v\u00f5imekuse ja \u00f5ppimise tempoga \u00f5ppijate arengut.<\/span><\/li>\n<\/ol>\n<\/li>\n<\/ol>","protected":false},"excerpt":{"rendered":"<p><span style=\"font-weight: 400;\">Kutsume Sind <\/span><b>16.10 kell 16.00-17.15<\/b><span style=\"font-weight: 400;\"> p\u00f5nevale veebiloengule andekuspedagoogika arendaja <\/span><b>Karin Konksiga<\/b><span style=\"font-weight: 400;\">, kus r\u00e4\u00e4gime ja jagame praktilisi nippe sellest, kuidas luua \u00f5pikeskkonda, mis v\u00f5imaldaks m\u00e4rgata erinevaid huvisid ja tugevusi.<\/span><\/p>\n<p><b>Loengus r\u00e4\u00e4gime teemadel:<\/b><\/p>\n<ul>\n<li style=\"font-weight: 400;\" aria-level=\"1\"><span style=\"font-weight: 400;\">Kuidas luua \u00f5pikeskkonda, mis v\u00f5imaldaks m\u00e4rgata erinevaid huvisid ja tugevusi, sh neid, mis ei ole seotud \u00f5ppekava ainetega? Milline v\u00f5iks olla lapsevanema roll tugevustel p\u00f5hineva hariduse toetamisel;<\/span><span style=\"font-weight: 400;\">\n<p><\/span><\/li>\n<li style=\"font-weight: 400;\" aria-level=\"1\"><span style=\"font-weight: 400;\">Kuidas laste huvisid toetada koolip\u00e4eva sees? \u00d5ppe diferentseerimine ehk laste huvide ja tugevuste toetamine koolip\u00e4eva sees;<\/span><span style=\"font-weight: 400;\">\n<p><\/span><\/li>\n<li style=\"font-weight: 400;\" aria-level=\"1\"><span style=\"font-weight: 400;\">Praktilised lahendused rahvusvahelisest andekuspedagoogikast ja kogemuslood S\u00e4deTERAst;<\/span><\/li>\n<\/ul>\n<p>&nbsp;<\/p>","protected":false},"featured_media":23322,"comment_status":"closed","ping_status":"closed","template":"","meta":{"_acf_changed":false,"content-type":"","advanced_seo_description":"","jetpack_seo_html_title":"","jetpack_seo_noindex":false},"product_brand":[],"product_cat":[15],"product_tag":[],"class_list":{"0":"post-23321","1":"product","2":"type-product","3":"status-publish","4":"has-post-thumbnail","6":"product_cat-veebiseminarid","8":"first","9":"instock","10":"virtual","11":"taxable","12":"purchasable","13":"product-type-simple"},"acf":[],"jetpack_sharing_enabled":true,"_links":{"self":[{"href":"https:\/\/meaningfultalks.eu\/en\/wp-json\/wp\/v2\/product\/23321","targetHints":{"allow":["GET"]}}],"collection":[{"href":"https:\/\/meaningfultalks.eu\/en\/wp-json\/wp\/v2\/product"}],"about":[{"href":"https:\/\/meaningfultalks.eu\/en\/wp-json\/wp\/v2\/types\/product"}],"replies":[{"embeddable":true,"href":"https:\/\/meaningfultalks.eu\/en\/wp-json\/wp\/v2\/comments?post=23321"}],"wp:featuredmedia":[{"embeddable":true,"href":"https:\/\/meaningfultalks.eu\/en\/wp-json\/wp\/v2\/media\/23322"}],"wp:attachment":[{"href":"https:\/\/meaningfultalks.eu\/en\/wp-json\/wp\/v2\/media?parent=23321"}],"wp:term":[{"taxonomy":"product_brand","embeddable":true,"href":"https:\/\/meaningfultalks.eu\/en\/wp-json\/wp\/v2\/product_brand?post=23321"},{"taxonomy":"product_cat","embeddable":true,"href":"https:\/\/meaningfultalks.eu\/en\/wp-json\/wp\/v2\/product_cat?post=23321"},{"taxonomy":"product_tag","embeddable":true,"href":"https:\/\/meaningfultalks.eu\/en\/wp-json\/wp\/v2\/product_tag?post=23321"}],"curies":[{"name":"wp","href":"https:\/\/api.w.org\/{rel}","templated":true}]}}