{"id":23451,"date":"2025-11-07T10:15:15","date_gmt":"2025-11-07T08:15:15","guid":{"rendered":"https:\/\/meaningfultalks.eu\/?post_type=product&#038;p=23451"},"modified":"2025-12-09T12:47:59","modified_gmt":"2025-12-09T10:47:59","slug":"kuidas-toetada-ath-last-kodu-ja-hariduskeskkonnas","status":"publish","type":"product","link":"https:\/\/meaningfultalks.eu\/en\/shop\/veebiseminarid\/kuidas-toetada-ath-last-kodu-ja-hariduskeskkonnas\/","title":{"rendered":"Kuidas toetada ATH last kodu ja hariduskeskkonnas?"},"content":{"rendered":"<p>Uurime, mis on ATH? Kuidas see erinevates vanustes avaldub ning miks on oluline eristada k\u00e4itumise taga olevaid p\u00f5hjuseid. ATH diagnoosiga lapsi on meie koolides ja peredes \u00fcha rohkem. Sageli on nad s\u00e4ravad, loomingulised ja terase m\u00f5tlemisega, kuid vajavad eriviisilist tuge, et oma potentsiaali t\u00e4ielikult rakendada.<\/p>\n<p>Lektor Mari J\u00e4rvelaid, laste- ja noorukite ps\u00fchhiaater ning tunnustatud koolitaja, selgitab selgelt ja praktiliselt, mida ATH endast kujutab, millised on levinumad m\u00fc\u00fcdid ja kuidas ATH lapse toetamisega h\u00e4sti hakkama saada.<\/p>\n<p>R\u00e4\u00e4gime ka sellest, kuidas toetada ATH-ga last nii kodus kui koolikeskkonnas \u2013 kuidas m\u00f5ista tema m\u00f5tlemise erip\u00e4ra, hoida motivatsiooni ning aidata tal toime tulla keskendumisraskuste, emotsioonide k\u00f5ikumisega ja n\u00e4iteks ajajuhtimisega.<\/p>\n<p>See loeng sobib lapsevanematele, \u00f5petajatele ja k\u00f5igile, kes soovivad saada selgust ning praktilisi teadmisi, kuidas luua lapsele keskkond, kus ta saab \u00f5ppida, kasvada ja tunda end m\u00f5istetuna.<\/p>\n<p>Mari J\u00e4rvelaid on ps\u00fchhiaater, laste ja noorte ps\u00fchhiaatri lisap\u00e4devusega meditsiiniteaduste doktor, magistrikraadiga treener-\u00f5petaja. Euroopa<br \/>\naktiivsus- ja t\u00e4helepanuh\u00e4ire ekspertide n\u00f5ukogusse valitud\/nimetatud aastateks 2024 kuni 2027 (inglise keeles nominated to ADHD Europe<br \/>\nProfessional Board, 2024-2027). T\u00f6\u00f6tanud Euroopa Komisjoni eksperdina mitmes riigis, enam kui 100 teadus- ja populaarteadusliku artikli<br \/>\nautor.<\/p>","protected":false},"excerpt":{"rendered":"<p>ATH teema on viimastel aastatel saanud palju t\u00e4helepanu \u2013 ja seda p\u00f5hjusega. Diagnoose lisandub nii laste kui t\u00e4iskasvanute seas, ent koos sellega levib ka rohkelt m\u00fc\u00fcte ja v\u00e4\u00e4rarusaamu. On neid, kes peavad ATH-d lihtsalt \u201elaisaks k\u00e4itumiseks\u201c v\u00f5i \u201edistsipliinipuuduseks\u201c, ja teisi, kes kuuldes s\u00fcmptomitest k\u00fcsivad endamisi:\u00a0\u201eEi tea, kas mul on ka ATH?\u201c<\/p>\n<p>See loeng aitab m\u00f5ista, mis on ATH tegelikult, kuidas see erinevates vanustes v\u00e4ljendub ja milliseid praktilisi samme saavad lapsevanemad ja \u00f5petajad astuda, et toetada lapse keskendumist, eneseregulatsiooni ja enesehinnangut.<\/p>\n<p>Loengu pikkus: 1 tund<\/p>\n<p>Loeng salvestatakse ja see on j\u00e4relvaatamiseks k\u00e4ttesaadav 14 p\u00e4eva.<\/p>","protected":false},"featured_media":23452,"comment_status":"closed","ping_status":"closed","template":"","meta":{"_acf_changed":false,"content-type":"","advanced_seo_description":"","jetpack_seo_html_title":"","jetpack_seo_noindex":false},"product_brand":[],"product_cat":[15],"product_tag":[],"class_list":{"0":"post-23451","1":"product","2":"type-product","3":"status-publish","4":"has-post-thumbnail","6":"product_cat-veebiseminarid","8":"first","9":"instock","10":"virtual","11":"taxable","12":"purchasable","13":"product-type-simple"},"acf":[],"jetpack_sharing_enabled":true,"_links":{"self":[{"href":"https:\/\/meaningfultalks.eu\/en\/wp-json\/wp\/v2\/product\/23451","targetHints":{"allow":["GET"]}}],"collection":[{"href":"https:\/\/meaningfultalks.eu\/en\/wp-json\/wp\/v2\/product"}],"about":[{"href":"https:\/\/meaningfultalks.eu\/en\/wp-json\/wp\/v2\/types\/product"}],"replies":[{"embeddable":true,"href":"https:\/\/meaningfultalks.eu\/en\/wp-json\/wp\/v2\/comments?post=23451"}],"wp:featuredmedia":[{"embeddable":true,"href":"https:\/\/meaningfultalks.eu\/en\/wp-json\/wp\/v2\/media\/23452"}],"wp:attachment":[{"href":"https:\/\/meaningfultalks.eu\/en\/wp-json\/wp\/v2\/media?parent=23451"}],"wp:term":[{"taxonomy":"product_brand","embeddable":true,"href":"https:\/\/meaningfultalks.eu\/en\/wp-json\/wp\/v2\/product_brand?post=23451"},{"taxonomy":"product_cat","embeddable":true,"href":"https:\/\/meaningfultalks.eu\/en\/wp-json\/wp\/v2\/product_cat?post=23451"},{"taxonomy":"product_tag","embeddable":true,"href":"https:\/\/meaningfultalks.eu\/en\/wp-json\/wp\/v2\/product_tag?post=23451"}],"curies":[{"name":"wp","href":"https:\/\/api.w.org\/{rel}","templated":true}]}}