{"id":23455,"date":"2025-11-07T10:22:09","date_gmt":"2025-11-07T08:22:09","guid":{"rendered":"https:\/\/meaningfultalks.eu\/?post_type=product&#038;p=23455"},"modified":"2025-12-09T12:48:48","modified_gmt":"2025-12-09T10:48:48","slug":"taiskasvanu-ath-tookohal-moistmine-ja-toetus","status":"publish","type":"product","link":"https:\/\/meaningfultalks.eu\/en\/shop\/veebiseminarid\/taiskasvanu-ath-tookohal-moistmine-ja-toetus\/","title":{"rendered":"T\u00e4iskasvanu ATH t\u00f6\u00f6kohal \u2013 m\u00f5istmine ja toetus"},"content":{"rendered":"<p>T\u00e4iskasvanu elus v\u00f5ib ATH avalduda v\u00e4ga erinevalt: m\u00f5ni kompenseerib seda \u00fclet\u00f6\u00f6tamise ja perfektsionismiga, teine tunneb end pidevalt \u00fclekoormatuna ja hajevil. Kuid ATH ei ole ainult raskus \u2013 see v\u00f5ib olla ka tugevus, mis toob kaasa loovuse, ideederikkuse ja kiire reageerimisv\u00f5ime, kui seda \u00f5igesti m\u00f5ista ja suunata.<\/p>\n<p>See loeng sobib nii ATH-ga t\u00e4iskasvanule, nende l\u00e4hedastele kui ka t\u00f6\u00f6andjatele ja juhtidele, kes soovivad m\u00f5ista, kuidas toetada ATHga t\u00e4iskasvanut ja kuidas erinevused t\u00f6\u00f6keskkonnas v\u00f5ivad olla tugevuseks, mitte takistuseks.<\/p>\n<p>Mari J\u00e4rvelaid on ps\u00fchhiaater, laste ja noorte ps\u00fchhiaatri lisap\u00e4devusega meditsiiniteaduste doktor, magistrikraadiga treener-\u00f5petaja. Euroopa<br \/>\naktiivsus- ja t\u00e4helepanuh\u00e4ire ekspertide n\u00f5ukogusse valitud\/nimetatud aastateks 2024 kuni 2027 (inglise keeles nominated to ADHD Europe<br \/>\nProfessional Board, 2024-2027). T\u00f6\u00f6tanud Euroopa Komisjoni eksperdina mitmes riigis, enam kui 100 teadus- ja populaarteadusliku artikli<br \/>\nautor.<\/p>","protected":false},"excerpt":{"rendered":"<p>ATH teema on viimastel aastatel saanud palju t\u00e4helepanu \u2013 ja seda p\u00f5hjusega. Diagnoose lisandub nii laste kui t\u00e4iskasvanute seas, ent koos sellega levib ka rohkelt m\u00fc\u00fcte ja v\u00e4\u00e4rarusaamu. On neid, kes peavad ATH-d lihtsalt \u201elaisaks k\u00e4itumiseks\u201c v\u00f5i \u201edistsipliinipuuduseks\u201c, ja teisi, kes kuuldes s\u00fcmptomitest k\u00fcsivad endamisi:\u00a0\u201eEi tea, kas mul on ka ATH?\u201c<\/p>\n<p>Selles loengus selgitab ps\u00fchhiaater Mari J\u00e4rvelaid, kuidas ATH t\u00e4iskasvanueas v\u00e4ljendub, kuidas iseennast paremini m\u00f5ista ja millised praktilised strateegiad aitavad t\u00f6\u00f6elus toime tulla. R\u00e4\u00e4gime nii ajaplaneerimisest, keskendumise toetamisest kui ka sellest, kuidas juhid ja kolleegid saavad luua keskkonna, kus erinevad m\u00f5tlemisviisid on v\u00e4\u00e4rtustatud.<\/p>\n<p>Loengu pikkus: 1 tund<\/p>\n<p>Loeng salvestatakse ja see on j\u00e4relvaatamiseks k\u00e4ttesaadav 14 p\u00e4eva.<\/p>","protected":false},"featured_media":23453,"comment_status":"closed","ping_status":"closed","template":"","meta":{"_acf_changed":false,"content-type":"","advanced_seo_description":"","jetpack_seo_html_title":"","jetpack_seo_noindex":false},"product_brand":[],"product_cat":[15],"product_tag":[],"class_list":{"0":"post-23455","1":"product","2":"type-product","3":"status-publish","4":"has-post-thumbnail","6":"product_cat-veebiseminarid","8":"first","9":"instock","10":"virtual","11":"taxable","12":"purchasable","13":"product-type-simple"},"acf":[],"jetpack_sharing_enabled":true,"_links":{"self":[{"href":"https:\/\/meaningfultalks.eu\/en\/wp-json\/wp\/v2\/product\/23455","targetHints":{"allow":["GET"]}}],"collection":[{"href":"https:\/\/meaningfultalks.eu\/en\/wp-json\/wp\/v2\/product"}],"about":[{"href":"https:\/\/meaningfultalks.eu\/en\/wp-json\/wp\/v2\/types\/product"}],"replies":[{"embeddable":true,"href":"https:\/\/meaningfultalks.eu\/en\/wp-json\/wp\/v2\/comments?post=23455"}],"wp:featuredmedia":[{"embeddable":true,"href":"https:\/\/meaningfultalks.eu\/en\/wp-json\/wp\/v2\/media\/23453"}],"wp:attachment":[{"href":"https:\/\/meaningfultalks.eu\/en\/wp-json\/wp\/v2\/media?parent=23455"}],"wp:term":[{"taxonomy":"product_brand","embeddable":true,"href":"https:\/\/meaningfultalks.eu\/en\/wp-json\/wp\/v2\/product_brand?post=23455"},{"taxonomy":"product_cat","embeddable":true,"href":"https:\/\/meaningfultalks.eu\/en\/wp-json\/wp\/v2\/product_cat?post=23455"},{"taxonomy":"product_tag","embeddable":true,"href":"https:\/\/meaningfultalks.eu\/en\/wp-json\/wp\/v2\/product_tag?post=23455"}],"curies":[{"name":"wp","href":"https:\/\/api.w.org\/{rel}","templated":true}]}}