{"id":23692,"date":"2026-01-28T09:52:24","date_gmt":"2026-01-28T07:52:24","guid":{"rendered":"https:\/\/meaningfultalks.eu\/?post_type=product&#038;p=23692"},"modified":"2026-03-14T15:13:57","modified_gmt":"2026-03-14T13:13:57","slug":"raamat-veebiseminar","status":"publish","type":"product","link":"https:\/\/meaningfultalks.eu\/en\/shop\/trukised\/raamatud-trukised\/raamat-veebiseminar\/","title":{"rendered":"Raamat &#8220;Miks?Seks.&#8221;"},"content":{"rendered":"<p>Raamatu autorid toovad lugeja ette assortii meditsiinilistest, ps\u00fchholoogilistest ja sotsiokultuurilistest teemadest, et pakkuda mitmetahulist sissevaadet seksuaalsusesse. Siin r\u00e4\u00e4gitakse hormoonidest ja n\u00e4rvis\u00fcsteemist, aga ka n\u00f5usolekust, \u00f5igustest, keelest ja mitmekesisusest.<\/p>\n<p><strong>Dr Marie Abel<\/strong> on naistearst, seksuaalmeditsiini arst ja kliiniline seksuoloog. <strong>Kristina Birk-Vellemaa<\/strong> on antropoloog, seksuoloog, seksuaalhariduse ekspert, inimese\u00f5petuse \u00f5petaja ja seksuaaln\u00f5ustaja. <strong>Annika Tamme<\/strong> on kliiniline seksuoloog ja seksuaalterapeut, seksuaalps\u00fchholoogia \u00f5ppej\u00f5ud.<\/p>\n<p><strong>Peat\u00fckid:<\/strong><\/p>\n<ol>\n<li>(Seksuaal) kultuur ja keel<\/li>\n<li>Seksuaal\u00f5igused<\/li>\n<li>N\u00f5usolek<\/li>\n<li>Kust me tuleme<\/li>\n<li>Seksik\u00e4sikirjad ehk skriptid<\/li>\n<li>Suhete mitmekesisus<\/li>\n<li>Seksuaalpraktikate mitmekesisus<\/li>\n<li>Kompulsiivne seksuaalk\u00e4itumine<\/li>\n<li>Seksuaalne funktsioon ja d\u00fcsfunktsioon<\/li>\n<li>Seksuaaltervis<\/li>\n<li>Haigused<\/li>\n<li>Seks tervishoius<\/li>\n<li>N\u00e4rvis\u00fcsteem<\/li>\n<li>Anatoomia<\/li>\n<li>Sugu ja mitmekesisus<\/li>\n<li>Hormoonid<\/li>\n<li>Iha ja mudelid<\/li>\n<li>\u00c4revus<\/li>\n<li>M\u00f5ttemoonutused<\/li>\n<\/ol>","protected":false},"excerpt":{"rendered":"<p>Enamikule inimestest on seks t\u00e4htis osa elust. Kui seksuaalsed probleemid korduvad ja lahendust ei paista, siis v\u00f5ib see tugevalt m\u00f5jutada vaimset tervist ja intiimsuhteid. On kurb, et nii v\u00e4hesed professionaalid suudavad selles valdkonnas t\u00f5eliselt aidata.<\/p>\n<p>Sinuni j\u00f5uab raamat <strong>\u201eMiks? Seks.\u201c<\/strong><\/p>\n<p>Raamatu autorid toovad lugeja ette assortii meditsiinilistest, ps\u00fchholoogilistest ja sotsiokultuurilistest teemadest, et pakkuda mitmetahulist sissevaadet seksuaalsusesse. Siin r\u00e4\u00e4gitakse hormoonidest ja n\u00e4rvis\u00fcsteemist, aga ka n\u00f5usolekust, \u00f5igustest, keelest ja mitmekesisusest.<\/p>\n<p>&nbsp;<\/p>","protected":false},"featured_media":23699,"comment_status":"closed","ping_status":"closed","template":"","meta":{"_acf_changed":false,"content-type":"","advanced_seo_description":"","jetpack_seo_html_title":"","jetpack_seo_noindex":false},"product_brand":[],"product_cat":[82,55],"product_tag":[],"class_list":{"0":"post-23692","1":"product","2":"type-product","3":"status-publish","4":"has-post-thumbnail","6":"product_cat-raamatud-trukised","7":"product_cat-trukised","9":"first","10":"instock","11":"taxable","12":"shipping-taxable","13":"purchasable","14":"product-type-simple"},"acf":[],"jetpack_sharing_enabled":true,"_links":{"self":[{"href":"https:\/\/meaningfultalks.eu\/en\/wp-json\/wp\/v2\/product\/23692","targetHints":{"allow":["GET"]}}],"collection":[{"href":"https:\/\/meaningfultalks.eu\/en\/wp-json\/wp\/v2\/product"}],"about":[{"href":"https:\/\/meaningfultalks.eu\/en\/wp-json\/wp\/v2\/types\/product"}],"replies":[{"embeddable":true,"href":"https:\/\/meaningfultalks.eu\/en\/wp-json\/wp\/v2\/comments?post=23692"}],"wp:featuredmedia":[{"embeddable":true,"href":"https:\/\/meaningfultalks.eu\/en\/wp-json\/wp\/v2\/media\/23699"}],"wp:attachment":[{"href":"https:\/\/meaningfultalks.eu\/en\/wp-json\/wp\/v2\/media?parent=23692"}],"wp:term":[{"taxonomy":"product_brand","embeddable":true,"href":"https:\/\/meaningfultalks.eu\/en\/wp-json\/wp\/v2\/product_brand?post=23692"},{"taxonomy":"product_cat","embeddable":true,"href":"https:\/\/meaningfultalks.eu\/en\/wp-json\/wp\/v2\/product_cat?post=23692"},{"taxonomy":"product_tag","embeddable":true,"href":"https:\/\/meaningfultalks.eu\/en\/wp-json\/wp\/v2\/product_tag?post=23692"}],"curies":[{"name":"wp","href":"https:\/\/api.w.org\/{rel}","templated":true}]}}