{"id":23826,"date":"2026-03-04T11:26:38","date_gmt":"2026-03-04T09:26:38","guid":{"rendered":"https:\/\/meaningfultalks.eu\/?post_type=product&#038;p=23826"},"modified":"2026-03-13T09:31:24","modified_gmt":"2026-03-13T07:31:24","slug":"11-03-kell-18-30-kuidas-toetada-noore-enesekindlust-ja-eneseusku-jessica-joelle-alexander-taani-vanemlusekspert-inglise-keeles","status":"publish","type":"product","link":"https:\/\/meaningfultalks.eu\/en\/shop\/veebiseminarid\/11-03-kell-18-30-kuidas-toetada-noore-enesekindlust-ja-eneseusku-jessica-joelle-alexander-taani-vanemlusekspert-inglise-keeles\/","title":{"rendered":"11.03 kell 18.30 Kuidas toetada noore enesekindlust ja eneseusku? Jessica Joelle Alexander (Taani vanemlusekspert, inglise keeles)"},"content":{"rendered":"<p>Jessica eesm\u00e4rk on aidata vanematel kasvatada noores m\u00f5lemat ning suunata noort seisundisse, mida ta nimetab:<\/p>\n<p>\u201cResting well within yourself\u201d \u2013 oskus olla rahus iseendaga.<\/p>\n<ul>\n<li>Mis vahe on enesehinnangul ja enesekindlusel ning miks on vaja m\u00f5lemat.<\/li>\n<li>Kuidas vanem saab toetada, et noor tunneks end turvaliselt iseendana, mitte ainult sooritajana.<\/li>\n<li>Miks liigne keskendumine hinnetele ja testitulemustele v\u00f5ib hoopis kahjustada enesekindlust.<\/li>\n<li>Mida t\u00e4hendab \u201cFAIL = First Attempt In Learning\u201d ja kuidas \u00f5petada noort eksimist n\u00e4gema osana kasvamisest.<\/li>\n<li>Koosolemise ja \u201chygge\u201d p\u00f5him\u00f5tte.<\/li>\n<\/ul>\n<p><strong>Jessica Joelle Alexander<\/strong>\u00a0(Taanist) on rahvusvaheliselt tunnustatud autor, Taani vanemluse ekspert, kolumnist, esineja ja kultuuriuurija. Tema raamatud on olnud menukad ning tema m\u00f5tteid vanemlusest, haridusest ja heaolust on avaldanud mitmed maailma juhtivad v\u00e4ljaanded, sealhulgas The Wall Street Journal, BBC World News, Time, Vanity Fair, NPR, Salon jt.<\/p>","protected":false},"excerpt":{"rendered":"<p>Jessica roll on aidata m\u00f5ista, et enesekindlus ei s\u00fcnni ainult heast tulemusest, vaid sellest, kuidas noor end inimesena tajub. Seda ka siis, kui k\u00f5ik ei l\u00e4he plaanip\u00e4raselt.<\/p>\n<ul>\n<li>Enesehinnang (self-esteem): Kuidas noor tunneb end inimesena.<\/li>\n<li>Enesekindlus (self-confidence):<\/li>\n<\/ul>\n<p>Kuidas noor usub oma v\u00f5imesse tegutseda, proovida ja \u00f5ppida.<\/p>\n<p>Veebiseminar on inglise keeles ja kestab 1 tund.<\/p>\n<p>Veebiseminari on v\u00f5imalik j\u00e4relvaadata 14 p\u00e4eva.<\/p>","protected":false},"featured_media":23827,"comment_status":"closed","ping_status":"closed","template":"","meta":{"_acf_changed":false,"content-type":"","advanced_seo_description":"","jetpack_seo_html_title":"","jetpack_seo_noindex":false},"product_brand":[],"product_cat":[15],"product_tag":[],"class_list":{"0":"post-23826","1":"product","2":"type-product","3":"status-publish","4":"has-post-thumbnail","6":"product_cat-veebiseminarid","8":"first","9":"instock","10":"virtual","11":"sold-individually","12":"taxable","13":"purchasable","14":"product-type-simple"},"acf":[],"jetpack_sharing_enabled":true,"_links":{"self":[{"href":"https:\/\/meaningfultalks.eu\/en\/wp-json\/wp\/v2\/product\/23826","targetHints":{"allow":["GET"]}}],"collection":[{"href":"https:\/\/meaningfultalks.eu\/en\/wp-json\/wp\/v2\/product"}],"about":[{"href":"https:\/\/meaningfultalks.eu\/en\/wp-json\/wp\/v2\/types\/product"}],"replies":[{"embeddable":true,"href":"https:\/\/meaningfultalks.eu\/en\/wp-json\/wp\/v2\/comments?post=23826"}],"wp:featuredmedia":[{"embeddable":true,"href":"https:\/\/meaningfultalks.eu\/en\/wp-json\/wp\/v2\/media\/23827"}],"wp:attachment":[{"href":"https:\/\/meaningfultalks.eu\/en\/wp-json\/wp\/v2\/media?parent=23826"}],"wp:term":[{"taxonomy":"product_brand","embeddable":true,"href":"https:\/\/meaningfultalks.eu\/en\/wp-json\/wp\/v2\/product_brand?post=23826"},{"taxonomy":"product_cat","embeddable":true,"href":"https:\/\/meaningfultalks.eu\/en\/wp-json\/wp\/v2\/product_cat?post=23826"},{"taxonomy":"product_tag","embeddable":true,"href":"https:\/\/meaningfultalks.eu\/en\/wp-json\/wp\/v2\/product_tag?post=23826"}],"curies":[{"name":"wp","href":"https:\/\/api.w.org\/{rel}","templated":true}]}}