{"id":6343,"date":"2021-05-07T09:13:10","date_gmt":"2021-05-07T07:13:10","guid":{"rendered":"https:\/\/meaningfultalks.eu\/?post_type=product&#038;p=6343"},"modified":"2025-09-03T12:10:45","modified_gmt":"2025-09-03T10:10:45","slug":"suhtluspaevik-lapsele-ja-vanemale","status":"publish","type":"product","link":"https:\/\/meaningfultalks.eu\/en\/shop\/suhtluspaevik\/suhtluspaevik-lapsele-ja-vanemale\/","title":{"rendered":"Minu lapse hingeelu"},"content":{"rendered":"<p><span style=\"font-weight: 400;\">Kas tunned, et vajad lihtsat vahendit, mille abil lapsega parem ja teadlikum side luua, kuid selle saavutamine tundub raske v\u00f5i hoopis v\u00f5imatu? <\/span><\/p>\n<p><span style=\"font-weight: 400;\">See p\u00e4evik ongi see k\u00f5ige lihtsam vahend, mis aitab Sul k\u00f5ike seda luua ja hoida. See aitab lapsele loovalt l\u00e4heneda, k\u00fcsides temalt k\u00fcsimusi, mis julgustavad teda end erinevatel teemadel avama. Seej\u00e4rel vastad ka ise nendele k\u00fcsimustele. Just vanemapoolne eneseavamine saadab lapsele signaali, et selles \u00fchises hetkes on turvaline oma m\u00f5tteid, tundeid ja kogemusi jagada. Koos joonistamine on loov ja rahustav tegevus teie m\u00f5lema jaoks. See aitab pingeid maandada, hetkes olla ning oma tunded, m\u00f5tted ja emotsioonid pilti joonistades maha laadida.<\/span><\/p>\n<div>\n<div><span lang=\"EN-US\">P\u00e4evikut saab hakata kasutama kohe, kui lapsega on v\u00f5imalik r\u00e4\u00e4kida ning arutelu pidada.<\/span><\/div>\n<div><span lang=\"EN-US\">Me loome oma tuleviku t\u00e4na ja see, milliseks meie elu kujuneb v\u00f5i lapsed sirguvad, on peegeldus t\u00e4nasele.<\/span><\/div>\n<\/div>\n<div><\/div>\n<div><\/div>\n<div>\n<div><strong><span lang=\"EN-US\">Sisu 171 lk, kammk\u00f6ide<\/span><span lang=\"EN-US\">.<\/span><\/strong><\/div>\n<\/div>","protected":false},"excerpt":{"rendered":"<p>P\u00e4evikust leiad <strong>k\u00fcsimused, mis loovad avatud ja usaldusliku suhte<\/strong> ning \u00fchtlasi on seal joonistamise ala loovuse arendamiseks ja koostegemisest r\u00f5\u00f5mu tundmiseks.<\/p>\n<p>\u00dcllatusena on p\u00e4evikuga kaasas ka <strong>emotsioonikleebised<\/strong>, mida Sa vastavalt oma p\u00e4evasele tundele p\u00e4evikus kasutada saad.<\/p>\n<p>P\u00e4evik sobib kasutamiseks alates sellest, kui laps oskab ennast v\u00e4ljendada ja vestlust juba arendada kuni teismeeani v\u00e4lja. Unistamiseks ja m\u00f5testamiseks ei ole me kunagi liiga vanad!<\/p>","protected":false},"featured_media":16781,"comment_status":"closed","ping_status":"closed","template":"","meta":{"_acf_changed":false,"content-type":"","advanced_seo_description":"","jetpack_seo_html_title":"","jetpack_seo_noindex":false},"product_brand":[],"product_cat":[20],"product_tag":[],"class_list":{"0":"post-6343","1":"product","2":"type-product","3":"status-publish","4":"has-post-thumbnail","6":"product_cat-suhtluspaevik","8":"first","9":"outofstock","10":"taxable","11":"shipping-taxable","12":"purchasable","13":"product-type-simple"},"acf":[],"jetpack_sharing_enabled":true,"_links":{"self":[{"href":"https:\/\/meaningfultalks.eu\/en\/wp-json\/wp\/v2\/product\/6343","targetHints":{"allow":["GET"]}}],"collection":[{"href":"https:\/\/meaningfultalks.eu\/en\/wp-json\/wp\/v2\/product"}],"about":[{"href":"https:\/\/meaningfultalks.eu\/en\/wp-json\/wp\/v2\/types\/product"}],"replies":[{"embeddable":true,"href":"https:\/\/meaningfultalks.eu\/en\/wp-json\/wp\/v2\/comments?post=6343"}],"wp:featuredmedia":[{"embeddable":true,"href":"https:\/\/meaningfultalks.eu\/en\/wp-json\/wp\/v2\/media\/16781"}],"wp:attachment":[{"href":"https:\/\/meaningfultalks.eu\/en\/wp-json\/wp\/v2\/media?parent=6343"}],"wp:term":[{"taxonomy":"product_brand","embeddable":true,"href":"https:\/\/meaningfultalks.eu\/en\/wp-json\/wp\/v2\/product_brand?post=6343"},{"taxonomy":"product_cat","embeddable":true,"href":"https:\/\/meaningfultalks.eu\/en\/wp-json\/wp\/v2\/product_cat?post=6343"},{"taxonomy":"product_tag","embeddable":true,"href":"https:\/\/meaningfultalks.eu\/en\/wp-json\/wp\/v2\/product_tag?post=6343"}],"curies":[{"name":"wp","href":"https:\/\/api.w.org\/{rel}","templated":true}]}}