{"id":6638,"date":"2021-08-26T17:21:58","date_gmt":"2021-08-26T15:21:58","guid":{"rendered":"https:\/\/meaningfultalks.eu\/?post_type=product&#038;p=6638"},"modified":"2025-09-11T13:47:20","modified_gmt":"2025-09-11T11:47:20","slug":"tarkus","status":"publish","type":"product","link":"https:\/\/meaningfultalks.eu\/en\/shop\/kogukond\/tarkus\/","title":{"rendered":"&#8220;Targalt \u00f5ppimise&#8221; kogukonna liikmelisus (igakuine liikmetasu)"},"content":{"rendered":"<p>Targalt \u00f5ppimise kogukond on virtuaalne keskkond, kuhu kutsume nii \u00f5petajaid, lapsevanemaid kui ka haridusentusiaste nutikama \u00f5ppimise ja toetavama hariduse osas inspiratsiooni ja teadmisi koguma. V\u00f5iks arvata, et meil on erinevad vajadused ja ootused, kuid meid k\u00f5iki seob siiski \u00fchine eesm\u00e4rk \u2013 laste toetamine \u00f5ppimises, arengus ja heaolus, et neist kasvaksid s\u00e4rasilmsed, ennastjuhtivad ja ettev\u00f5tlikud tulevikut\u00e4iskasvanud.<\/p>\n<p>See on keskkond, mis annab sulle v\u00e4ikese kuumaksu eest (ainult 17,90\u20ac\/kuus) juurdep\u00e4\u00e4su k\u00f5ikidele ka juba varem toimunud ja <strong>tulevikus toimuvatele<\/strong> veebiseminaridele ja teistele salvestatavatele videotoodetele.<\/p>\n<p><strong>See on v\u00e4\u00e4rtuslik investeering:<\/strong><\/p>\n<div class=\"elementor-element elementor-element-434c6cb7 elementor-widget elementor-widget-text-editor\" data-id=\"434c6cb7\" data-element_type=\"widget\" data-widget_type=\"text-editor.default\">\n<div class=\"elementor-widget-container\">\n<p>\ud83c\udf31 Iga kuu ootab Sind 1\u20132 inspireerivat ja harivat veebiseminari oma ala ekspertidega;<\/p>\n<p>\ud83c\udf31Iga kuu saad tasuta ligip\u00e4\u00e4su \u00fchele hariduse- ja \u00f5ppimiseteemalisele e-raamatule;<\/p>\n<p>\ud83c\udf31 Oled kursis haridusmaastiku uusimate suundade ja avastustega \u2013 mitte ainult pealtvaataja, vaid ka aktiivse kaasam\u00f5tlejana.<\/p>\n<p>\ud83c\udf31 Jagame Sinuga praktilisi, kasulikke ja p\u00f5nevaid \u00f5ppimist toetavaid materjale, mida saab kasutada nii kodus kui ka klassiruumis.<\/p>\n<p>\ud83c\udf31 Oled osa \u00fchiste huvide ja eesm\u00e4rkidega inimeste ja ekspertide kogukonnast ning Sul on v\u00f5imalus kohtuda nendega nii p\u00e4riselus kui veebis\u00fcndmustel. S\u00fcndmustest saad alati esimesena teada.<\/p>\n<p>\ud83c\udf31 Sind toetab targalt \u00f5ppimise facebooki-kogukond, kus jagada m\u00f5tteid ja ideid, saada enda k\u00fcsimustele vastuseid ning osaleda temaatilistes aruteludes.<\/p>\n<p>\ud83c\udf31 Sind ootavad soodustused mitmetele p\u00f5nevatele raamatutele, digitaalsele \u00f5ppematerjalidele ja s\u00fcndmuste piletitele.<\/p>\n<p>\ud83c\udf31 Jagame Sinuga toetavaid ja t\u00f5eliselt l\u00f5busaid nippe, kuidas kodus ja klassis iseenda ja lapse meelerahu ja r\u00f5\u00f5mu s\u00e4ilitada.<\/p>\n<\/div>\n<\/div>","protected":false},"excerpt":{"rendered":"<p>Veebikonverentsi k\u00f5ik ettekanded saavad olema j\u00e4relvaadatavad<br \/>\ntargalt \u00f5ppimise kogukonnas!<\/p>\n<p><strong>Targalt \u00f5ppimise kogukond on suunatud:<\/strong><\/p>\n<p>\ud83c\udfaf\u00a0<strong>\u00f5petajale<\/strong>, kes vajab inspiratsiooni ja metoodilist tuge erinevate \u00f5ppemeetodite, digilahenduste ja interaktiivsete materjalide n\u00e4ol ning hoogu professionaalsele arengule.<\/p>\n<p>\ud83c\udfaf\u00a0<strong>lapsevanemale<\/strong>, kes soovib oma last kasvamisel ja \u00f5ppimisel toetada ning avastada uusi vaatenurki ja lahendusi suhete, vaimse tervise ja muude aktuaalsete teemade osas nagu nutiseadmed, motivatsioon, \u00f5piraskused, riskik\u00e4itumine (e-sigaretid) jpm.<\/p>","protected":false},"featured_media":22198,"comment_status":"closed","ping_status":"closed","template":"","meta":{"_acf_changed":false,"content-type":"","advanced_seo_description":"","jetpack_seo_html_title":"","jetpack_seo_noindex":false},"product_brand":[],"product_cat":[42],"product_tag":[],"class_list":{"0":"post-6638","1":"product","2":"type-product","3":"status-publish","4":"has-post-thumbnail","6":"product_cat-kogukond","8":"first","9":"instock","10":"virtual","11":"sold-individually","12":"taxable","13":"purchasable","14":"product-type-subscription"},"acf":[],"jetpack_sharing_enabled":true,"_links":{"self":[{"href":"https:\/\/meaningfultalks.eu\/en\/wp-json\/wp\/v2\/product\/6638","targetHints":{"allow":["GET"]}}],"collection":[{"href":"https:\/\/meaningfultalks.eu\/en\/wp-json\/wp\/v2\/product"}],"about":[{"href":"https:\/\/meaningfultalks.eu\/en\/wp-json\/wp\/v2\/types\/product"}],"replies":[{"embeddable":true,"href":"https:\/\/meaningfultalks.eu\/en\/wp-json\/wp\/v2\/comments?post=6638"}],"wp:featuredmedia":[{"embeddable":true,"href":"https:\/\/meaningfultalks.eu\/en\/wp-json\/wp\/v2\/media\/22198"}],"wp:attachment":[{"href":"https:\/\/meaningfultalks.eu\/en\/wp-json\/wp\/v2\/media?parent=6638"}],"wp:term":[{"taxonomy":"product_brand","embeddable":true,"href":"https:\/\/meaningfultalks.eu\/en\/wp-json\/wp\/v2\/product_brand?post=6638"},{"taxonomy":"product_cat","embeddable":true,"href":"https:\/\/meaningfultalks.eu\/en\/wp-json\/wp\/v2\/product_cat?post=6638"},{"taxonomy":"product_tag","embeddable":true,"href":"https:\/\/meaningfultalks.eu\/en\/wp-json\/wp\/v2\/product_tag?post=6638"}],"curies":[{"name":"wp","href":"https:\/\/api.w.org\/{rel}","templated":true}]}}